{"id":1113,"date":"2020-03-24T10:37:03","date_gmt":"2020-03-24T09:37:03","guid":{"rendered":"https:\/\/www.anilloatlante.com\/?page_id=1113"},"modified":"2021-06-17T10:31:42","modified_gmt":"2021-06-17T08:31:42","slug":"sizes","status":"publish","type":"page","link":"https:\/\/www.anilloatlante.com\/en\/sizes\/","title":{"rendered":"Sizes"},"content":{"rendered":"\t\t<div data-elementor-type=\"wp-page\" data-elementor-id=\"1113\" class=\"elementor elementor-1113\" data-elementor-post-type=\"page\">\n\t\t\t\t\t\t<section class=\"elementor-section elementor-top-section elementor-element elementor-element-74e599c elementor-section-boxed elementor-section-height-default elementor-section-height-default\" data-id=\"74e599c\" data-element_type=\"section\" data-e-type=\"section\">\n\t\t\t\t\t\t<div class=\"elementor-container elementor-column-gap-default\">\n\t\t\t\t\t<div class=\"elementor-column elementor-col-100 elementor-top-column elementor-element elementor-element-4e93024\" data-id=\"4e93024\" data-element_type=\"column\" data-e-type=\"column\">\n\t\t\t<div class=\"elementor-widget-wrap elementor-element-populated\">\n\t\t\t\t\t\t<section class=\"elementor-section elementor-inner-section elementor-element elementor-element-639266b scroll elementor-section-boxed elementor-section-height-default elementor-section-height-default\" data-id=\"639266b\" data-element_type=\"section\" data-e-type=\"section\">\n\t\t\t\t\t\t<div class=\"elementor-container elementor-column-gap-default\">\n\t\t\t\t\t<div class=\"elementor-column elementor-col-100 elementor-inner-column elementor-element elementor-element-d9365db\" data-id=\"d9365db\" data-element_type=\"column\" data-e-type=\"column\">\n\t\t\t<div class=\"elementor-widget-wrap elementor-element-populated\">\n\t\t\t\t\t\t<div class=\"elementor-element elementor-element-ef0907a elementor-widget elementor-widget-heading\" data-id=\"ef0907a\" data-element_type=\"widget\" data-e-type=\"widget\" data-widget_type=\"heading.default\">\n\t\t\t\t<div class=\"elementor-widget-container\">\n\t\t\t\t\t<h1 class=\"elementor-heading-title elementor-size-large\">MEASURES ATLANTIS RING\u00ae<\/h1>\t\t\t\t<\/div>\n\t\t\t\t<\/div>\n\t\t\t\t<div class=\"elementor-element elementor-element-6a590d4 fondotexto elementor-widget elementor-widget-heading\" data-id=\"6a590d4\" data-element_type=\"widget\" data-e-type=\"widget\" data-widget_type=\"heading.default\">\n\t\t\t\t<div class=\"elementor-widget-container\">\n\t\t\t\t\t<h2 class=\"elementor-heading-title elementor-size-medium\">HOW TO KNOW YOUR SIZE ATLANTIS RING:<\/h2>\t\t\t\t<\/div>\n\t\t\t\t<\/div>\n\t\t\t\t<div class=\"elementor-element elementor-element-675742a fondotexto elementor-widget elementor-widget-heading\" data-id=\"675742a\" data-element_type=\"widget\" data-e-type=\"widget\" data-widget_type=\"heading.default\">\n\t\t\t\t<div class=\"elementor-widget-container\">\n\t\t\t\t\t<h6 class=\"elementor-heading-title elementor-size-medium\">How can I know my size?<\/h6>\t\t\t\t<\/div>\n\t\t\t\t<\/div>\n\t\t\t\t<div class=\"elementor-element elementor-element-87a6583 fondotexto elementor-widget elementor-widget-text-editor\" data-id=\"87a6583\" data-element_type=\"widget\" data-e-type=\"widget\" data-widget_type=\"text-editor.default\">\n\t\t\t\t<div class=\"elementor-widget-container\">\n\t\t\t\t\t\t\t\t\t<p class=\"Estilo1\" align=\"justify\"><strong>We have different possibilities:<\/strong><\/p><p class=\"Estilo1\" align=\"justify\"><strong><span class=\"Estilonaranja\" style=\"color: #800000;\">First: <\/span><\/strong>Going to a jewelry store.<\/p><p class=\"Estilo1\" align=\"justify\"><strong><span class=\"Estilonaranja\" style=\"color: #800000;\">Second: <\/span><\/strong>Using rings already have. You can use a ring that fits you well, and search the list the size that matches your ring. Download file, print it, and follow the instructions.<a href=\"https:\/\/www.anilloatlante.com\/wp-content\/uploads\/Medidas_Anillos.pdf\" target=\"_blank\" rel=\"noopener\"><img decoding=\"async\" class=\"alignnone\" title=\"descargar pdf medidas anillo\" src=\"https:\/\/www.anilloatlante.com\/wp-content\/uploads\/boton-pdf.png\" alt=\"descargar pdf medidas anillo\" width=\"104\" height=\"35\" border=\"0\" \/><\/a><\/p>\t\t\t\t\t\t\t\t<\/div>\n\t\t\t\t<\/div>\n\t\t\t\t<div class=\"elementor-element elementor-element-7155c64 fondotexto elementor-widget elementor-widget-image\" data-id=\"7155c64\" data-element_type=\"widget\" data-e-type=\"widget\" data-widget_type=\"image.default\">\n\t\t\t\t<div class=\"elementor-widget-container\">\n\t\t\t\t\t\t\t\t\t\t\t\t\t\t\t<img fetchpriority=\"high\" decoding=\"async\" width=\"251\" height=\"201\" src=\"https:\/\/www.anilloatlante.com\/en\/wp-content\/uploads\/sites\/3\/regla-medida.jpg\" class=\"attachment-large size-large wp-image-1125\" alt=\"regla medida\" \/>\t\t\t\t\t\t\t\t\t\t\t\t\t\t\t<\/div>\n\t\t\t\t<\/div>\n\t\t\t\t<div class=\"elementor-element elementor-element-7cbc22f fondotexto elementor-widget elementor-widget-text-editor\" data-id=\"7cbc22f\" data-element_type=\"widget\" data-e-type=\"widget\" data-widget_type=\"text-editor.default\">\n\t\t\t\t<div class=\"elementor-widget-container\">\n\t\t\t\t\t\t\t\t\t<p class=\"Estilo1\" align=\"justify\"><span class=\"Estilonaranja\" style=\"color: #800000;\">IMPORTANT: <\/span>The file will be displayed at 100% before printing the pdf (not to print the larger ring) You need Adobe Acrobat Reader to view.<\/p><p class=\"Estilo1\" align=\"justify\"><span class=\"Estilonaranja\"><strong><span style=\"color: #800000;\">Third:<\/span><\/strong>\u00a0<\/span>Measuring the diameter of the inside of the other ring in millimeters and have compared to the following table:<\/p>\t\t\t\t\t\t\t\t<\/div>\n\t\t\t\t<\/div>\n\t\t\t\t<div class=\"elementor-element elementor-element-9e1f542 fondotexto elementor-widget elementor-widget-image\" data-id=\"9e1f542\" data-element_type=\"widget\" data-e-type=\"widget\" data-widget_type=\"image.default\">\n\t\t\t\t<div class=\"elementor-widget-container\">\n\t\t\t\t\t\t\t\t\t\t\t\t\t\t\t<img decoding=\"async\" src=\"https:\/\/www.anilloatlante.com\/en\/wp-content\/uploads\/sites\/3\/TALLAS-ANILLOS.svg\" class=\"attachment-large size-large wp-image-2378\" alt=\"tallas anillo atlante\" \/>\t\t\t\t\t\t\t\t\t\t\t\t\t\t\t<\/div>\n\t\t\t\t<\/div>\n\t\t\t\t<div class=\"elementor-element elementor-element-338888e elementor-widget elementor-widget-global elementor-global-1148 elementor-widget-text-editor\" data-id=\"338888e\" data-element_type=\"widget\" data-e-type=\"widget\" data-widget_type=\"text-editor.default\">\n\t\t\t\t<div class=\"elementor-widget-container\">\n\t\t\t\t\t\t\t\t\t<h5 style=\"text-align: center;\"><span style=\"color: #94281a;\">AFRIC ART GANDIA<\/span><\/h5>\n<p style=\"text-align: center;\">Paseo mar\u00edtimo Neptuno, N\u00ba37 \u00b7 46730 \u00b7 Playa de Gand\u00eda (Valencia) Espa\u00f1a<\/p>\n<p style=\"text-align: center;\"><span style=\"color: #94281a;\">Tel\u00e9fono PEDIDOS AFRIC ART:&nbsp;<\/span><\/p><p style=\"text-align: center;\">(+34) 96 284 51 77<\/p><p style=\"text-align: center;\">962845177<br><\/p>\n<h5 style=\"text-align: center;\">AFRIC ART VALENCIA<\/h5>\n<p style=\"text-align: center;\">AVinguda de Mar\u00eda Cristina, N\u00ba4, Bajo, Val\u00e8ncia,(Valencia) Espa\u00f1a<\/p>\n<p style=\"text-align: center;\">Telf: (+34) 96 315 41 76<\/p><p style=\"text-align: center;\">962845177<br><\/p>\n<p style=\"text-align: center;\"><span style=\"color: #942d2d;\"><a style=\"color: #942d2d;\" href=\"mailto:anilloatlante@anilloatlante.com\"><span style=\"color: #94281a;\">anilloatlante@anilloatlante.com<\/span><\/a><\/span><\/p>\t\t\t\t\t\t\t\t<\/div>\n\t\t\t\t<\/div>\n\t\t\t\t\t<\/div>\n\t\t<\/div>\n\t\t\t\t\t<\/div>\n\t\t<\/section>\n\t\t\t\t\t<\/div>\n\t\t<\/div>\n\t\t\t\t\t<\/div>\n\t\t<\/section>\n\t\t\t\t<\/div>\n\t\t","protected":false},"excerpt":{"rendered":"<p>MEASURES ATLANTIS RING\u00ae HOW TO KNOW YOUR SIZE ATLANTIS RING: How can I know my size? We have different possibilities: First: Going to a jewelry [&hellip;]<\/p>\n","protected":false},"author":2208,"featured_media":0,"parent":0,"menu_order":0,"comment_status":"closed","ping_status":"closed","template":"","meta":{"site-sidebar-layout":"no-sidebar","site-content-layout":"page-builder","ast-site-content-layout":"default","site-content-style":"default","site-sidebar-style":"default","ast-global-header-display":"","ast-banner-title-visibility":"","ast-main-header-display":"","ast-hfb-above-header-display":"","ast-hfb-below-header-display":"","ast-hfb-mobile-header-display":"","site-post-title":"disabled","ast-breadcrumbs-content":"","ast-featured-img":"disabled","footer-sml-layout":"","ast-disable-related-posts":"","theme-transparent-header-meta":"default","adv-header-id-meta":"","stick-header-meta":"default","header-above-stick-meta":"","header-main-stick-meta":"","header-below-stick-meta":"","astra-migrate-meta-layouts":"default","ast-page-background-enabled":"default","ast-page-background-meta":{"desktop":{"background-color":"","background-image":"","background-repeat":"repeat","background-position":"center center","background-size":"auto","background-attachment":"scroll","background-type":"","background-media":"","overlay-type":"","overlay-color":"","overlay-opacity":"","overlay-gradient":""},"tablet":{"background-color":"","background-image":"","background-repeat":"repeat","background-position":"center center","background-size":"auto","background-attachment":"scroll","background-type":"","background-media":"","overlay-type":"","overlay-color":"","overlay-opacity":"","overlay-gradient":""},"mobile":{"background-color":"","background-image":"","background-repeat":"repeat","background-position":"center center","background-size":"auto","background-attachment":"scroll","background-type":"","background-media":"","overlay-type":"","overlay-color":"","overlay-opacity":"","overlay-gradient":""}},"ast-content-background-meta":{"desktop":{"background-color":"var(--ast-global-color-5)","background-image":"","background-repeat":"repeat","background-position":"center center","background-size":"auto","background-attachment":"scroll","background-type":"","background-media":"","overlay-type":"","overlay-color":"","overlay-opacity":"","overlay-gradient":""},"tablet":{"background-color":"var(--ast-global-color-5)","background-image":"","background-repeat":"repeat","background-position":"center center","background-size":"auto","background-attachment":"scroll","background-type":"","background-media":"","overlay-type":"","overlay-color":"","overlay-opacity":"","overlay-gradient":""},"mobile":{"background-color":"var(--ast-global-color-5)","background-image":"","background-repeat":"repeat","background-position":"center center","background-size":"auto","background-attachment":"scroll","background-type":"","background-media":"","overlay-type":"","overlay-color":"","overlay-opacity":"","overlay-gradient":""}},"editor_notices":[],"_joinchat":[],"footnotes":""},"class_list":["post-1113","page","type-page","status-publish","hentry"],"yoast_head":"<!-- This site is optimized with the Yoast SEO plugin v26.9 - https:\/\/yoast.com\/product\/yoast-seo-wordpress\/ -->\n<title>Tallas y Medidas - Anillo Atlante<\/title>\n<meta name=\"description\" content=\"C\u00f3mo saber las tallas y medidas del Anillo Atlante. Hay diferentes posibilidades. Tabla de tama\u00f1os descargable en pdf. Pru\u00e9batelo!\" \/>\n<meta name=\"robots\" content=\"noindex, follow\" \/>\n<meta property=\"og:locale\" content=\"en_US\" \/>\n<meta property=\"og:type\" content=\"article\" \/>\n<meta property=\"og:title\" content=\"Tallas y Medidas - Anillo Atlante\" \/>\n<meta property=\"og:description\" content=\"C\u00f3mo saber las tallas y medidas del Anillo Atlante. Hay diferentes posibilidades. Tabla de tama\u00f1os descargable en pdf. Pru\u00e9batelo!\" \/>\n<meta property=\"og:url\" content=\"https:\/\/www.anilloatlante.com\/en\/sizes\/\" \/>\n<meta property=\"og:site_name\" content=\"Anillo Atlante\" \/>\n<meta property=\"article:modified_time\" content=\"2021-06-17T08:31:42+00:00\" \/>\n<meta property=\"og:image\" content=\"https:\/\/www.anilloatlante.com\/wp-content\/uploads\/boton-pdf.png\" \/>\n<meta name=\"twitter:card\" content=\"summary_large_image\" \/>\n<meta name=\"twitter:label1\" content=\"Est. reading time\" \/>\n\t<meta name=\"twitter:data1\" content=\"2 minutes\" \/>\n<script type=\"application\/ld+json\" class=\"yoast-schema-graph\">{\"@context\":\"https:\/\/schema.org\",\"@graph\":[{\"@type\":\"WebPage\",\"@id\":\"https:\/\/www.anilloatlante.com\/en\/sizes\/\",\"url\":\"https:\/\/www.anilloatlante.com\/en\/sizes\/\",\"name\":\"Tallas y Medidas - Anillo Atlante\",\"isPartOf\":{\"@id\":\"https:\/\/www.anilloatlante.com\/en\/#website\"},\"primaryImageOfPage\":{\"@id\":\"https:\/\/www.anilloatlante.com\/en\/sizes\/#primaryimage\"},\"image\":{\"@id\":\"https:\/\/www.anilloatlante.com\/en\/sizes\/#primaryimage\"},\"thumbnailUrl\":\"https:\/\/www.anilloatlante.com\/wp-content\/uploads\/boton-pdf.png\",\"datePublished\":\"2020-03-24T09:37:03+00:00\",\"dateModified\":\"2021-06-17T08:31:42+00:00\",\"description\":\"C\u00f3mo saber las tallas y medidas del Anillo Atlante. Hay diferentes posibilidades. Tabla de tama\u00f1os descargable en pdf. Pru\u00e9batelo!\",\"breadcrumb\":{\"@id\":\"https:\/\/www.anilloatlante.com\/en\/sizes\/#breadcrumb\"},\"inLanguage\":\"en-US\",\"potentialAction\":[{\"@type\":\"ReadAction\",\"target\":[\"https:\/\/www.anilloatlante.com\/en\/sizes\/\"]}]},{\"@type\":\"ImageObject\",\"inLanguage\":\"en-US\",\"@id\":\"https:\/\/www.anilloatlante.com\/en\/sizes\/#primaryimage\",\"url\":\"https:\/\/www.anilloatlante.com\/wp-content\/uploads\/boton-pdf.png\",\"contentUrl\":\"https:\/\/www.anilloatlante.com\/wp-content\/uploads\/boton-pdf.png\"},{\"@type\":\"BreadcrumbList\",\"@id\":\"https:\/\/www.anilloatlante.com\/en\/sizes\/#breadcrumb\",\"itemListElement\":[{\"@type\":\"ListItem\",\"position\":1,\"name\":\"Portada\",\"item\":\"https:\/\/www.anilloatlante.com\/en\/\"},{\"@type\":\"ListItem\",\"position\":2,\"name\":\"Sizes\"}]},{\"@type\":\"WebSite\",\"@id\":\"https:\/\/www.anilloatlante.com\/en\/#website\",\"url\":\"https:\/\/www.anilloatlante.com\/en\/\",\"name\":\"Anillo Atlante\",\"description\":\"\",\"publisher\":{\"@id\":\"https:\/\/www.anilloatlante.com\/en\/#organization\"},\"potentialAction\":[{\"@type\":\"SearchAction\",\"target\":{\"@type\":\"EntryPoint\",\"urlTemplate\":\"https:\/\/www.anilloatlante.com\/en\/?s={search_term_string}\"},\"query-input\":{\"@type\":\"PropertyValueSpecification\",\"valueRequired\":true,\"valueName\":\"search_term_string\"}}],\"inLanguage\":\"en-US\"},{\"@type\":\"Organization\",\"@id\":\"https:\/\/www.anilloatlante.com\/en\/#organization\",\"name\":\"Anillo Atlante\",\"url\":\"https:\/\/www.anilloatlante.com\/en\/\",\"logo\":{\"@type\":\"ImageObject\",\"inLanguage\":\"en-US\",\"@id\":\"https:\/\/www.anilloatlante.com\/en\/#\/schema\/logo\/image\/\",\"url\":\"https:\/\/www.anilloatlante.com\/en\/wp-content\/uploads\/sites\/3\/logo-anillo-atlante-granate.svg\",\"contentUrl\":\"https:\/\/www.anilloatlante.com\/en\/wp-content\/uploads\/sites\/3\/logo-anillo-atlante-granate.svg\",\"caption\":\"Anillo Atlante\"},\"image\":{\"@id\":\"https:\/\/www.anilloatlante.com\/en\/#\/schema\/logo\/image\/\"}}]}<\/script>\n<!-- \/ Yoast SEO plugin. -->","yoast_head_json":{"title":"Tallas y Medidas - Anillo Atlante","description":"C\u00f3mo saber las tallas y medidas del Anillo Atlante. Hay diferentes posibilidades. Tabla de tama\u00f1os descargable en pdf. Pru\u00e9batelo!","robots":{"index":"noindex","follow":"follow"},"og_locale":"en_US","og_type":"article","og_title":"Tallas y Medidas - Anillo Atlante","og_description":"C\u00f3mo saber las tallas y medidas del Anillo Atlante. Hay diferentes posibilidades. Tabla de tama\u00f1os descargable en pdf. Pru\u00e9batelo!","og_url":"https:\/\/www.anilloatlante.com\/en\/sizes\/","og_site_name":"Anillo Atlante","article_modified_time":"2021-06-17T08:31:42+00:00","og_image":[{"url":"https:\/\/www.anilloatlante.com\/wp-content\/uploads\/boton-pdf.png","type":"","width":"","height":""}],"twitter_card":"summary_large_image","twitter_misc":{"Est. reading time":"2 minutes"},"schema":{"@context":"https:\/\/schema.org","@graph":[{"@type":"WebPage","@id":"https:\/\/www.anilloatlante.com\/en\/sizes\/","url":"https:\/\/www.anilloatlante.com\/en\/sizes\/","name":"Tallas y Medidas - Anillo Atlante","isPartOf":{"@id":"https:\/\/www.anilloatlante.com\/en\/#website"},"primaryImageOfPage":{"@id":"https:\/\/www.anilloatlante.com\/en\/sizes\/#primaryimage"},"image":{"@id":"https:\/\/www.anilloatlante.com\/en\/sizes\/#primaryimage"},"thumbnailUrl":"https:\/\/www.anilloatlante.com\/wp-content\/uploads\/boton-pdf.png","datePublished":"2020-03-24T09:37:03+00:00","dateModified":"2021-06-17T08:31:42+00:00","description":"C\u00f3mo saber las tallas y medidas del Anillo Atlante. Hay diferentes posibilidades. Tabla de tama\u00f1os descargable en pdf. Pru\u00e9batelo!","breadcrumb":{"@id":"https:\/\/www.anilloatlante.com\/en\/sizes\/#breadcrumb"},"inLanguage":"en-US","potentialAction":[{"@type":"ReadAction","target":["https:\/\/www.anilloatlante.com\/en\/sizes\/"]}]},{"@type":"ImageObject","inLanguage":"en-US","@id":"https:\/\/www.anilloatlante.com\/en\/sizes\/#primaryimage","url":"https:\/\/www.anilloatlante.com\/wp-content\/uploads\/boton-pdf.png","contentUrl":"https:\/\/www.anilloatlante.com\/wp-content\/uploads\/boton-pdf.png"},{"@type":"BreadcrumbList","@id":"https:\/\/www.anilloatlante.com\/en\/sizes\/#breadcrumb","itemListElement":[{"@type":"ListItem","position":1,"name":"Portada","item":"https:\/\/www.anilloatlante.com\/en\/"},{"@type":"ListItem","position":2,"name":"Sizes"}]},{"@type":"WebSite","@id":"https:\/\/www.anilloatlante.com\/en\/#website","url":"https:\/\/www.anilloatlante.com\/en\/","name":"Anillo Atlante","description":"","publisher":{"@id":"https:\/\/www.anilloatlante.com\/en\/#organization"},"potentialAction":[{"@type":"SearchAction","target":{"@type":"EntryPoint","urlTemplate":"https:\/\/www.anilloatlante.com\/en\/?s={search_term_string}"},"query-input":{"@type":"PropertyValueSpecification","valueRequired":true,"valueName":"search_term_string"}}],"inLanguage":"en-US"},{"@type":"Organization","@id":"https:\/\/www.anilloatlante.com\/en\/#organization","name":"Anillo Atlante","url":"https:\/\/www.anilloatlante.com\/en\/","logo":{"@type":"ImageObject","inLanguage":"en-US","@id":"https:\/\/www.anilloatlante.com\/en\/#\/schema\/logo\/image\/","url":"https:\/\/www.anilloatlante.com\/en\/wp-content\/uploads\/sites\/3\/logo-anillo-atlante-granate.svg","contentUrl":"https:\/\/www.anilloatlante.com\/en\/wp-content\/uploads\/sites\/3\/logo-anillo-atlante-granate.svg","caption":"Anillo Atlante"},"image":{"@id":"https:\/\/www.anilloatlante.com\/en\/#\/schema\/logo\/image\/"}}]}},"_links":{"self":[{"href":"https:\/\/www.anilloatlante.com\/en\/wp-json\/wp\/v2\/pages\/1113","targetHints":{"allow":["GET"]}}],"collection":[{"href":"https:\/\/www.anilloatlante.com\/en\/wp-json\/wp\/v2\/pages"}],"about":[{"href":"https:\/\/www.anilloatlante.com\/en\/wp-json\/wp\/v2\/types\/page"}],"author":[{"embeddable":true,"href":"https:\/\/www.anilloatlante.com\/en\/wp-json\/wp\/v2\/users\/2208"}],"replies":[{"embeddable":true,"href":"https:\/\/www.anilloatlante.com\/en\/wp-json\/wp\/v2\/comments?post=1113"}],"version-history":[{"count":36,"href":"https:\/\/www.anilloatlante.com\/en\/wp-json\/wp\/v2\/pages\/1113\/revisions"}],"predecessor-version":[{"id":5315,"href":"https:\/\/www.anilloatlante.com\/en\/wp-json\/wp\/v2\/pages\/1113\/revisions\/5315"}],"wp:attachment":[{"href":"https:\/\/www.anilloatlante.com\/en\/wp-json\/wp\/v2\/media?parent=1113"}],"curies":[{"name":"wp","href":"https:\/\/api.w.org\/{rel}","templated":true}]}}