{"id":1008,"date":"2020-03-23T20:45:26","date_gmt":"2020-03-23T19:45:26","guid":{"rendered":"https:\/\/www.anilloatlante.com\/producto\/colgante-selenita\/"},"modified":"2022-11-28T12:55:03","modified_gmt":"2022-11-28T11:55:03","slug":"colgante-selenita","status":"publish","type":"product","link":"https:\/\/www.anilloatlante.com\/en\/colgantes-minerales\/colgante-selenita\/","title":{"rendered":"Colgante Selenita"},"content":{"rendered":"<p><strong>La selenita<\/strong> es una variedad del mineral yeso en forma de cristales transparentes o de masas cristalinas. La denominaci\u00f3n no proviene de su contenido de selenio, del que apenas posee trazas, sino que se debe al tipo de reflexi\u00f3n, parecido a la luz lunar.<\/p>\n<p>F\u00f3rmula qu\u00edmica: CaSO4\u00b72H2O<br \/>\nDureza: 1,5-2<br \/>\nH\u00e1bito cristalino: Cristales transparentes<br \/>\nSistema cristalino: Monocl\u00ednico<br \/>\nTransparencia: Transparente<br \/>\nColor: Incoloro<br \/>\nDensidad: 2,3 g\/cm3<\/p>\n<p>Preciosa gema de selenita, con su <strong>fina vibraci\u00f3n de relajaci\u00f3n y serenidad<\/strong>, nos trasmite <strong>armon\u00eda y paz<\/strong> y nos llena de luz. <strong>La Selenita puede usarse para quitar o evitar que se adosen, entidades al aura<\/strong>. Nos otorga flexibilidad y fluidez en la vida y en el cuerpo, liber\u00e1ndonos de rigideces. Amplia la visi\u00f3n l\u00f3gico-racional, estabiliza las emociones y eleva la consciencia.<\/p>\n<p><img fetchpriority=\"high\" decoding=\"async\" class=\"alignnone size-full wp-image-1203\" src=\"https:\/\/www.anilloatlante.com\/wp-content\/uploads\/sites\/3\/SELENITA.jpg\" alt=\"\" width=\"940\" height=\"529\" srcset=\"https:\/\/www.anilloatlante.com\/en\/wp-content\/uploads\/sites\/3\/SELENITA.jpg 940w, https:\/\/www.anilloatlante.com\/en\/wp-content\/uploads\/sites\/3\/SELENITA-768x432.jpg 768w, https:\/\/www.anilloatlante.com\/en\/wp-content\/uploads\/sites\/3\/SELENITA-600x338.jpg 600w\" sizes=\"(max-width: 940px) 100vw, 940px\" \/><br \/>\n<strong>Foto de mina selenita. MEXICO.<br \/>\nNaica, la cueva con los cristales m\u00e1s grandes del mundo.<\/strong><\/p>\n<p><strong>Utilizaci\u00f3n:<\/strong> Es un mineral <strong>no se debe de mojar<\/strong>, ya que es un yeso y se puede <strong>deshacer<\/strong> , por lo que si deseamos limpiarla energ\u00e9ticamente lo mejor seria <strong>ahumandola con el humo del incienso durante unos 30 segundos<\/strong> y despu\u00e9s cargarla a la luna llena.<\/p>\n","protected":false},"excerpt":{"rendered":"<p>Precioso colgante Selenita que dar\u00e1 armon\u00eda a tu vida.<\/p>\n<p><strong>Medidas:<\/strong> 6&#215;1,5cm<br \/>\n<strong>Material:<\/strong> piedra natural selenita con ba\u00f1o electro-play de una micra plata<\/p>\n","protected":false},"featured_media":1009,"template":"","meta":{"site-sidebar-layout":"default","site-content-layout":"default","ast-site-content-layout":"default","site-content-style":"default","site-sidebar-style":"default","ast-global-header-display":"","ast-banner-title-visibility":"","ast-main-header-display":"","ast-hfb-above-header-display":"","ast-hfb-below-header-display":"","ast-hfb-mobile-header-display":"","site-post-title":"","ast-breadcrumbs-content":"","ast-featured-img":"","footer-sml-layout":"","ast-disable-related-posts":"","theme-transparent-header-meta":"default","adv-header-id-meta":"","stick-header-meta":"default","header-above-stick-meta":"","header-main-stick-meta":"","header-below-stick-meta":"","astra-migrate-meta-layouts":"default","ast-page-background-enabled":"default","ast-page-background-meta":{"desktop":{"background-color":"","background-image":"","background-repeat":"repeat","background-position":"center center","background-size":"auto","background-attachment":"scroll","background-type":"","background-media":"","overlay-type":"","overlay-color":"","overlay-opacity":"","overlay-gradient":""},"tablet":{"background-color":"","background-image":"","background-repeat":"repeat","background-position":"center center","background-size":"auto","background-attachment":"scroll","background-type":"","background-media":"","overlay-type":"","overlay-color":"","overlay-opacity":"","overlay-gradient":""},"mobile":{"background-color":"","background-image":"","background-repeat":"repeat","background-position":"center center","background-size":"auto","background-attachment":"scroll","background-type":"","background-media":"","overlay-type":"","overlay-color":"","overlay-opacity":"","overlay-gradient":""}},"ast-content-background-meta":{"desktop":{"background-color":"var(--ast-global-color-5)","background-image":"","background-repeat":"repeat","background-position":"center center","background-size":"auto","background-attachment":"scroll","background-type":"","background-media":"","overlay-type":"","overlay-color":"","overlay-opacity":"","overlay-gradient":""},"tablet":{"background-color":"var(--ast-global-color-5)","background-image":"","background-repeat":"repeat","background-position":"center center","background-size":"auto","background-attachment":"scroll","background-type":"","background-media":"","overlay-type":"","overlay-color":"","overlay-opacity":"","overlay-gradient":""},"mobile":{"background-color":"var(--ast-global-color-5)","background-image":"","background-repeat":"repeat","background-position":"center center","background-size":"auto","background-attachment":"scroll","background-type":"","background-media":"","overlay-type":"","overlay-color":"","overlay-opacity":"","overlay-gradient":""}},"editor_notices":[],"_joinchat":[]},"product_brand":[],"product_cat":[42],"product_tag":[],"class_list":{"0":"post-1008","1":"product","2":"type-product","3":"status-publish","4":"has-post-thumbnail","6":"product_cat-colgantes-minerales","7":"desktop-align-center","8":"tablet-align-center","9":"mobile-align-center","10":"ast-product-gallery-layout-horizontal","11":"ast-product-gallery-with-no-image","12":"ast-product-tabs-layout-horizontal","13":"ast-qv-on-image","15":"first","16":"instock","17":"taxable","18":"shipping-taxable","19":"purchasable","20":"product-type-simple"},"yoast_head":"<!-- This site is optimized with the Yoast SEO plugin v26.9 - https:\/\/yoast.com\/product\/yoast-seo-wordpress\/ -->\n<title>Colgante Selenita - Anillo Atlante<\/title>\n<meta name=\"robots\" content=\"index, follow, max-snippet:-1, max-image-preview:large, max-video-preview:-1\" \/>\n<link rel=\"canonical\" href=\"https:\/\/www.anilloatlante.com\/en\/colgantes-minerales\/colgante-selenita\/\" \/>\n<meta property=\"og:locale\" content=\"en_US\" \/>\n<meta property=\"og:type\" content=\"article\" \/>\n<meta property=\"og:title\" content=\"Colgante Selenita - Anillo Atlante\" \/>\n<meta property=\"og:description\" content=\"Precioso colgante Selenita que dar\u00e1 armon\u00eda a tu vida.  Medidas: 6x1,5cm Material: piedra natural selenita con ba\u00f1o electro-play de una micra plata\" \/>\n<meta property=\"og:url\" content=\"https:\/\/www.anilloatlante.com\/en\/colgantes-minerales\/colgante-selenita\/\" \/>\n<meta property=\"og:site_name\" content=\"Anillo Atlante\" \/>\n<meta property=\"article:modified_time\" content=\"2022-11-28T11:55:03+00:00\" \/>\n<meta property=\"og:image\" content=\"https:\/\/www.anilloatlante.com\/en\/wp-content\/uploads\/sites\/3\/colgante-selenita-mineral.jpg\" \/>\n\t<meta property=\"og:image:width\" content=\"517\" \/>\n\t<meta property=\"og:image:height\" content=\"484\" \/>\n\t<meta property=\"og:image:type\" content=\"image\/png\" \/>\n<meta name=\"twitter:card\" content=\"summary_large_image\" \/>\n<meta name=\"twitter:label1\" content=\"Est. reading time\" \/>\n\t<meta name=\"twitter:data1\" content=\"1 minute\" \/>\n<script type=\"application\/ld+json\" class=\"yoast-schema-graph\">{\"@context\":\"https:\/\/schema.org\",\"@graph\":[{\"@type\":\"WebPage\",\"@id\":\"https:\/\/www.anilloatlante.com\/en\/colgantes-minerales\/colgante-selenita\/\",\"url\":\"https:\/\/www.anilloatlante.com\/en\/colgantes-minerales\/colgante-selenita\/\",\"name\":\"Colgante Selenita - Anillo Atlante\",\"isPartOf\":{\"@id\":\"https:\/\/www.anilloatlante.com\/en\/#website\"},\"primaryImageOfPage\":{\"@id\":\"https:\/\/www.anilloatlante.com\/en\/colgantes-minerales\/colgante-selenita\/#primaryimage\"},\"image\":{\"@id\":\"https:\/\/www.anilloatlante.com\/en\/colgantes-minerales\/colgante-selenita\/#primaryimage\"},\"thumbnailUrl\":\"https:\/\/www.anilloatlante.com\/en\/wp-content\/uploads\/sites\/3\/colgante-selenita-mineral.jpg\",\"datePublished\":\"2020-03-23T19:45:26+00:00\",\"dateModified\":\"2022-11-28T11:55:03+00:00\",\"breadcrumb\":{\"@id\":\"https:\/\/www.anilloatlante.com\/en\/colgantes-minerales\/colgante-selenita\/#breadcrumb\"},\"inLanguage\":\"en-US\",\"potentialAction\":[{\"@type\":\"ReadAction\",\"target\":[\"https:\/\/www.anilloatlante.com\/en\/colgantes-minerales\/colgante-selenita\/\"]}]},{\"@type\":\"ImageObject\",\"inLanguage\":\"en-US\",\"@id\":\"https:\/\/www.anilloatlante.com\/en\/colgantes-minerales\/colgante-selenita\/#primaryimage\",\"url\":\"https:\/\/www.anilloatlante.com\/en\/wp-content\/uploads\/sites\/3\/colgante-selenita-mineral.jpg\",\"contentUrl\":\"https:\/\/www.anilloatlante.com\/en\/wp-content\/uploads\/sites\/3\/colgante-selenita-mineral.jpg\",\"width\":517,\"height\":484},{\"@type\":\"BreadcrumbList\",\"@id\":\"https:\/\/www.anilloatlante.com\/en\/colgantes-minerales\/colgante-selenita\/#breadcrumb\",\"itemListElement\":[{\"@type\":\"ListItem\",\"position\":1,\"name\":\"Portada\",\"item\":\"https:\/\/www.anilloatlante.com\/en\/\"},{\"@type\":\"ListItem\",\"position\":2,\"name\":\"Shop\",\"item\":\"https:\/\/www.anilloatlante.com\/en\/shop\/\"},{\"@type\":\"ListItem\",\"position\":3,\"name\":\"Colgante Selenita\"}]},{\"@type\":\"WebSite\",\"@id\":\"https:\/\/www.anilloatlante.com\/en\/#website\",\"url\":\"https:\/\/www.anilloatlante.com\/en\/\",\"name\":\"Anillo Atlante\",\"description\":\"\",\"publisher\":{\"@id\":\"https:\/\/www.anilloatlante.com\/en\/#organization\"},\"potentialAction\":[{\"@type\":\"SearchAction\",\"target\":{\"@type\":\"EntryPoint\",\"urlTemplate\":\"https:\/\/www.anilloatlante.com\/en\/?s={search_term_string}\"},\"query-input\":{\"@type\":\"PropertyValueSpecification\",\"valueRequired\":true,\"valueName\":\"search_term_string\"}}],\"inLanguage\":\"en-US\"},{\"@type\":\"Organization\",\"@id\":\"https:\/\/www.anilloatlante.com\/en\/#organization\",\"name\":\"Anillo Atlante\",\"url\":\"https:\/\/www.anilloatlante.com\/en\/\",\"logo\":{\"@type\":\"ImageObject\",\"inLanguage\":\"en-US\",\"@id\":\"https:\/\/www.anilloatlante.com\/en\/#\/schema\/logo\/image\/\",\"url\":\"https:\/\/www.anilloatlante.com\/en\/wp-content\/uploads\/sites\/3\/logo-anillo-atlante-granate.svg\",\"contentUrl\":\"https:\/\/www.anilloatlante.com\/en\/wp-content\/uploads\/sites\/3\/logo-anillo-atlante-granate.svg\",\"caption\":\"Anillo Atlante\"},\"image\":{\"@id\":\"https:\/\/www.anilloatlante.com\/en\/#\/schema\/logo\/image\/\"}}]}<\/script>\n<!-- \/ Yoast SEO plugin. -->","yoast_head_json":{"title":"Colgante Selenita - Anillo Atlante","robots":{"index":"index","follow":"follow","max-snippet":"max-snippet:-1","max-image-preview":"max-image-preview:large","max-video-preview":"max-video-preview:-1"},"canonical":"https:\/\/www.anilloatlante.com\/en\/colgantes-minerales\/colgante-selenita\/","og_locale":"en_US","og_type":"article","og_title":"Colgante Selenita - Anillo Atlante","og_description":"Precioso colgante Selenita que dar\u00e1 armon\u00eda a tu vida.  Medidas: 6x1,5cm Material: piedra natural selenita con ba\u00f1o electro-play de una micra plata","og_url":"https:\/\/www.anilloatlante.com\/en\/colgantes-minerales\/colgante-selenita\/","og_site_name":"Anillo Atlante","article_modified_time":"2022-11-28T11:55:03+00:00","og_image":[{"width":517,"height":484,"url":"https:\/\/www.anilloatlante.com\/en\/wp-content\/uploads\/sites\/3\/colgante-selenita-mineral.jpg","type":"image\/png"}],"twitter_card":"summary_large_image","twitter_misc":{"Est. reading time":"1 minute"},"schema":{"@context":"https:\/\/schema.org","@graph":[{"@type":"WebPage","@id":"https:\/\/www.anilloatlante.com\/en\/colgantes-minerales\/colgante-selenita\/","url":"https:\/\/www.anilloatlante.com\/en\/colgantes-minerales\/colgante-selenita\/","name":"Colgante Selenita - Anillo Atlante","isPartOf":{"@id":"https:\/\/www.anilloatlante.com\/en\/#website"},"primaryImageOfPage":{"@id":"https:\/\/www.anilloatlante.com\/en\/colgantes-minerales\/colgante-selenita\/#primaryimage"},"image":{"@id":"https:\/\/www.anilloatlante.com\/en\/colgantes-minerales\/colgante-selenita\/#primaryimage"},"thumbnailUrl":"https:\/\/www.anilloatlante.com\/en\/wp-content\/uploads\/sites\/3\/colgante-selenita-mineral.jpg","datePublished":"2020-03-23T19:45:26+00:00","dateModified":"2022-11-28T11:55:03+00:00","breadcrumb":{"@id":"https:\/\/www.anilloatlante.com\/en\/colgantes-minerales\/colgante-selenita\/#breadcrumb"},"inLanguage":"en-US","potentialAction":[{"@type":"ReadAction","target":["https:\/\/www.anilloatlante.com\/en\/colgantes-minerales\/colgante-selenita\/"]}]},{"@type":"ImageObject","inLanguage":"en-US","@id":"https:\/\/www.anilloatlante.com\/en\/colgantes-minerales\/colgante-selenita\/#primaryimage","url":"https:\/\/www.anilloatlante.com\/en\/wp-content\/uploads\/sites\/3\/colgante-selenita-mineral.jpg","contentUrl":"https:\/\/www.anilloatlante.com\/en\/wp-content\/uploads\/sites\/3\/colgante-selenita-mineral.jpg","width":517,"height":484},{"@type":"BreadcrumbList","@id":"https:\/\/www.anilloatlante.com\/en\/colgantes-minerales\/colgante-selenita\/#breadcrumb","itemListElement":[{"@type":"ListItem","position":1,"name":"Portada","item":"https:\/\/www.anilloatlante.com\/en\/"},{"@type":"ListItem","position":2,"name":"Shop","item":"https:\/\/www.anilloatlante.com\/en\/shop\/"},{"@type":"ListItem","position":3,"name":"Colgante Selenita"}]},{"@type":"WebSite","@id":"https:\/\/www.anilloatlante.com\/en\/#website","url":"https:\/\/www.anilloatlante.com\/en\/","name":"Anillo Atlante","description":"","publisher":{"@id":"https:\/\/www.anilloatlante.com\/en\/#organization"},"potentialAction":[{"@type":"SearchAction","target":{"@type":"EntryPoint","urlTemplate":"https:\/\/www.anilloatlante.com\/en\/?s={search_term_string}"},"query-input":{"@type":"PropertyValueSpecification","valueRequired":true,"valueName":"search_term_string"}}],"inLanguage":"en-US"},{"@type":"Organization","@id":"https:\/\/www.anilloatlante.com\/en\/#organization","name":"Anillo Atlante","url":"https:\/\/www.anilloatlante.com\/en\/","logo":{"@type":"ImageObject","inLanguage":"en-US","@id":"https:\/\/www.anilloatlante.com\/en\/#\/schema\/logo\/image\/","url":"https:\/\/www.anilloatlante.com\/en\/wp-content\/uploads\/sites\/3\/logo-anillo-atlante-granate.svg","contentUrl":"https:\/\/www.anilloatlante.com\/en\/wp-content\/uploads\/sites\/3\/logo-anillo-atlante-granate.svg","caption":"Anillo Atlante"},"image":{"@id":"https:\/\/www.anilloatlante.com\/en\/#\/schema\/logo\/image\/"}}]}},"_links":{"self":[{"href":"https:\/\/www.anilloatlante.com\/en\/wp-json\/wp\/v2\/product\/1008","targetHints":{"allow":["GET"]}}],"collection":[{"href":"https:\/\/www.anilloatlante.com\/en\/wp-json\/wp\/v2\/product"}],"about":[{"href":"https:\/\/www.anilloatlante.com\/en\/wp-json\/wp\/v2\/types\/product"}],"version-history":[{"count":2,"href":"https:\/\/www.anilloatlante.com\/en\/wp-json\/wp\/v2\/product\/1008\/revisions"}],"predecessor-version":[{"id":2462,"href":"https:\/\/www.anilloatlante.com\/en\/wp-json\/wp\/v2\/product\/1008\/revisions\/2462"}],"wp:featuredmedia":[{"embeddable":true,"href":"https:\/\/www.anilloatlante.com\/en\/wp-json\/wp\/v2\/media\/1009"}],"wp:attachment":[{"href":"https:\/\/www.anilloatlante.com\/en\/wp-json\/wp\/v2\/media?parent=1008"}],"wp:term":[{"taxonomy":"product_brand","embeddable":true,"href":"https:\/\/www.anilloatlante.com\/en\/wp-json\/wp\/v2\/product_brand?post=1008"},{"taxonomy":"product_cat","embeddable":true,"href":"https:\/\/www.anilloatlante.com\/en\/wp-json\/wp\/v2\/product_cat?post=1008"},{"taxonomy":"product_tag","embeddable":true,"href":"https:\/\/www.anilloatlante.com\/en\/wp-json\/wp\/v2\/product_tag?post=1008"}],"curies":[{"name":"wp","href":"https:\/\/api.w.org\/{rel}","templated":true}]}}