{"id":1012,"date":"2020-03-23T20:45:26","date_gmt":"2020-03-23T19:45:26","guid":{"rendered":"https:\/\/www.anilloatlante.com\/producto\/cilindros-armonizadores-shungit\/"},"modified":"2024-09-09T20:07:51","modified_gmt":"2024-09-09T18:07:51","slug":"cilindros-armonizadores-shungit","status":"publish","type":"product","link":"https:\/\/www.anilloatlante.com\/en\/shungit-proteccion-extrema\/cilindros-armonizadores-shungit\/","title":{"rendered":"Cilindros armonizadores shungit"},"content":{"rendered":"<p>Armonizadores shungit y esteatita \u00f3 tulikivi. sin Pulir.<br \/>\nComposici\u00f3n: 2 cilindros: shungita y jab\u00f3n en polvo \u00f3esteatita<\/p>\n<p><strong>Propiedades de los armonizadores:<\/strong><\/p>\n<ul>\n<li>Sirven para restaurar la fuerza del cuerpo, para armonizar el campo de energ\u00eda y para tratar a una persona.<\/li>\n<li>Para aliviar la fatiga, la tensi\u00f3n, la estimulaci\u00f3n gastrointestinal, la normalizaci\u00f3n de la presi\u00f3n y la actividad card\u00edaca.<\/li>\n<li>Para prevenir enfermedades, aumentar la resistencia del cuerpo, restaurar la vitalidad, mejorar el tono general.<\/li>\n<li>Personas que viven y trabajan en condiciones da\u00f1inas para el medio ambiente para compensar los efectos negativos en el cuerpo.<\/li>\n<li>Personas que trabajan en condiciones de mayor responsabilidad, experimentando situaciones estresantes y sobrecarga neurops\u00edquica, para aliviar la tensi\u00f3n y la fatiga.<\/li>\n<li>A personas que sufren de neurosis, trastornos de la circulaci\u00f3n cerebral y perif\u00e9rica, para mejorar la inmunidad como complemento a los m\u00e9todos tradicionales de tratamiento.<\/li>\n<\/ul>\n<p><strong>M\u00e9todo de uso:<\/strong><\/p>\n<p>El cilindro de shungite (negro) debe mantenerse en la mano izquierda, de la piedra de jab\u00f3n (tulikivi) (gris) &#8211; en la derecha.<\/p>\n<p>Si\u00e9ntate en una posici\u00f3n relajada sin cruzar las piernas. Durante la sesi\u00f3n, debe poner ambas manos con cilindros presionados en sus rodillas y mantenerlas paralelas entre s\u00ed. Para mejorar el efecto, se recomienda cerrar los ojos, distraer de todos los pensamientos, centr\u00e1ndose completamente en sus sentimientos.<\/p>\n<p>La duraci\u00f3n del procedimiento es individual. Deber\u00eda comenzar con 3-5 minutos, aumentando gradualmente la sesi\u00f3n a 10-15 minutos. El efecto de la &#8220;recarga&#8221; y la armonizaci\u00f3n persiste durante aproximadamente dos d\u00edas.<\/p>\n<p>Se recomienda usar los cilindros 2 veces al d\u00eda, por la ma\u00f1ana y por la noche, durante dos semanas con un descanso de un mes.<\/p>\n<p><strong>Contraindicaciones:<\/strong><\/p>\n<p>No se recomienda utilizar armonizadores para enfermedades mentales, enfermedades cardiovasculares agudas (infarto de miocardio, ataques de angina de pecho), accidentes cerebrovasculares, trastornos neuropsiqui\u00e1tricos, alto grado de hipertensi\u00f3n, alta temperatura corporal, mujeres embarazadas y ni\u00f1os menores de 12 a\u00f1os.<\/p>\n","protected":false},"excerpt":{"rendered":"<p>Armonizadores Shungit y Tulikivi sin pulir.<br \/>\nPara armonizar y equilibrar nuestrocuerpo.<\/p>\n<p>Medidas: 13x3cm diametro cada unos de los dos<br \/>\nMaterial: shungit y tulikivi sin pulir (Puede manchas la shungit, pero mojandola \u00f3 por eltiempo, ya no mancha).<\/p>\n<p>Se entrega un armonizador shungit m\u00e1s negra y otro de Tulikivi (Esteatita) m\u00e1s gris . Procedencia: Rusia (Carelia).<\/p>\n","protected":false},"featured_media":1013,"template":"","meta":{"site-sidebar-layout":"default","site-content-layout":"default","ast-site-content-layout":"default","site-content-style":"default","site-sidebar-style":"default","ast-global-header-display":"","ast-banner-title-visibility":"","ast-main-header-display":"","ast-hfb-above-header-display":"","ast-hfb-below-header-display":"","ast-hfb-mobile-header-display":"","site-post-title":"","ast-breadcrumbs-content":"","ast-featured-img":"","footer-sml-layout":"","ast-disable-related-posts":"","theme-transparent-header-meta":"default","adv-header-id-meta":"","stick-header-meta":"default","header-above-stick-meta":"","header-main-stick-meta":"","header-below-stick-meta":"","astra-migrate-meta-layouts":"default","ast-page-background-enabled":"default","ast-page-background-meta":{"desktop":{"background-color":"","background-image":"","background-repeat":"repeat","background-position":"center center","background-size":"auto","background-attachment":"scroll","background-type":"","background-media":"","overlay-type":"","overlay-color":"","overlay-opacity":"","overlay-gradient":""},"tablet":{"background-color":"","background-image":"","background-repeat":"repeat","background-position":"center center","background-size":"auto","background-attachment":"scroll","background-type":"","background-media":"","overlay-type":"","overlay-color":"","overlay-opacity":"","overlay-gradient":""},"mobile":{"background-color":"","background-image":"","background-repeat":"repeat","background-position":"center center","background-size":"auto","background-attachment":"scroll","background-type":"","background-media":"","overlay-type":"","overlay-color":"","overlay-opacity":"","overlay-gradient":""}},"ast-content-background-meta":{"desktop":{"background-color":"var(--ast-global-color-5)","background-image":"","background-repeat":"repeat","background-position":"center center","background-size":"auto","background-attachment":"scroll","background-type":"","background-media":"","overlay-type":"","overlay-color":"","overlay-opacity":"","overlay-gradient":""},"tablet":{"background-color":"var(--ast-global-color-5)","background-image":"","background-repeat":"repeat","background-position":"center center","background-size":"auto","background-attachment":"scroll","background-type":"","background-media":"","overlay-type":"","overlay-color":"","overlay-opacity":"","overlay-gradient":""},"mobile":{"background-color":"var(--ast-global-color-5)","background-image":"","background-repeat":"repeat","background-position":"center center","background-size":"auto","background-attachment":"scroll","background-type":"","background-media":"","overlay-type":"","overlay-color":"","overlay-opacity":"","overlay-gradient":""}},"editor_notices":[],"_joinchat":[]},"product_brand":[],"product_cat":[41],"product_tag":[],"class_list":{"0":"post-1012","1":"product","2":"type-product","3":"status-publish","4":"has-post-thumbnail","6":"product_cat-shungit-proteccion-extrema","7":"desktop-align-center","8":"tablet-align-center","9":"mobile-align-center","10":"ast-product-gallery-layout-horizontal","11":"ast-product-gallery-with-no-image","12":"ast-product-tabs-layout-horizontal","13":"ast-qv-on-image","15":"first","16":"instock","17":"taxable","18":"shipping-taxable","19":"purchasable","20":"product-type-simple"},"yoast_head":"<!-- This site is optimized with the Yoast SEO plugin v26.9 - https:\/\/yoast.com\/product\/yoast-seo-wordpress\/ -->\n<title>Cilindros armonizadores shungit - Anillo Atlante<\/title>\n<meta name=\"robots\" content=\"index, follow, max-snippet:-1, max-image-preview:large, max-video-preview:-1\" \/>\n<link rel=\"canonical\" href=\"https:\/\/www.anilloatlante.com\/en\/shungit-proteccion-extrema\/cilindros-armonizadores-shungit\/\" \/>\n<meta property=\"og:locale\" content=\"en_US\" \/>\n<meta property=\"og:type\" content=\"article\" \/>\n<meta property=\"og:title\" content=\"Cilindros armonizadores shungit - Anillo Atlante\" \/>\n<meta property=\"og:description\" content=\"Armonizadores Shungit y Tulikivi sin pulir. Para armonizar y equilibrar nuestrocuerpo.  Medidas: 13x3cm diametro cada unos de los dos Material: shungit y tulikivi sin pulir (Puede manchas la shungit, pero mojandola \u00f3 por eltiempo, ya no mancha).  Se entrega un armonizador shungit m\u00e1s negra y otro de Tulikivi (Esteatita) m\u00e1s gris . Procedencia: Rusia (Carelia).\" \/>\n<meta property=\"og:url\" content=\"https:\/\/www.anilloatlante.com\/en\/shungit-proteccion-extrema\/cilindros-armonizadores-shungit\/\" \/>\n<meta property=\"og:site_name\" content=\"Anillo Atlante\" \/>\n<meta property=\"article:modified_time\" content=\"2024-09-09T18:07:51+00:00\" \/>\n<meta property=\"og:image\" content=\"https:\/\/www.anilloatlante.com\/en\/wp-content\/uploads\/sites\/3\/cilindros-armonizadores-shungit.jpg\" \/>\n\t<meta property=\"og:image:width\" content=\"565\" \/>\n\t<meta property=\"og:image:height\" content=\"443\" \/>\n\t<meta property=\"og:image:type\" content=\"image\/png\" \/>\n<meta name=\"twitter:card\" content=\"summary_large_image\" \/>\n<meta name=\"twitter:label1\" content=\"Est. reading time\" \/>\n\t<meta name=\"twitter:data1\" content=\"2 minutes\" \/>\n<script type=\"application\/ld+json\" class=\"yoast-schema-graph\">{\"@context\":\"https:\/\/schema.org\",\"@graph\":[{\"@type\":\"WebPage\",\"@id\":\"https:\/\/www.anilloatlante.com\/en\/shungit-proteccion-extrema\/cilindros-armonizadores-shungit\/\",\"url\":\"https:\/\/www.anilloatlante.com\/en\/shungit-proteccion-extrema\/cilindros-armonizadores-shungit\/\",\"name\":\"Cilindros armonizadores shungit - Anillo Atlante\",\"isPartOf\":{\"@id\":\"https:\/\/www.anilloatlante.com\/en\/#website\"},\"primaryImageOfPage\":{\"@id\":\"https:\/\/www.anilloatlante.com\/en\/shungit-proteccion-extrema\/cilindros-armonizadores-shungit\/#primaryimage\"},\"image\":{\"@id\":\"https:\/\/www.anilloatlante.com\/en\/shungit-proteccion-extrema\/cilindros-armonizadores-shungit\/#primaryimage\"},\"thumbnailUrl\":\"https:\/\/www.anilloatlante.com\/en\/wp-content\/uploads\/sites\/3\/cilindros-armonizadores-shungit.jpg\",\"datePublished\":\"2020-03-23T19:45:26+00:00\",\"dateModified\":\"2024-09-09T18:07:51+00:00\",\"breadcrumb\":{\"@id\":\"https:\/\/www.anilloatlante.com\/en\/shungit-proteccion-extrema\/cilindros-armonizadores-shungit\/#breadcrumb\"},\"inLanguage\":\"en-US\",\"potentialAction\":[{\"@type\":\"ReadAction\",\"target\":[\"https:\/\/www.anilloatlante.com\/en\/shungit-proteccion-extrema\/cilindros-armonizadores-shungit\/\"]}]},{\"@type\":\"ImageObject\",\"inLanguage\":\"en-US\",\"@id\":\"https:\/\/www.anilloatlante.com\/en\/shungit-proteccion-extrema\/cilindros-armonizadores-shungit\/#primaryimage\",\"url\":\"https:\/\/www.anilloatlante.com\/en\/wp-content\/uploads\/sites\/3\/cilindros-armonizadores-shungit.jpg\",\"contentUrl\":\"https:\/\/www.anilloatlante.com\/en\/wp-content\/uploads\/sites\/3\/cilindros-armonizadores-shungit.jpg\",\"width\":565,\"height\":443},{\"@type\":\"BreadcrumbList\",\"@id\":\"https:\/\/www.anilloatlante.com\/en\/shungit-proteccion-extrema\/cilindros-armonizadores-shungit\/#breadcrumb\",\"itemListElement\":[{\"@type\":\"ListItem\",\"position\":1,\"name\":\"Portada\",\"item\":\"https:\/\/www.anilloatlante.com\/en\/\"},{\"@type\":\"ListItem\",\"position\":2,\"name\":\"Shop\",\"item\":\"https:\/\/www.anilloatlante.com\/en\/shop\/\"},{\"@type\":\"ListItem\",\"position\":3,\"name\":\"Cilindros armonizadores shungit\"}]},{\"@type\":\"WebSite\",\"@id\":\"https:\/\/www.anilloatlante.com\/en\/#website\",\"url\":\"https:\/\/www.anilloatlante.com\/en\/\",\"name\":\"Anillo Atlante\",\"description\":\"\",\"publisher\":{\"@id\":\"https:\/\/www.anilloatlante.com\/en\/#organization\"},\"potentialAction\":[{\"@type\":\"SearchAction\",\"target\":{\"@type\":\"EntryPoint\",\"urlTemplate\":\"https:\/\/www.anilloatlante.com\/en\/?s={search_term_string}\"},\"query-input\":{\"@type\":\"PropertyValueSpecification\",\"valueRequired\":true,\"valueName\":\"search_term_string\"}}],\"inLanguage\":\"en-US\"},{\"@type\":\"Organization\",\"@id\":\"https:\/\/www.anilloatlante.com\/en\/#organization\",\"name\":\"Anillo Atlante\",\"url\":\"https:\/\/www.anilloatlante.com\/en\/\",\"logo\":{\"@type\":\"ImageObject\",\"inLanguage\":\"en-US\",\"@id\":\"https:\/\/www.anilloatlante.com\/en\/#\/schema\/logo\/image\/\",\"url\":\"https:\/\/www.anilloatlante.com\/en\/wp-content\/uploads\/sites\/3\/logo-anillo-atlante-granate.svg\",\"contentUrl\":\"https:\/\/www.anilloatlante.com\/en\/wp-content\/uploads\/sites\/3\/logo-anillo-atlante-granate.svg\",\"caption\":\"Anillo Atlante\"},\"image\":{\"@id\":\"https:\/\/www.anilloatlante.com\/en\/#\/schema\/logo\/image\/\"}}]}<\/script>\n<!-- \/ Yoast SEO plugin. -->","yoast_head_json":{"title":"Cilindros armonizadores shungit - Anillo Atlante","robots":{"index":"index","follow":"follow","max-snippet":"max-snippet:-1","max-image-preview":"max-image-preview:large","max-video-preview":"max-video-preview:-1"},"canonical":"https:\/\/www.anilloatlante.com\/en\/shungit-proteccion-extrema\/cilindros-armonizadores-shungit\/","og_locale":"en_US","og_type":"article","og_title":"Cilindros armonizadores shungit - Anillo Atlante","og_description":"Armonizadores Shungit y Tulikivi sin pulir. Para armonizar y equilibrar nuestrocuerpo.  Medidas: 13x3cm diametro cada unos de los dos Material: shungit y tulikivi sin pulir (Puede manchas la shungit, pero mojandola \u00f3 por eltiempo, ya no mancha).  Se entrega un armonizador shungit m\u00e1s negra y otro de Tulikivi (Esteatita) m\u00e1s gris . Procedencia: Rusia (Carelia).","og_url":"https:\/\/www.anilloatlante.com\/en\/shungit-proteccion-extrema\/cilindros-armonizadores-shungit\/","og_site_name":"Anillo Atlante","article_modified_time":"2024-09-09T18:07:51+00:00","og_image":[{"width":565,"height":443,"url":"https:\/\/www.anilloatlante.com\/en\/wp-content\/uploads\/sites\/3\/cilindros-armonizadores-shungit.jpg","type":"image\/png"}],"twitter_card":"summary_large_image","twitter_misc":{"Est. reading time":"2 minutes"},"schema":{"@context":"https:\/\/schema.org","@graph":[{"@type":"WebPage","@id":"https:\/\/www.anilloatlante.com\/en\/shungit-proteccion-extrema\/cilindros-armonizadores-shungit\/","url":"https:\/\/www.anilloatlante.com\/en\/shungit-proteccion-extrema\/cilindros-armonizadores-shungit\/","name":"Cilindros armonizadores shungit - Anillo Atlante","isPartOf":{"@id":"https:\/\/www.anilloatlante.com\/en\/#website"},"primaryImageOfPage":{"@id":"https:\/\/www.anilloatlante.com\/en\/shungit-proteccion-extrema\/cilindros-armonizadores-shungit\/#primaryimage"},"image":{"@id":"https:\/\/www.anilloatlante.com\/en\/shungit-proteccion-extrema\/cilindros-armonizadores-shungit\/#primaryimage"},"thumbnailUrl":"https:\/\/www.anilloatlante.com\/en\/wp-content\/uploads\/sites\/3\/cilindros-armonizadores-shungit.jpg","datePublished":"2020-03-23T19:45:26+00:00","dateModified":"2024-09-09T18:07:51+00:00","breadcrumb":{"@id":"https:\/\/www.anilloatlante.com\/en\/shungit-proteccion-extrema\/cilindros-armonizadores-shungit\/#breadcrumb"},"inLanguage":"en-US","potentialAction":[{"@type":"ReadAction","target":["https:\/\/www.anilloatlante.com\/en\/shungit-proteccion-extrema\/cilindros-armonizadores-shungit\/"]}]},{"@type":"ImageObject","inLanguage":"en-US","@id":"https:\/\/www.anilloatlante.com\/en\/shungit-proteccion-extrema\/cilindros-armonizadores-shungit\/#primaryimage","url":"https:\/\/www.anilloatlante.com\/en\/wp-content\/uploads\/sites\/3\/cilindros-armonizadores-shungit.jpg","contentUrl":"https:\/\/www.anilloatlante.com\/en\/wp-content\/uploads\/sites\/3\/cilindros-armonizadores-shungit.jpg","width":565,"height":443},{"@type":"BreadcrumbList","@id":"https:\/\/www.anilloatlante.com\/en\/shungit-proteccion-extrema\/cilindros-armonizadores-shungit\/#breadcrumb","itemListElement":[{"@type":"ListItem","position":1,"name":"Portada","item":"https:\/\/www.anilloatlante.com\/en\/"},{"@type":"ListItem","position":2,"name":"Shop","item":"https:\/\/www.anilloatlante.com\/en\/shop\/"},{"@type":"ListItem","position":3,"name":"Cilindros armonizadores shungit"}]},{"@type":"WebSite","@id":"https:\/\/www.anilloatlante.com\/en\/#website","url":"https:\/\/www.anilloatlante.com\/en\/","name":"Anillo Atlante","description":"","publisher":{"@id":"https:\/\/www.anilloatlante.com\/en\/#organization"},"potentialAction":[{"@type":"SearchAction","target":{"@type":"EntryPoint","urlTemplate":"https:\/\/www.anilloatlante.com\/en\/?s={search_term_string}"},"query-input":{"@type":"PropertyValueSpecification","valueRequired":true,"valueName":"search_term_string"}}],"inLanguage":"en-US"},{"@type":"Organization","@id":"https:\/\/www.anilloatlante.com\/en\/#organization","name":"Anillo Atlante","url":"https:\/\/www.anilloatlante.com\/en\/","logo":{"@type":"ImageObject","inLanguage":"en-US","@id":"https:\/\/www.anilloatlante.com\/en\/#\/schema\/logo\/image\/","url":"https:\/\/www.anilloatlante.com\/en\/wp-content\/uploads\/sites\/3\/logo-anillo-atlante-granate.svg","contentUrl":"https:\/\/www.anilloatlante.com\/en\/wp-content\/uploads\/sites\/3\/logo-anillo-atlante-granate.svg","caption":"Anillo Atlante"},"image":{"@id":"https:\/\/www.anilloatlante.com\/en\/#\/schema\/logo\/image\/"}}]}},"_links":{"self":[{"href":"https:\/\/www.anilloatlante.com\/en\/wp-json\/wp\/v2\/product\/1012","targetHints":{"allow":["GET"]}}],"collection":[{"href":"https:\/\/www.anilloatlante.com\/en\/wp-json\/wp\/v2\/product"}],"about":[{"href":"https:\/\/www.anilloatlante.com\/en\/wp-json\/wp\/v2\/types\/product"}],"version-history":[{"count":3,"href":"https:\/\/www.anilloatlante.com\/en\/wp-json\/wp\/v2\/product\/1012\/revisions"}],"predecessor-version":[{"id":5273,"href":"https:\/\/www.anilloatlante.com\/en\/wp-json\/wp\/v2\/product\/1012\/revisions\/5273"}],"wp:featuredmedia":[{"embeddable":true,"href":"https:\/\/www.anilloatlante.com\/en\/wp-json\/wp\/v2\/media\/1013"}],"wp:attachment":[{"href":"https:\/\/www.anilloatlante.com\/en\/wp-json\/wp\/v2\/media?parent=1012"}],"wp:term":[{"taxonomy":"product_brand","embeddable":true,"href":"https:\/\/www.anilloatlante.com\/en\/wp-json\/wp\/v2\/product_brand?post=1012"},{"taxonomy":"product_cat","embeddable":true,"href":"https:\/\/www.anilloatlante.com\/en\/wp-json\/wp\/v2\/product_cat?post=1012"},{"taxonomy":"product_tag","embeddable":true,"href":"https:\/\/www.anilloatlante.com\/en\/wp-json\/wp\/v2\/product_tag?post=1012"}],"curies":[{"name":"wp","href":"https:\/\/api.w.org\/{rel}","templated":true}]}}