{"id":1022,"date":"2020-03-23T20:45:26","date_gmt":"2020-03-23T19:45:26","guid":{"rendered":"https:\/\/www.anilloatlante.com\/producto\/masajeador-shungit\/"},"modified":"2022-11-28T17:30:13","modified_gmt":"2022-11-28T16:30:13","slug":"masajeador-shungit","status":"publish","type":"product","link":"https:\/\/www.anilloatlante.com\/en\/shungit-proteccion-extrema\/masajeador-shungit\/","title":{"rendered":"Masajeador shungit"},"content":{"rendered":"<p>Especial para terapias, para masaje y como relajante, especialmente para reflexolog\u00eda.<\/p>\n<p>Presenta un extremo redondeado , para dar masajes por cuerpo y indicado para planta de pies y manos.<br \/>\nLa shungit, con apariencia de carb\u00f3n, se encuentra solamente en una zona concreta de Rusia llamada Karelia, y posee una gran cantidad de propiedades.<\/p>\n<p>Le llaman \u201c la piedra inteligente o el agujero negro \u201c por sus propiedades de atracci\u00f3n electromagn\u00e9tica. Esta piedra absorbe y elimina todo lo que resulta nocivo para la salud de las personas.<\/p>\n<p><strong>EXTREMA PROTECCI\u00d3N:<\/strong><\/p>\n<ul>\n<li>Alivia los dolores.<\/li>\n<li>&#8220;Recarga las bater\u00edas&#8221;.<\/li>\n<li>Limpia el aura<\/li>\n<li>Ataca la fatiga.<\/li>\n<li>Protege instant\u00e1neamente.<\/li>\n<li>Dinamiza y fertiliza la tierra.<\/li>\n<li>No irradia, realiza una tr\u00eda entre lo que est\u00e1 bien y lo que est\u00e1 menos bien, respetando a los seres vivos y a la naturaleza.<\/li>\n<li>Repara, en tiempo real, los problemas causados por energ\u00edas nocivas y bloquea definitivamente su acci\u00f3n.<\/li>\n<li>Disuelve la memoria de los lugares, los malos pensamientos.<\/li>\n<li>Con agua del grifo y una shungit puedes obtener f\u00e1cilmente un aut\u00e9ntico &#8220;elixir de vida&#8221;.<\/li>\n<\/ul>\n<p>(&#8220;texto libro shungit proteci\u00f3n extrema&#8221;)<\/p>\n<p>Tiene muchas ventajas sobre cualquier otra piedra para terapias, ya que otras piedras hay limpiarla y cargarla ,cada vez que realizamos un masaje \u00f3 lo aplicamos sobre un punto, y la shungit no &#8220;la shungit se auto-limpia y carga sola&#8221;, por su composici\u00f3n ,por eso le llaman el agujero cu\u00e1ntico \u00f3 la piedra inteligente ,adem\u00e1s nos protege del mal de ojo, es la piedra de la extrema protecci\u00f3n.<br \/>\nEl gran inter\u00e9s por este mineral viene dado por la existencia en su composici\u00f3n de los fullerenos, que son formas alotr\u00f3picas de carbono, y que est\u00e1n relacionados con ciertos tratamientos dolores.<\/p>\n<p><img decoding=\"async\" class=\"alignnone size-full wp-image-1538\" src=\"https:\/\/www.anilloatlante.com\/wp-content\/uploads\/sites\/3\/Personalizar-SELLO-DE-CAUCHO-30\u00d81-1_2.jpeg\" alt=\"\" width=\"197\" height=\"200\" \/><\/p>\n","protected":false},"excerpt":{"rendered":"<p>Masajeador de Shungit. Rusia. Carelia.<\/p>\n<p><strong>Medidas:<\/strong> 3x11cm<\/p>\n<p>Las dos caras son iguales.<\/p>\n","protected":false},"featured_media":1023,"template":"","meta":{"site-sidebar-layout":"default","site-content-layout":"default","ast-site-content-layout":"default","site-content-style":"default","site-sidebar-style":"default","ast-global-header-display":"","ast-banner-title-visibility":"","ast-main-header-display":"","ast-hfb-above-header-display":"","ast-hfb-below-header-display":"","ast-hfb-mobile-header-display":"","site-post-title":"","ast-breadcrumbs-content":"","ast-featured-img":"","footer-sml-layout":"","ast-disable-related-posts":"","theme-transparent-header-meta":"default","adv-header-id-meta":"","stick-header-meta":"default","header-above-stick-meta":"","header-main-stick-meta":"","header-below-stick-meta":"","astra-migrate-meta-layouts":"default","ast-page-background-enabled":"default","ast-page-background-meta":{"desktop":{"background-color":"","background-image":"","background-repeat":"repeat","background-position":"center center","background-size":"auto","background-attachment":"scroll","background-type":"","background-media":"","overlay-type":"","overlay-color":"","overlay-opacity":"","overlay-gradient":""},"tablet":{"background-color":"","background-image":"","background-repeat":"repeat","background-position":"center center","background-size":"auto","background-attachment":"scroll","background-type":"","background-media":"","overlay-type":"","overlay-color":"","overlay-opacity":"","overlay-gradient":""},"mobile":{"background-color":"","background-image":"","background-repeat":"repeat","background-position":"center center","background-size":"auto","background-attachment":"scroll","background-type":"","background-media":"","overlay-type":"","overlay-color":"","overlay-opacity":"","overlay-gradient":""}},"ast-content-background-meta":{"desktop":{"background-color":"var(--ast-global-color-5)","background-image":"","background-repeat":"repeat","background-position":"center center","background-size":"auto","background-attachment":"scroll","background-type":"","background-media":"","overlay-type":"","overlay-color":"","overlay-opacity":"","overlay-gradient":""},"tablet":{"background-color":"var(--ast-global-color-5)","background-image":"","background-repeat":"repeat","background-position":"center center","background-size":"auto","background-attachment":"scroll","background-type":"","background-media":"","overlay-type":"","overlay-color":"","overlay-opacity":"","overlay-gradient":""},"mobile":{"background-color":"var(--ast-global-color-5)","background-image":"","background-repeat":"repeat","background-position":"center center","background-size":"auto","background-attachment":"scroll","background-type":"","background-media":"","overlay-type":"","overlay-color":"","overlay-opacity":"","overlay-gradient":""}},"editor_notices":[],"_joinchat":[]},"product_brand":[],"product_cat":[41],"product_tag":[],"class_list":{"0":"post-1022","1":"product","2":"type-product","3":"status-publish","4":"has-post-thumbnail","6":"product_cat-shungit-proteccion-extrema","7":"desktop-align-center","8":"tablet-align-center","9":"mobile-align-center","10":"ast-product-gallery-layout-horizontal","11":"ast-product-gallery-with-no-image","12":"ast-product-tabs-layout-horizontal","13":"ast-qv-on-image","15":"first","16":"instock","17":"taxable","18":"shipping-taxable","19":"purchasable","20":"product-type-simple"},"yoast_head":"<!-- This site is optimized with the Yoast SEO plugin v26.9 - https:\/\/yoast.com\/product\/yoast-seo-wordpress\/ -->\n<title>Masajeador shungit - Anillo Atlante<\/title>\n<meta name=\"robots\" content=\"index, follow, max-snippet:-1, max-image-preview:large, max-video-preview:-1\" \/>\n<link rel=\"canonical\" href=\"https:\/\/www.anilloatlante.com\/en\/shungit-proteccion-extrema\/masajeador-shungit\/\" \/>\n<meta property=\"og:locale\" content=\"en_US\" \/>\n<meta property=\"og:type\" content=\"article\" \/>\n<meta property=\"og:title\" content=\"Masajeador shungit - Anillo Atlante\" \/>\n<meta property=\"og:description\" content=\"Masajeador de Shungit. Rusia. Carelia.  Medidas: 3x11cm  Las dos caras son iguales.\" \/>\n<meta property=\"og:url\" content=\"https:\/\/www.anilloatlante.com\/en\/shungit-proteccion-extrema\/masajeador-shungit\/\" \/>\n<meta property=\"og:site_name\" content=\"Anillo Atlante\" \/>\n<meta property=\"article:modified_time\" content=\"2022-11-28T16:30:13+00:00\" \/>\n<meta property=\"og:image\" content=\"https:\/\/www.anilloatlante.com\/en\/wp-content\/uploads\/sites\/3\/masajeador-shungit.jpg\" \/>\n\t<meta property=\"og:image:width\" content=\"591\" \/>\n\t<meta property=\"og:image:height\" content=\"423\" \/>\n\t<meta property=\"og:image:type\" content=\"image\/png\" \/>\n<meta name=\"twitter:card\" content=\"summary_large_image\" \/>\n<meta name=\"twitter:label1\" content=\"Est. reading time\" \/>\n\t<meta name=\"twitter:data1\" content=\"1 minute\" \/>\n<script type=\"application\/ld+json\" class=\"yoast-schema-graph\">{\"@context\":\"https:\/\/schema.org\",\"@graph\":[{\"@type\":\"WebPage\",\"@id\":\"https:\/\/www.anilloatlante.com\/en\/shungit-proteccion-extrema\/masajeador-shungit\/\",\"url\":\"https:\/\/www.anilloatlante.com\/en\/shungit-proteccion-extrema\/masajeador-shungit\/\",\"name\":\"Masajeador shungit - Anillo Atlante\",\"isPartOf\":{\"@id\":\"https:\/\/www.anilloatlante.com\/en\/#website\"},\"primaryImageOfPage\":{\"@id\":\"https:\/\/www.anilloatlante.com\/en\/shungit-proteccion-extrema\/masajeador-shungit\/#primaryimage\"},\"image\":{\"@id\":\"https:\/\/www.anilloatlante.com\/en\/shungit-proteccion-extrema\/masajeador-shungit\/#primaryimage\"},\"thumbnailUrl\":\"https:\/\/www.anilloatlante.com\/en\/wp-content\/uploads\/sites\/3\/masajeador-shungit.jpg\",\"datePublished\":\"2020-03-23T19:45:26+00:00\",\"dateModified\":\"2022-11-28T16:30:13+00:00\",\"breadcrumb\":{\"@id\":\"https:\/\/www.anilloatlante.com\/en\/shungit-proteccion-extrema\/masajeador-shungit\/#breadcrumb\"},\"inLanguage\":\"en-US\",\"potentialAction\":[{\"@type\":\"ReadAction\",\"target\":[\"https:\/\/www.anilloatlante.com\/en\/shungit-proteccion-extrema\/masajeador-shungit\/\"]}]},{\"@type\":\"ImageObject\",\"inLanguage\":\"en-US\",\"@id\":\"https:\/\/www.anilloatlante.com\/en\/shungit-proteccion-extrema\/masajeador-shungit\/#primaryimage\",\"url\":\"https:\/\/www.anilloatlante.com\/en\/wp-content\/uploads\/sites\/3\/masajeador-shungit.jpg\",\"contentUrl\":\"https:\/\/www.anilloatlante.com\/en\/wp-content\/uploads\/sites\/3\/masajeador-shungit.jpg\",\"width\":591,\"height\":423},{\"@type\":\"BreadcrumbList\",\"@id\":\"https:\/\/www.anilloatlante.com\/en\/shungit-proteccion-extrema\/masajeador-shungit\/#breadcrumb\",\"itemListElement\":[{\"@type\":\"ListItem\",\"position\":1,\"name\":\"Portada\",\"item\":\"https:\/\/www.anilloatlante.com\/en\/\"},{\"@type\":\"ListItem\",\"position\":2,\"name\":\"Shop\",\"item\":\"https:\/\/www.anilloatlante.com\/en\/shop\/\"},{\"@type\":\"ListItem\",\"position\":3,\"name\":\"Masajeador shungit\"}]},{\"@type\":\"WebSite\",\"@id\":\"https:\/\/www.anilloatlante.com\/en\/#website\",\"url\":\"https:\/\/www.anilloatlante.com\/en\/\",\"name\":\"Anillo Atlante\",\"description\":\"\",\"publisher\":{\"@id\":\"https:\/\/www.anilloatlante.com\/en\/#organization\"},\"potentialAction\":[{\"@type\":\"SearchAction\",\"target\":{\"@type\":\"EntryPoint\",\"urlTemplate\":\"https:\/\/www.anilloatlante.com\/en\/?s={search_term_string}\"},\"query-input\":{\"@type\":\"PropertyValueSpecification\",\"valueRequired\":true,\"valueName\":\"search_term_string\"}}],\"inLanguage\":\"en-US\"},{\"@type\":\"Organization\",\"@id\":\"https:\/\/www.anilloatlante.com\/en\/#organization\",\"name\":\"Anillo Atlante\",\"url\":\"https:\/\/www.anilloatlante.com\/en\/\",\"logo\":{\"@type\":\"ImageObject\",\"inLanguage\":\"en-US\",\"@id\":\"https:\/\/www.anilloatlante.com\/en\/#\/schema\/logo\/image\/\",\"url\":\"https:\/\/www.anilloatlante.com\/en\/wp-content\/uploads\/sites\/3\/logo-anillo-atlante-granate.svg\",\"contentUrl\":\"https:\/\/www.anilloatlante.com\/en\/wp-content\/uploads\/sites\/3\/logo-anillo-atlante-granate.svg\",\"caption\":\"Anillo Atlante\"},\"image\":{\"@id\":\"https:\/\/www.anilloatlante.com\/en\/#\/schema\/logo\/image\/\"}}]}<\/script>\n<!-- \/ Yoast SEO plugin. -->","yoast_head_json":{"title":"Masajeador shungit - Anillo Atlante","robots":{"index":"index","follow":"follow","max-snippet":"max-snippet:-1","max-image-preview":"max-image-preview:large","max-video-preview":"max-video-preview:-1"},"canonical":"https:\/\/www.anilloatlante.com\/en\/shungit-proteccion-extrema\/masajeador-shungit\/","og_locale":"en_US","og_type":"article","og_title":"Masajeador shungit - Anillo Atlante","og_description":"Masajeador de Shungit. Rusia. Carelia.  Medidas: 3x11cm  Las dos caras son iguales.","og_url":"https:\/\/www.anilloatlante.com\/en\/shungit-proteccion-extrema\/masajeador-shungit\/","og_site_name":"Anillo Atlante","article_modified_time":"2022-11-28T16:30:13+00:00","og_image":[{"width":591,"height":423,"url":"https:\/\/www.anilloatlante.com\/en\/wp-content\/uploads\/sites\/3\/masajeador-shungit.jpg","type":"image\/png"}],"twitter_card":"summary_large_image","twitter_misc":{"Est. reading time":"1 minute"},"schema":{"@context":"https:\/\/schema.org","@graph":[{"@type":"WebPage","@id":"https:\/\/www.anilloatlante.com\/en\/shungit-proteccion-extrema\/masajeador-shungit\/","url":"https:\/\/www.anilloatlante.com\/en\/shungit-proteccion-extrema\/masajeador-shungit\/","name":"Masajeador shungit - Anillo Atlante","isPartOf":{"@id":"https:\/\/www.anilloatlante.com\/en\/#website"},"primaryImageOfPage":{"@id":"https:\/\/www.anilloatlante.com\/en\/shungit-proteccion-extrema\/masajeador-shungit\/#primaryimage"},"image":{"@id":"https:\/\/www.anilloatlante.com\/en\/shungit-proteccion-extrema\/masajeador-shungit\/#primaryimage"},"thumbnailUrl":"https:\/\/www.anilloatlante.com\/en\/wp-content\/uploads\/sites\/3\/masajeador-shungit.jpg","datePublished":"2020-03-23T19:45:26+00:00","dateModified":"2022-11-28T16:30:13+00:00","breadcrumb":{"@id":"https:\/\/www.anilloatlante.com\/en\/shungit-proteccion-extrema\/masajeador-shungit\/#breadcrumb"},"inLanguage":"en-US","potentialAction":[{"@type":"ReadAction","target":["https:\/\/www.anilloatlante.com\/en\/shungit-proteccion-extrema\/masajeador-shungit\/"]}]},{"@type":"ImageObject","inLanguage":"en-US","@id":"https:\/\/www.anilloatlante.com\/en\/shungit-proteccion-extrema\/masajeador-shungit\/#primaryimage","url":"https:\/\/www.anilloatlante.com\/en\/wp-content\/uploads\/sites\/3\/masajeador-shungit.jpg","contentUrl":"https:\/\/www.anilloatlante.com\/en\/wp-content\/uploads\/sites\/3\/masajeador-shungit.jpg","width":591,"height":423},{"@type":"BreadcrumbList","@id":"https:\/\/www.anilloatlante.com\/en\/shungit-proteccion-extrema\/masajeador-shungit\/#breadcrumb","itemListElement":[{"@type":"ListItem","position":1,"name":"Portada","item":"https:\/\/www.anilloatlante.com\/en\/"},{"@type":"ListItem","position":2,"name":"Shop","item":"https:\/\/www.anilloatlante.com\/en\/shop\/"},{"@type":"ListItem","position":3,"name":"Masajeador shungit"}]},{"@type":"WebSite","@id":"https:\/\/www.anilloatlante.com\/en\/#website","url":"https:\/\/www.anilloatlante.com\/en\/","name":"Anillo Atlante","description":"","publisher":{"@id":"https:\/\/www.anilloatlante.com\/en\/#organization"},"potentialAction":[{"@type":"SearchAction","target":{"@type":"EntryPoint","urlTemplate":"https:\/\/www.anilloatlante.com\/en\/?s={search_term_string}"},"query-input":{"@type":"PropertyValueSpecification","valueRequired":true,"valueName":"search_term_string"}}],"inLanguage":"en-US"},{"@type":"Organization","@id":"https:\/\/www.anilloatlante.com\/en\/#organization","name":"Anillo Atlante","url":"https:\/\/www.anilloatlante.com\/en\/","logo":{"@type":"ImageObject","inLanguage":"en-US","@id":"https:\/\/www.anilloatlante.com\/en\/#\/schema\/logo\/image\/","url":"https:\/\/www.anilloatlante.com\/en\/wp-content\/uploads\/sites\/3\/logo-anillo-atlante-granate.svg","contentUrl":"https:\/\/www.anilloatlante.com\/en\/wp-content\/uploads\/sites\/3\/logo-anillo-atlante-granate.svg","caption":"Anillo Atlante"},"image":{"@id":"https:\/\/www.anilloatlante.com\/en\/#\/schema\/logo\/image\/"}}]}},"_links":{"self":[{"href":"https:\/\/www.anilloatlante.com\/en\/wp-json\/wp\/v2\/product\/1022","targetHints":{"allow":["GET"]}}],"collection":[{"href":"https:\/\/www.anilloatlante.com\/en\/wp-json\/wp\/v2\/product"}],"about":[{"href":"https:\/\/www.anilloatlante.com\/en\/wp-json\/wp\/v2\/types\/product"}],"version-history":[{"count":2,"href":"https:\/\/www.anilloatlante.com\/en\/wp-json\/wp\/v2\/product\/1022\/revisions"}],"predecessor-version":[{"id":2475,"href":"https:\/\/www.anilloatlante.com\/en\/wp-json\/wp\/v2\/product\/1022\/revisions\/2475"}],"wp:featuredmedia":[{"embeddable":true,"href":"https:\/\/www.anilloatlante.com\/en\/wp-json\/wp\/v2\/media\/1023"}],"wp:attachment":[{"href":"https:\/\/www.anilloatlante.com\/en\/wp-json\/wp\/v2\/media?parent=1022"}],"wp:term":[{"taxonomy":"product_brand","embeddable":true,"href":"https:\/\/www.anilloatlante.com\/en\/wp-json\/wp\/v2\/product_brand?post=1022"},{"taxonomy":"product_cat","embeddable":true,"href":"https:\/\/www.anilloatlante.com\/en\/wp-json\/wp\/v2\/product_cat?post=1022"},{"taxonomy":"product_tag","embeddable":true,"href":"https:\/\/www.anilloatlante.com\/en\/wp-json\/wp\/v2\/product_tag?post=1022"}],"curies":[{"name":"wp","href":"https:\/\/api.w.org\/{rel}","templated":true}]}}