{"id":1024,"date":"2020-03-23T20:45:26","date_gmt":"2020-03-23T19:45:26","guid":{"rendered":"https:\/\/www.anilloatlante.com\/producto\/colgante-protector-atlante-2\/"},"modified":"2025-12-05T12:35:53","modified_gmt":"2025-12-05T11:35:53","slug":"colgante-protector-atlante-2","status":"publish","type":"product","link":"https:\/\/www.anilloatlante.com\/en\/shungit-proteccion-extrema\/colgante-protector-atlante-2\/","title":{"rendered":"Colgante Protector ATLANTE"},"content":{"rendered":"<p>En un Universo basado en frecuencias y vibraciones. \u00bfCrees que est\u00e1s libre de interferencias nocivas, trabajos de magia, males de ojo, envidias, intenciones y energ\u00edas negativas etc&#8230;<\/p>\n<p>Pese a que todo lo anterior pueda estar ocurriendo en tu vida <strong>\u00a1eres una persona con suerte!<\/strong><\/p>\n<p>Tienes al alcance un protector de GEOMETRIA SAGRADA ATLANTE<\/p>\n<p>Tenemos los conocimientos y herramientas para solucionar esto.<\/p>\n<p>Un <strong>colgante personal<\/strong> que re\u00fane tres <strong>Simbolog\u00edas Atlantes<\/strong>, creando una esfera energ\u00e9tica de protecci\u00f3n al 90%, que trabaja a nivel f\u00edsico, mental y astral, neutralizando todo lo que sin duda puede estar interfiriendo en tu vida, tus anhelos, tus proyectos\u2026<\/p>\n<ul>\n<li>Equilibra y da estabilidad a tu vida.<\/li>\n<li>Te protege para que NO te entren energ\u00edas negativas, trabajos de magia, etc.<\/li>\n<li>Rompe estructuras.<\/li>\n<li>Produce cambios internos.<\/li>\n<li>Da fuerza.<\/li>\n<li>Aumenta la telepat\u00eda.<\/li>\n<li>Resuelve problemas de familia.<\/li>\n<li>Trabaja junto con el 2\u00ba y 3\u00ba Chacra.<\/li>\n<li>Ayuda a superar conflictos.<\/li>\n<li>Protege de se\u00f1ales movil, wifi, tv, ordenador, etc.<\/li>\n<\/ul>\n<p>Grabado en Metracrilato en varios colores naranja, negro y trasparente se entrega con una cord\u00f3n que aparece foto.<\/p>\n<p><strong>!A que esperas!<\/strong><\/p>\n","protected":false},"excerpt":{"rendered":"<p>Estrella de 9 puntas con tres simbolog\u00edas Atlantes, creadora de una esfera energ\u00e9tica de protecci\u00f3n que trabaja a nivel f\u00edsico, mental y astral, neutralizando todo lo que puede estar interferiendo en tu vida. Colgante Protector Atlante En un Universo basado en frecuencias y vibraciones. \u00bfCrees que est\u00e1s libre de interferencias nocivas, trabajos de magia, males de ojo, envidias, intenciones y energ\u00edas negativas, etc\u2026? Te protege para que NO te entren energ\u00edas negativas, trabajos de magia, robos energ\u00e9ticos, etc.<\/p>\n<p><strong>Material:<\/strong> metraquilato, este material no absorbe energ\u00edas negativas, por lo que no hay que estar limpi\u00e1ndolo.<br \/>\n<strong>Medidas:<\/strong> 5cm diametro<br \/>\n<strong>Colores:<\/strong> blanco, verde, azul, negro, rosa, ahumado, naranja (Todos son un poco trasparentes)<\/p>\n","protected":false},"featured_media":1596,"template":"","meta":{"site-sidebar-layout":"default","site-content-layout":"default","ast-site-content-layout":"default","site-content-style":"default","site-sidebar-style":"default","ast-global-header-display":"","ast-banner-title-visibility":"","ast-main-header-display":"","ast-hfb-above-header-display":"","ast-hfb-below-header-display":"","ast-hfb-mobile-header-display":"","site-post-title":"","ast-breadcrumbs-content":"","ast-featured-img":"","footer-sml-layout":"","ast-disable-related-posts":"","theme-transparent-header-meta":"default","adv-header-id-meta":"","stick-header-meta":"default","header-above-stick-meta":"","header-main-stick-meta":"","header-below-stick-meta":"","astra-migrate-meta-layouts":"default","ast-page-background-enabled":"default","ast-page-background-meta":{"desktop":{"background-color":"","background-image":"","background-repeat":"repeat","background-position":"center center","background-size":"auto","background-attachment":"scroll","background-type":"","background-media":"","overlay-type":"","overlay-color":"","overlay-opacity":"","overlay-gradient":""},"tablet":{"background-color":"","background-image":"","background-repeat":"repeat","background-position":"center center","background-size":"auto","background-attachment":"scroll","background-type":"","background-media":"","overlay-type":"","overlay-color":"","overlay-opacity":"","overlay-gradient":""},"mobile":{"background-color":"","background-image":"","background-repeat":"repeat","background-position":"center center","background-size":"auto","background-attachment":"scroll","background-type":"","background-media":"","overlay-type":"","overlay-color":"","overlay-opacity":"","overlay-gradient":""}},"ast-content-background-meta":{"desktop":{"background-color":"var(--ast-global-color-5)","background-image":"","background-repeat":"repeat","background-position":"center center","background-size":"auto","background-attachment":"scroll","background-type":"","background-media":"","overlay-type":"","overlay-color":"","overlay-opacity":"","overlay-gradient":""},"tablet":{"background-color":"var(--ast-global-color-5)","background-image":"","background-repeat":"repeat","background-position":"center center","background-size":"auto","background-attachment":"scroll","background-type":"","background-media":"","overlay-type":"","overlay-color":"","overlay-opacity":"","overlay-gradient":""},"mobile":{"background-color":"var(--ast-global-color-5)","background-image":"","background-repeat":"repeat","background-position":"center center","background-size":"auto","background-attachment":"scroll","background-type":"","background-media":"","overlay-type":"","overlay-color":"","overlay-opacity":"","overlay-gradient":""}},"editor_notices":[],"_joinchat":[]},"product_brand":[],"product_cat":[41],"product_tag":[],"class_list":{"0":"post-1024","1":"product","2":"type-product","3":"status-publish","4":"has-post-thumbnail","6":"product_cat-shungit-proteccion-extrema","7":"desktop-align-center","8":"tablet-align-center","9":"mobile-align-center","10":"ast-product-gallery-layout-horizontal","11":"ast-product-gallery-with-no-image","12":"ast-product-tabs-layout-horizontal","13":"ast-qv-on-image","15":"first","16":"instock","17":"taxable","18":"shipping-taxable","19":"purchasable","20":"product-type-simple"},"yoast_head":"<!-- This site is optimized with the Yoast SEO plugin v26.9 - https:\/\/yoast.com\/product\/yoast-seo-wordpress\/ -->\n<title>Colgante Protector ATLANTE - Anillo Atlante<\/title>\n<meta name=\"robots\" content=\"index, follow, max-snippet:-1, max-image-preview:large, max-video-preview:-1\" \/>\n<link rel=\"canonical\" href=\"https:\/\/www.anilloatlante.com\/en\/shungit-proteccion-extrema\/colgante-protector-atlante-2\/\" \/>\n<meta property=\"og:locale\" content=\"en_US\" \/>\n<meta property=\"og:type\" content=\"article\" \/>\n<meta property=\"og:title\" content=\"Colgante Protector ATLANTE - Anillo Atlante\" \/>\n<meta property=\"og:description\" content=\"Estrella de 9 puntas con tres simbolog\u00edas Atlantes, creadora de una esfera energ\u00e9tica de protecci\u00f3n que trabaja a nivel f\u00edsico, mental y astral, neutralizando todo lo que puede estar interferiendo en tu vida. Colgante Protector Atlante En un Universo basado en frecuencias y vibraciones. \u00bfCrees que est\u00e1s libre de interferencias nocivas, trabajos de magia, males de ojo, envidias, intenciones y energ\u00edas negativas, etc\u2026? Te protege para que NO te entren energ\u00edas negativas, trabajos de magia, robos energ\u00e9ticos, etc.  Material: metraquilato, este material no absorbe energ\u00edas negativas, por lo que no hay que estar limpi\u00e1ndolo. Medidas: 5cm diametro Colores: blanco, verde, azul, negro, rosa, ahumado, naranja (Todos son un poco trasparentes)\" \/>\n<meta property=\"og:url\" content=\"https:\/\/www.anilloatlante.com\/en\/shungit-proteccion-extrema\/colgante-protector-atlante-2\/\" \/>\n<meta property=\"og:site_name\" content=\"Anillo Atlante\" \/>\n<meta property=\"article:modified_time\" content=\"2025-12-05T11:35:53+00:00\" \/>\n<meta property=\"og:image\" content=\"https:\/\/www.anilloatlante.com\/en\/wp-content\/uploads\/sites\/3\/colgante-protector-atlante.png\" \/>\n\t<meta property=\"og:image:width\" content=\"400\" \/>\n\t<meta property=\"og:image:height\" content=\"314\" \/>\n\t<meta property=\"og:image:type\" content=\"image\/png\" \/>\n<meta name=\"twitter:card\" content=\"summary_large_image\" \/>\n<meta name=\"twitter:label1\" content=\"Est. reading time\" \/>\n\t<meta name=\"twitter:data1\" content=\"1 minute\" \/>\n<script type=\"application\/ld+json\" class=\"yoast-schema-graph\">{\"@context\":\"https:\/\/schema.org\",\"@graph\":[{\"@type\":\"WebPage\",\"@id\":\"https:\/\/www.anilloatlante.com\/en\/shungit-proteccion-extrema\/colgante-protector-atlante-2\/\",\"url\":\"https:\/\/www.anilloatlante.com\/en\/shungit-proteccion-extrema\/colgante-protector-atlante-2\/\",\"name\":\"Colgante Protector ATLANTE - Anillo Atlante\",\"isPartOf\":{\"@id\":\"https:\/\/www.anilloatlante.com\/en\/#website\"},\"primaryImageOfPage\":{\"@id\":\"https:\/\/www.anilloatlante.com\/en\/shungit-proteccion-extrema\/colgante-protector-atlante-2\/#primaryimage\"},\"image\":{\"@id\":\"https:\/\/www.anilloatlante.com\/en\/shungit-proteccion-extrema\/colgante-protector-atlante-2\/#primaryimage\"},\"thumbnailUrl\":\"https:\/\/www.anilloatlante.com\/en\/wp-content\/uploads\/sites\/3\/colgante-protector-atlante.png\",\"datePublished\":\"2020-03-23T19:45:26+00:00\",\"dateModified\":\"2025-12-05T11:35:53+00:00\",\"breadcrumb\":{\"@id\":\"https:\/\/www.anilloatlante.com\/en\/shungit-proteccion-extrema\/colgante-protector-atlante-2\/#breadcrumb\"},\"inLanguage\":\"en-US\",\"potentialAction\":[{\"@type\":\"ReadAction\",\"target\":[\"https:\/\/www.anilloatlante.com\/en\/shungit-proteccion-extrema\/colgante-protector-atlante-2\/\"]}]},{\"@type\":\"ImageObject\",\"inLanguage\":\"en-US\",\"@id\":\"https:\/\/www.anilloatlante.com\/en\/shungit-proteccion-extrema\/colgante-protector-atlante-2\/#primaryimage\",\"url\":\"https:\/\/www.anilloatlante.com\/en\/wp-content\/uploads\/sites\/3\/colgante-protector-atlante.png\",\"contentUrl\":\"https:\/\/www.anilloatlante.com\/en\/wp-content\/uploads\/sites\/3\/colgante-protector-atlante.png\",\"width\":400,\"height\":314},{\"@type\":\"BreadcrumbList\",\"@id\":\"https:\/\/www.anilloatlante.com\/en\/shungit-proteccion-extrema\/colgante-protector-atlante-2\/#breadcrumb\",\"itemListElement\":[{\"@type\":\"ListItem\",\"position\":1,\"name\":\"Portada\",\"item\":\"https:\/\/www.anilloatlante.com\/en\/\"},{\"@type\":\"ListItem\",\"position\":2,\"name\":\"Shop\",\"item\":\"https:\/\/www.anilloatlante.com\/en\/shop\/\"},{\"@type\":\"ListItem\",\"position\":3,\"name\":\"Colgante Protector ATLANTE\"}]},{\"@type\":\"WebSite\",\"@id\":\"https:\/\/www.anilloatlante.com\/en\/#website\",\"url\":\"https:\/\/www.anilloatlante.com\/en\/\",\"name\":\"Anillo Atlante\",\"description\":\"\",\"publisher\":{\"@id\":\"https:\/\/www.anilloatlante.com\/en\/#organization\"},\"potentialAction\":[{\"@type\":\"SearchAction\",\"target\":{\"@type\":\"EntryPoint\",\"urlTemplate\":\"https:\/\/www.anilloatlante.com\/en\/?s={search_term_string}\"},\"query-input\":{\"@type\":\"PropertyValueSpecification\",\"valueRequired\":true,\"valueName\":\"search_term_string\"}}],\"inLanguage\":\"en-US\"},{\"@type\":\"Organization\",\"@id\":\"https:\/\/www.anilloatlante.com\/en\/#organization\",\"name\":\"Anillo Atlante\",\"url\":\"https:\/\/www.anilloatlante.com\/en\/\",\"logo\":{\"@type\":\"ImageObject\",\"inLanguage\":\"en-US\",\"@id\":\"https:\/\/www.anilloatlante.com\/en\/#\/schema\/logo\/image\/\",\"url\":\"https:\/\/www.anilloatlante.com\/en\/wp-content\/uploads\/sites\/3\/logo-anillo-atlante-granate.svg\",\"contentUrl\":\"https:\/\/www.anilloatlante.com\/en\/wp-content\/uploads\/sites\/3\/logo-anillo-atlante-granate.svg\",\"caption\":\"Anillo Atlante\"},\"image\":{\"@id\":\"https:\/\/www.anilloatlante.com\/en\/#\/schema\/logo\/image\/\"}}]}<\/script>\n<!-- \/ Yoast SEO plugin. -->","yoast_head_json":{"title":"Colgante Protector ATLANTE - Anillo Atlante","robots":{"index":"index","follow":"follow","max-snippet":"max-snippet:-1","max-image-preview":"max-image-preview:large","max-video-preview":"max-video-preview:-1"},"canonical":"https:\/\/www.anilloatlante.com\/en\/shungit-proteccion-extrema\/colgante-protector-atlante-2\/","og_locale":"en_US","og_type":"article","og_title":"Colgante Protector ATLANTE - Anillo Atlante","og_description":"Estrella de 9 puntas con tres simbolog\u00edas Atlantes, creadora de una esfera energ\u00e9tica de protecci\u00f3n que trabaja a nivel f\u00edsico, mental y astral, neutralizando todo lo que puede estar interferiendo en tu vida. Colgante Protector Atlante En un Universo basado en frecuencias y vibraciones. \u00bfCrees que est\u00e1s libre de interferencias nocivas, trabajos de magia, males de ojo, envidias, intenciones y energ\u00edas negativas, etc\u2026? Te protege para que NO te entren energ\u00edas negativas, trabajos de magia, robos energ\u00e9ticos, etc.  Material: metraquilato, este material no absorbe energ\u00edas negativas, por lo que no hay que estar limpi\u00e1ndolo. Medidas: 5cm diametro Colores: blanco, verde, azul, negro, rosa, ahumado, naranja (Todos son un poco trasparentes)","og_url":"https:\/\/www.anilloatlante.com\/en\/shungit-proteccion-extrema\/colgante-protector-atlante-2\/","og_site_name":"Anillo Atlante","article_modified_time":"2025-12-05T11:35:53+00:00","og_image":[{"width":400,"height":314,"url":"https:\/\/www.anilloatlante.com\/en\/wp-content\/uploads\/sites\/3\/colgante-protector-atlante.png","type":"image\/png"}],"twitter_card":"summary_large_image","twitter_misc":{"Est. reading time":"1 minute"},"schema":{"@context":"https:\/\/schema.org","@graph":[{"@type":"WebPage","@id":"https:\/\/www.anilloatlante.com\/en\/shungit-proteccion-extrema\/colgante-protector-atlante-2\/","url":"https:\/\/www.anilloatlante.com\/en\/shungit-proteccion-extrema\/colgante-protector-atlante-2\/","name":"Colgante Protector ATLANTE - Anillo Atlante","isPartOf":{"@id":"https:\/\/www.anilloatlante.com\/en\/#website"},"primaryImageOfPage":{"@id":"https:\/\/www.anilloatlante.com\/en\/shungit-proteccion-extrema\/colgante-protector-atlante-2\/#primaryimage"},"image":{"@id":"https:\/\/www.anilloatlante.com\/en\/shungit-proteccion-extrema\/colgante-protector-atlante-2\/#primaryimage"},"thumbnailUrl":"https:\/\/www.anilloatlante.com\/en\/wp-content\/uploads\/sites\/3\/colgante-protector-atlante.png","datePublished":"2020-03-23T19:45:26+00:00","dateModified":"2025-12-05T11:35:53+00:00","breadcrumb":{"@id":"https:\/\/www.anilloatlante.com\/en\/shungit-proteccion-extrema\/colgante-protector-atlante-2\/#breadcrumb"},"inLanguage":"en-US","potentialAction":[{"@type":"ReadAction","target":["https:\/\/www.anilloatlante.com\/en\/shungit-proteccion-extrema\/colgante-protector-atlante-2\/"]}]},{"@type":"ImageObject","inLanguage":"en-US","@id":"https:\/\/www.anilloatlante.com\/en\/shungit-proteccion-extrema\/colgante-protector-atlante-2\/#primaryimage","url":"https:\/\/www.anilloatlante.com\/en\/wp-content\/uploads\/sites\/3\/colgante-protector-atlante.png","contentUrl":"https:\/\/www.anilloatlante.com\/en\/wp-content\/uploads\/sites\/3\/colgante-protector-atlante.png","width":400,"height":314},{"@type":"BreadcrumbList","@id":"https:\/\/www.anilloatlante.com\/en\/shungit-proteccion-extrema\/colgante-protector-atlante-2\/#breadcrumb","itemListElement":[{"@type":"ListItem","position":1,"name":"Portada","item":"https:\/\/www.anilloatlante.com\/en\/"},{"@type":"ListItem","position":2,"name":"Shop","item":"https:\/\/www.anilloatlante.com\/en\/shop\/"},{"@type":"ListItem","position":3,"name":"Colgante Protector ATLANTE"}]},{"@type":"WebSite","@id":"https:\/\/www.anilloatlante.com\/en\/#website","url":"https:\/\/www.anilloatlante.com\/en\/","name":"Anillo Atlante","description":"","publisher":{"@id":"https:\/\/www.anilloatlante.com\/en\/#organization"},"potentialAction":[{"@type":"SearchAction","target":{"@type":"EntryPoint","urlTemplate":"https:\/\/www.anilloatlante.com\/en\/?s={search_term_string}"},"query-input":{"@type":"PropertyValueSpecification","valueRequired":true,"valueName":"search_term_string"}}],"inLanguage":"en-US"},{"@type":"Organization","@id":"https:\/\/www.anilloatlante.com\/en\/#organization","name":"Anillo Atlante","url":"https:\/\/www.anilloatlante.com\/en\/","logo":{"@type":"ImageObject","inLanguage":"en-US","@id":"https:\/\/www.anilloatlante.com\/en\/#\/schema\/logo\/image\/","url":"https:\/\/www.anilloatlante.com\/en\/wp-content\/uploads\/sites\/3\/logo-anillo-atlante-granate.svg","contentUrl":"https:\/\/www.anilloatlante.com\/en\/wp-content\/uploads\/sites\/3\/logo-anillo-atlante-granate.svg","caption":"Anillo Atlante"},"image":{"@id":"https:\/\/www.anilloatlante.com\/en\/#\/schema\/logo\/image\/"}}]}},"_links":{"self":[{"href":"https:\/\/www.anilloatlante.com\/en\/wp-json\/wp\/v2\/product\/1024","targetHints":{"allow":["GET"]}}],"collection":[{"href":"https:\/\/www.anilloatlante.com\/en\/wp-json\/wp\/v2\/product"}],"about":[{"href":"https:\/\/www.anilloatlante.com\/en\/wp-json\/wp\/v2\/types\/product"}],"version-history":[{"count":2,"href":"https:\/\/www.anilloatlante.com\/en\/wp-json\/wp\/v2\/product\/1024\/revisions"}],"predecessor-version":[{"id":2474,"href":"https:\/\/www.anilloatlante.com\/en\/wp-json\/wp\/v2\/product\/1024\/revisions\/2474"}],"wp:featuredmedia":[{"embeddable":true,"href":"https:\/\/www.anilloatlante.com\/en\/wp-json\/wp\/v2\/media\/1596"}],"wp:attachment":[{"href":"https:\/\/www.anilloatlante.com\/en\/wp-json\/wp\/v2\/media?parent=1024"}],"wp:term":[{"taxonomy":"product_brand","embeddable":true,"href":"https:\/\/www.anilloatlante.com\/en\/wp-json\/wp\/v2\/product_brand?post=1024"},{"taxonomy":"product_cat","embeddable":true,"href":"https:\/\/www.anilloatlante.com\/en\/wp-json\/wp\/v2\/product_cat?post=1024"},{"taxonomy":"product_tag","embeddable":true,"href":"https:\/\/www.anilloatlante.com\/en\/wp-json\/wp\/v2\/product_tag?post=1024"}],"curies":[{"name":"wp","href":"https:\/\/api.w.org\/{rel}","templated":true}]}}