{"id":1028,"date":"2020-03-23T20:45:26","date_gmt":"2020-03-23T19:45:26","guid":{"rendered":"https:\/\/www.anilloatlante.com\/producto\/placa-de-shungit-adhesiva-redonda-para-movil-o-aparatos-wifi\/"},"modified":"2024-07-03T10:47:11","modified_gmt":"2024-07-03T08:47:11","slug":"placa-de-shungit-adhesiva-redonda-para-movil-o-aparatos-wifi","status":"publish","type":"product","link":"https:\/\/www.anilloatlante.com\/en\/shungit-proteccion-extrema\/placa-de-shungit-adhesiva-redonda-para-movil-o-aparatos-wifi\/","title":{"rendered":"Placa de Shungit Adhesiva redonda para Movil \u00f3 aparatos wifi"},"content":{"rendered":"<p>La propiedad m\u00e1s relevante de la shungita es su capacidad para protegernos de las radiaciones electromagn\u00e9ticas. Esta piedra es un potente &#8220;agujero negro&#8221; que lo absorbe todo. En consecuencia resulta ser el escudo perfecto contra las radiaciones electromagn\u00e9ticas (tel\u00e9fono m\u00f3vil, ordenador, wifi..).  <\/p>\n<p><img fetchpriority=\"high\" decoding=\"async\" src=\"https:\/\/www.anilloatlante.com\/wp-content\/uploads\/sites\/3\/Molecula-Shungit.gif\" alt=\"\" width=\"300\" height=\"300\" class=\"alignnone size-full wp-image-1547\" srcset=\"https:\/\/www.anilloatlante.com\/en\/wp-content\/uploads\/sites\/3\/Molecula-Shungit.gif 300w, https:\/\/www.anilloatlante.com\/en\/wp-content\/uploads\/sites\/3\/Molecula-Shungit-100x100.gif 100w\" sizes=\"(max-width: 300px) 100vw, 300px\" \/><\/p>\n<p>Pero no s\u00f3lo protege de las radiaciones generadas por el hombre, sino tambi\u00e9n de las energ\u00edas tel\u00faricas nocivas que emite en la tierra en determinados puntos, como bien sab\u00edan en Rusia desde hace siglos.<\/p>\n<p>Por ejemplo, la c\u00e9lebre catedral Isaac de San Petersburgo est\u00e1 rodeada en todo su per\u00edmetro por un z\u00f3calo de shungita de 25cm de alto.<\/p>\n<p><img decoding=\"async\" src=\"https:\/\/www.anilloatlante.com\/wp-content\/uploads\/sites\/3\/catedral-san-petesburgo.jpg\" alt=\"\" width=\"300\" height=\"230\" class=\"alignnone size-full wp-image-1603\" \/><br \/>\nCatedral San Petesburgo<\/p>\n<p>Los militares rusos tambi\u00e9n se benefician de la alta capacidad protectora y absorbente de la shungita para proteger sus bunkers de control estrat\u00e9gico de las radiaciones electromagn\u00e9ticas externas que podr\u00edan da\u00f1ar los aparatos electr\u00f3nicos. Sin embargo, fuera de Rusia esta piedra es casi desconocida.<\/p>\n<p>El zar Pedro I el Grande, en el siglo XVI, es informado de que existe un agua que brota de una piedra negra con unas propiedades beneficiosas para la salud (El zar ten\u00eda una salud muy precaria). Una vez comprobadas las bondades del agua en su propio organismo, el zar decide construir un balneario p\u00fablico.<\/p>\n<p><img decoding=\"async\" src=\"https:\/\/www.anilloatlante.com\/wp-content\/uploads\/sites\/3\/pedo-el-grnade.jpg\" alt=\"\" width=\"300\" height=\"406\" class=\"alignnone size-full wp-image-1604\" \/><\/p>\n","protected":false},"excerpt":{"rendered":"<p>Placa redonda adhesiva de shungit para m\u00f3viles<\/p>\n<p>La placa redonda adhesiva de shungit para m\u00f3viles que se puede pegar parte trasera movil, en la funda por fuera \u00f3 directamente al movil, siempre parte trasera movil.<\/p>\n<p><strong>Di\u00e1metro:<\/strong> 20mm.<\/p>\n","protected":false},"featured_media":1029,"template":"","meta":{"site-sidebar-layout":"default","site-content-layout":"default","ast-site-content-layout":"default","site-content-style":"default","site-sidebar-style":"default","ast-global-header-display":"","ast-banner-title-visibility":"","ast-main-header-display":"","ast-hfb-above-header-display":"","ast-hfb-below-header-display":"","ast-hfb-mobile-header-display":"","site-post-title":"","ast-breadcrumbs-content":"","ast-featured-img":"","footer-sml-layout":"","ast-disable-related-posts":"","theme-transparent-header-meta":"default","adv-header-id-meta":"","stick-header-meta":"default","header-above-stick-meta":"","header-main-stick-meta":"","header-below-stick-meta":"","astra-migrate-meta-layouts":"default","ast-page-background-enabled":"default","ast-page-background-meta":{"desktop":{"background-color":"","background-image":"","background-repeat":"repeat","background-position":"center center","background-size":"auto","background-attachment":"scroll","background-type":"","background-media":"","overlay-type":"","overlay-color":"","overlay-opacity":"","overlay-gradient":""},"tablet":{"background-color":"","background-image":"","background-repeat":"repeat","background-position":"center center","background-size":"auto","background-attachment":"scroll","background-type":"","background-media":"","overlay-type":"","overlay-color":"","overlay-opacity":"","overlay-gradient":""},"mobile":{"background-color":"","background-image":"","background-repeat":"repeat","background-position":"center center","background-size":"auto","background-attachment":"scroll","background-type":"","background-media":"","overlay-type":"","overlay-color":"","overlay-opacity":"","overlay-gradient":""}},"ast-content-background-meta":{"desktop":{"background-color":"var(--ast-global-color-5)","background-image":"","background-repeat":"repeat","background-position":"center center","background-size":"auto","background-attachment":"scroll","background-type":"","background-media":"","overlay-type":"","overlay-color":"","overlay-opacity":"","overlay-gradient":""},"tablet":{"background-color":"var(--ast-global-color-5)","background-image":"","background-repeat":"repeat","background-position":"center center","background-size":"auto","background-attachment":"scroll","background-type":"","background-media":"","overlay-type":"","overlay-color":"","overlay-opacity":"","overlay-gradient":""},"mobile":{"background-color":"var(--ast-global-color-5)","background-image":"","background-repeat":"repeat","background-position":"center center","background-size":"auto","background-attachment":"scroll","background-type":"","background-media":"","overlay-type":"","overlay-color":"","overlay-opacity":"","overlay-gradient":""}},"editor_notices":[],"_joinchat":[]},"product_brand":[],"product_cat":[41],"product_tag":[],"class_list":{"0":"post-1028","1":"product","2":"type-product","3":"status-publish","4":"has-post-thumbnail","6":"product_cat-shungit-proteccion-extrema","7":"desktop-align-center","8":"tablet-align-center","9":"mobile-align-center","10":"ast-product-gallery-layout-horizontal","11":"ast-product-gallery-with-no-image","12":"ast-product-tabs-layout-horizontal","13":"ast-qv-on-image","15":"first","16":"instock","17":"taxable","18":"shipping-taxable","19":"purchasable","20":"product-type-simple"},"yoast_head":"<!-- This site is optimized with the Yoast SEO plugin v26.9 - https:\/\/yoast.com\/product\/yoast-seo-wordpress\/ -->\n<title>Placa de Shungit Adhesiva redonda para Movil \u00f3 aparatos wifi - Anillo Atlante<\/title>\n<meta name=\"robots\" content=\"index, follow, max-snippet:-1, max-image-preview:large, max-video-preview:-1\" \/>\n<link rel=\"canonical\" href=\"https:\/\/www.anilloatlante.com\/en\/shungit-proteccion-extrema\/placa-de-shungit-adhesiva-redonda-para-movil-o-aparatos-wifi\/\" \/>\n<meta property=\"og:locale\" content=\"en_US\" \/>\n<meta property=\"og:type\" content=\"article\" \/>\n<meta property=\"og:title\" content=\"Placa de Shungit Adhesiva redonda para Movil \u00f3 aparatos wifi - Anillo Atlante\" \/>\n<meta property=\"og:description\" content=\"Placa redonda adhesiva de shungit para m\u00f3viles  La placa redonda adhesiva de shungit para m\u00f3viles que se puede pegar parte trasera movil, en la funda por fuera \u00f3 directamente al movil, siempre parte trasera movil.  Di\u00e1metro: 20mm.\" \/>\n<meta property=\"og:url\" content=\"https:\/\/www.anilloatlante.com\/en\/shungit-proteccion-extrema\/placa-de-shungit-adhesiva-redonda-para-movil-o-aparatos-wifi\/\" \/>\n<meta property=\"og:site_name\" content=\"Anillo Atlante\" \/>\n<meta property=\"article:modified_time\" content=\"2024-07-03T08:47:11+00:00\" \/>\n<meta property=\"og:image\" content=\"https:\/\/www.anilloatlante.com\/en\/wp-content\/uploads\/sites\/3\/proteccion-shungit-placa-circular-adhesiva.jpg\" \/>\n\t<meta property=\"og:image:width\" content=\"600\" \/>\n\t<meta property=\"og:image:height\" content=\"329\" \/>\n\t<meta property=\"og:image:type\" content=\"image\/jpeg\" \/>\n<meta name=\"twitter:card\" content=\"summary_large_image\" \/>\n<meta name=\"twitter:label1\" content=\"Est. reading time\" \/>\n\t<meta name=\"twitter:data1\" content=\"1 minute\" \/>\n<script type=\"application\/ld+json\" class=\"yoast-schema-graph\">{\"@context\":\"https:\/\/schema.org\",\"@graph\":[{\"@type\":\"WebPage\",\"@id\":\"https:\/\/www.anilloatlante.com\/en\/shungit-proteccion-extrema\/placa-de-shungit-adhesiva-redonda-para-movil-o-aparatos-wifi\/\",\"url\":\"https:\/\/www.anilloatlante.com\/en\/shungit-proteccion-extrema\/placa-de-shungit-adhesiva-redonda-para-movil-o-aparatos-wifi\/\",\"name\":\"Placa de Shungit Adhesiva redonda para Movil \u00f3 aparatos wifi - Anillo Atlante\",\"isPartOf\":{\"@id\":\"https:\/\/www.anilloatlante.com\/en\/#website\"},\"primaryImageOfPage\":{\"@id\":\"https:\/\/www.anilloatlante.com\/en\/shungit-proteccion-extrema\/placa-de-shungit-adhesiva-redonda-para-movil-o-aparatos-wifi\/#primaryimage\"},\"image\":{\"@id\":\"https:\/\/www.anilloatlante.com\/en\/shungit-proteccion-extrema\/placa-de-shungit-adhesiva-redonda-para-movil-o-aparatos-wifi\/#primaryimage\"},\"thumbnailUrl\":\"https:\/\/www.anilloatlante.com\/en\/wp-content\/uploads\/sites\/3\/proteccion-shungit-placa-circular-adhesiva.jpg\",\"datePublished\":\"2020-03-23T19:45:26+00:00\",\"dateModified\":\"2024-07-03T08:47:11+00:00\",\"breadcrumb\":{\"@id\":\"https:\/\/www.anilloatlante.com\/en\/shungit-proteccion-extrema\/placa-de-shungit-adhesiva-redonda-para-movil-o-aparatos-wifi\/#breadcrumb\"},\"inLanguage\":\"en-US\",\"potentialAction\":[{\"@type\":\"ReadAction\",\"target\":[\"https:\/\/www.anilloatlante.com\/en\/shungit-proteccion-extrema\/placa-de-shungit-adhesiva-redonda-para-movil-o-aparatos-wifi\/\"]}]},{\"@type\":\"ImageObject\",\"inLanguage\":\"en-US\",\"@id\":\"https:\/\/www.anilloatlante.com\/en\/shungit-proteccion-extrema\/placa-de-shungit-adhesiva-redonda-para-movil-o-aparatos-wifi\/#primaryimage\",\"url\":\"https:\/\/www.anilloatlante.com\/en\/wp-content\/uploads\/sites\/3\/proteccion-shungit-placa-circular-adhesiva.jpg\",\"contentUrl\":\"https:\/\/www.anilloatlante.com\/en\/wp-content\/uploads\/sites\/3\/proteccion-shungit-placa-circular-adhesiva.jpg\",\"width\":600,\"height\":329},{\"@type\":\"BreadcrumbList\",\"@id\":\"https:\/\/www.anilloatlante.com\/en\/shungit-proteccion-extrema\/placa-de-shungit-adhesiva-redonda-para-movil-o-aparatos-wifi\/#breadcrumb\",\"itemListElement\":[{\"@type\":\"ListItem\",\"position\":1,\"name\":\"Portada\",\"item\":\"https:\/\/www.anilloatlante.com\/en\/\"},{\"@type\":\"ListItem\",\"position\":2,\"name\":\"Shop\",\"item\":\"https:\/\/www.anilloatlante.com\/en\/shop\/\"},{\"@type\":\"ListItem\",\"position\":3,\"name\":\"Placa de Shungit Adhesiva redonda para Movil \u00f3 aparatos wifi\"}]},{\"@type\":\"WebSite\",\"@id\":\"https:\/\/www.anilloatlante.com\/en\/#website\",\"url\":\"https:\/\/www.anilloatlante.com\/en\/\",\"name\":\"Anillo Atlante\",\"description\":\"\",\"publisher\":{\"@id\":\"https:\/\/www.anilloatlante.com\/en\/#organization\"},\"potentialAction\":[{\"@type\":\"SearchAction\",\"target\":{\"@type\":\"EntryPoint\",\"urlTemplate\":\"https:\/\/www.anilloatlante.com\/en\/?s={search_term_string}\"},\"query-input\":{\"@type\":\"PropertyValueSpecification\",\"valueRequired\":true,\"valueName\":\"search_term_string\"}}],\"inLanguage\":\"en-US\"},{\"@type\":\"Organization\",\"@id\":\"https:\/\/www.anilloatlante.com\/en\/#organization\",\"name\":\"Anillo Atlante\",\"url\":\"https:\/\/www.anilloatlante.com\/en\/\",\"logo\":{\"@type\":\"ImageObject\",\"inLanguage\":\"en-US\",\"@id\":\"https:\/\/www.anilloatlante.com\/en\/#\/schema\/logo\/image\/\",\"url\":\"https:\/\/www.anilloatlante.com\/en\/wp-content\/uploads\/sites\/3\/logo-anillo-atlante-granate.svg\",\"contentUrl\":\"https:\/\/www.anilloatlante.com\/en\/wp-content\/uploads\/sites\/3\/logo-anillo-atlante-granate.svg\",\"caption\":\"Anillo Atlante\"},\"image\":{\"@id\":\"https:\/\/www.anilloatlante.com\/en\/#\/schema\/logo\/image\/\"}}]}<\/script>\n<!-- \/ Yoast SEO plugin. -->","yoast_head_json":{"title":"Placa de Shungit Adhesiva redonda para Movil \u00f3 aparatos wifi - Anillo Atlante","robots":{"index":"index","follow":"follow","max-snippet":"max-snippet:-1","max-image-preview":"max-image-preview:large","max-video-preview":"max-video-preview:-1"},"canonical":"https:\/\/www.anilloatlante.com\/en\/shungit-proteccion-extrema\/placa-de-shungit-adhesiva-redonda-para-movil-o-aparatos-wifi\/","og_locale":"en_US","og_type":"article","og_title":"Placa de Shungit Adhesiva redonda para Movil \u00f3 aparatos wifi - Anillo Atlante","og_description":"Placa redonda adhesiva de shungit para m\u00f3viles  La placa redonda adhesiva de shungit para m\u00f3viles que se puede pegar parte trasera movil, en la funda por fuera \u00f3 directamente al movil, siempre parte trasera movil.  Di\u00e1metro: 20mm.","og_url":"https:\/\/www.anilloatlante.com\/en\/shungit-proteccion-extrema\/placa-de-shungit-adhesiva-redonda-para-movil-o-aparatos-wifi\/","og_site_name":"Anillo Atlante","article_modified_time":"2024-07-03T08:47:11+00:00","og_image":[{"width":600,"height":329,"url":"https:\/\/www.anilloatlante.com\/en\/wp-content\/uploads\/sites\/3\/proteccion-shungit-placa-circular-adhesiva.jpg","type":"image\/jpeg"}],"twitter_card":"summary_large_image","twitter_misc":{"Est. reading time":"1 minute"},"schema":{"@context":"https:\/\/schema.org","@graph":[{"@type":"WebPage","@id":"https:\/\/www.anilloatlante.com\/en\/shungit-proteccion-extrema\/placa-de-shungit-adhesiva-redonda-para-movil-o-aparatos-wifi\/","url":"https:\/\/www.anilloatlante.com\/en\/shungit-proteccion-extrema\/placa-de-shungit-adhesiva-redonda-para-movil-o-aparatos-wifi\/","name":"Placa de Shungit Adhesiva redonda para Movil \u00f3 aparatos wifi - Anillo Atlante","isPartOf":{"@id":"https:\/\/www.anilloatlante.com\/en\/#website"},"primaryImageOfPage":{"@id":"https:\/\/www.anilloatlante.com\/en\/shungit-proteccion-extrema\/placa-de-shungit-adhesiva-redonda-para-movil-o-aparatos-wifi\/#primaryimage"},"image":{"@id":"https:\/\/www.anilloatlante.com\/en\/shungit-proteccion-extrema\/placa-de-shungit-adhesiva-redonda-para-movil-o-aparatos-wifi\/#primaryimage"},"thumbnailUrl":"https:\/\/www.anilloatlante.com\/en\/wp-content\/uploads\/sites\/3\/proteccion-shungit-placa-circular-adhesiva.jpg","datePublished":"2020-03-23T19:45:26+00:00","dateModified":"2024-07-03T08:47:11+00:00","breadcrumb":{"@id":"https:\/\/www.anilloatlante.com\/en\/shungit-proteccion-extrema\/placa-de-shungit-adhesiva-redonda-para-movil-o-aparatos-wifi\/#breadcrumb"},"inLanguage":"en-US","potentialAction":[{"@type":"ReadAction","target":["https:\/\/www.anilloatlante.com\/en\/shungit-proteccion-extrema\/placa-de-shungit-adhesiva-redonda-para-movil-o-aparatos-wifi\/"]}]},{"@type":"ImageObject","inLanguage":"en-US","@id":"https:\/\/www.anilloatlante.com\/en\/shungit-proteccion-extrema\/placa-de-shungit-adhesiva-redonda-para-movil-o-aparatos-wifi\/#primaryimage","url":"https:\/\/www.anilloatlante.com\/en\/wp-content\/uploads\/sites\/3\/proteccion-shungit-placa-circular-adhesiva.jpg","contentUrl":"https:\/\/www.anilloatlante.com\/en\/wp-content\/uploads\/sites\/3\/proteccion-shungit-placa-circular-adhesiva.jpg","width":600,"height":329},{"@type":"BreadcrumbList","@id":"https:\/\/www.anilloatlante.com\/en\/shungit-proteccion-extrema\/placa-de-shungit-adhesiva-redonda-para-movil-o-aparatos-wifi\/#breadcrumb","itemListElement":[{"@type":"ListItem","position":1,"name":"Portada","item":"https:\/\/www.anilloatlante.com\/en\/"},{"@type":"ListItem","position":2,"name":"Shop","item":"https:\/\/www.anilloatlante.com\/en\/shop\/"},{"@type":"ListItem","position":3,"name":"Placa de Shungit Adhesiva redonda para Movil \u00f3 aparatos wifi"}]},{"@type":"WebSite","@id":"https:\/\/www.anilloatlante.com\/en\/#website","url":"https:\/\/www.anilloatlante.com\/en\/","name":"Anillo Atlante","description":"","publisher":{"@id":"https:\/\/www.anilloatlante.com\/en\/#organization"},"potentialAction":[{"@type":"SearchAction","target":{"@type":"EntryPoint","urlTemplate":"https:\/\/www.anilloatlante.com\/en\/?s={search_term_string}"},"query-input":{"@type":"PropertyValueSpecification","valueRequired":true,"valueName":"search_term_string"}}],"inLanguage":"en-US"},{"@type":"Organization","@id":"https:\/\/www.anilloatlante.com\/en\/#organization","name":"Anillo Atlante","url":"https:\/\/www.anilloatlante.com\/en\/","logo":{"@type":"ImageObject","inLanguage":"en-US","@id":"https:\/\/www.anilloatlante.com\/en\/#\/schema\/logo\/image\/","url":"https:\/\/www.anilloatlante.com\/en\/wp-content\/uploads\/sites\/3\/logo-anillo-atlante-granate.svg","contentUrl":"https:\/\/www.anilloatlante.com\/en\/wp-content\/uploads\/sites\/3\/logo-anillo-atlante-granate.svg","caption":"Anillo Atlante"},"image":{"@id":"https:\/\/www.anilloatlante.com\/en\/#\/schema\/logo\/image\/"}}]}},"_links":{"self":[{"href":"https:\/\/www.anilloatlante.com\/en\/wp-json\/wp\/v2\/product\/1028","targetHints":{"allow":["GET"]}}],"collection":[{"href":"https:\/\/www.anilloatlante.com\/en\/wp-json\/wp\/v2\/product"}],"about":[{"href":"https:\/\/www.anilloatlante.com\/en\/wp-json\/wp\/v2\/types\/product"}],"version-history":[{"count":2,"href":"https:\/\/www.anilloatlante.com\/en\/wp-json\/wp\/v2\/product\/1028\/revisions"}],"predecessor-version":[{"id":2472,"href":"https:\/\/www.anilloatlante.com\/en\/wp-json\/wp\/v2\/product\/1028\/revisions\/2472"}],"wp:featuredmedia":[{"embeddable":true,"href":"https:\/\/www.anilloatlante.com\/en\/wp-json\/wp\/v2\/media\/1029"}],"wp:attachment":[{"href":"https:\/\/www.anilloatlante.com\/en\/wp-json\/wp\/v2\/media?parent=1028"}],"wp:term":[{"taxonomy":"product_brand","embeddable":true,"href":"https:\/\/www.anilloatlante.com\/en\/wp-json\/wp\/v2\/product_brand?post=1028"},{"taxonomy":"product_cat","embeddable":true,"href":"https:\/\/www.anilloatlante.com\/en\/wp-json\/wp\/v2\/product_cat?post=1028"},{"taxonomy":"product_tag","embeddable":true,"href":"https:\/\/www.anilloatlante.com\/en\/wp-json\/wp\/v2\/product_tag?post=1028"}],"curies":[{"name":"wp","href":"https:\/\/api.w.org\/{rel}","templated":true}]}}