{"id":1030,"date":"2020-03-23T20:45:26","date_gmt":"2020-03-23T19:45:26","guid":{"rendered":"https:\/\/www.anilloatlante.com\/producto\/piedras-shungit-elite\/"},"modified":"2022-11-28T17:34:59","modified_gmt":"2022-11-28T16:34:59","slug":"piedras-shungit-elite","status":"publish","type":"product","link":"https:\/\/www.anilloatlante.com\/en\/shungit-proteccion-extrema\/piedras-shungit-elite\/","title":{"rendered":"Piedras Shungit &#8220;Elite&#8221;"},"content":{"rendered":"<p>Este mineral maravilloso que es la Shungit Elite una variedad excepcional y dif\u00edcil encontrar de la shungit, con un 98% la proporci\u00f3n m\u00e1s alta dentro shungit, la llaman \u201cla piedra inteligente o el agujero negro\u201d por sus propiedades de atracci\u00f3n de la energ\u00eda electromagn\u00e9tica. Una de las caracter\u00edsticas de este mineral es la de neutralizar la informaci\u00f3n negativa que llega a nosotros a trav\u00e9s de las ondas electromagn\u00e9ticas de los aparatos que nos circundan, de manera que estabiliza nuestra energ\u00eda corporal. Llevar una Shungit encima nos ayuda a \u201creencontrar el norte\u201d sigue&#8230;<\/p>\n<p>Tambi\u00e9n se le atribuyen la carga de energ\u00eda, la dinamizaci\u00f3n, la disminuci\u00f3n de los dolores corporales. La Shungit no cura, sino que reactiva nuestra propia inteligencia celular, por lo que somos nosotros mismos los que nos curamos.<\/p>\n<p>Su puesta de largo, su presentaci\u00f3n en Espa\u00f1a, tuvo lugar en Barcelona, en diciembre pasado. Se present\u00f3 este mineral \u00fanico, la Shungit, acompa\u00f1ada del libro de Nicolas Almand, Shungit, Protecci\u00f3n Extrema. Sus propiedades \u00fanicas han sido reconocidas por 3 cient\u00edficos &#8211; Harold Kroto, Robert Curl et Richard Smalley, a los cuales les han concedido el premio Nobel. Ellos citan a la Shungit como \u00abuna maravilla de la naturaleza\u00bb.<\/p>\n<p>Adem\u00e1s de ser uno de los minerales m\u00e1s antiguos de la tierra (unos 2 billones de a\u00f1os), la Shungit es tambi\u00e9n el \u00fanico mineral org\u00e1nico que aglutina casi la totalidad de los elementos de la tabla de Mendele\u00efev y tiene una superconductividad el\u00e9ctrica, superior a la del oro. Es, as\u00ed mismo, el \u00fanico mineral que contiene fullerenes (utilizadas en la b\u00fasqueda de un remedio para el c\u00e1ncer y en la nanotecnolog\u00eda) en estado natural. Seg\u00fan algunos cient\u00edficos este podr\u00eda ser el origen de muchas de las virtudes que la caracterizan en el terreno de la sanaci\u00f3n.<\/p>\n<ul>\n<li>Alivia los dolores<\/li>\n<li>\u201cRecarga las bater\u00edas\u201d<\/li>\n<li>Limpia el aura<\/li>\n<li>Ataca la fatiga<\/li>\n<li>Protege instant\u00e1neamente<\/li>\n<li>Dinamiza y fertiliza la tierra<\/li>\n<li>Entra en la composici\u00f3n de un aut\u00e9ntico \u201celixir de vida\u201d<\/li>\n<\/ul>\n<p>Sus propiedades raras y excepcionales han sido reconocidas por 3 premios Nobel: Harold Kroto, Robert Curl y Richard Smalley.<\/p>\n<p>La Shungit no irradia, realiza una tr\u00eda entre lo que est\u00e1 bien y lo que est\u00e1 menos bien, respetando a los seres vivos y a la naturaleza.<\/p>\n<p>La Shungit repara, en tiempo real, los problemas causados por energ\u00edas nocivas y bloquea definitivamente su acci\u00f3n.<\/p>\n<p>Dinamiza y fertiliza la tierra.<\/p>\n<p>Disuelve los egr\u00e9gores negativos, la memoria de los lugares, los malos pensamientos.<\/p>\n<p>Protege de inmediato a cualquier persona que la lleve.<\/p>\n<p>Con agua del grifo y una Shungit puedes obtener f\u00e1cilmente un aut\u00e9ntico \u201celixir de vida\u201d.<\/p>\n<p>&#8220;Cuando sumergimos la Shungit en el agua, aunque se trate de agua del grifo, la transforma en un agua vibratoriamente elevada y purificada.<\/p>\n<ul>\n<li>Sanea y dulcifica el agua.<\/li>\n<li>Suprime el gusto y el olor de cloro.<\/li>\n<li>Capta y destruye los metales pesados (es una acci\u00f3n de las fullerenes).<\/li>\n<li>Destruye los residuos de pesticidas.<\/li>\n<li>Nos rehidrata mucho mejor, as\u00ed como a los animales y a las plantas.<\/li>\n<li>Posee unas propiedades bactericidas naturales&#8230; sigue<\/li>\n<\/ul>\n<p>Cuando consumimos regularmente est\u00e1 agua reactivada por las fullerenes de la Shungit, un cambio se opera en nosotros, en todos los planos.<\/p>\n<p>Un fen\u00f3meno de desintoxicaci\u00f3n celular se produce en un primer momento, a fin de liberar de la saturaci\u00f3n de todo lo que no es conforme en nuestro organismo.<\/p>\n<p>Despu\u00e9s, tiene lugar un trabajo de reparaci\u00f3n, de regeneraci\u00f3n progresiva de algunas situaciones que nos han causado fragilidades y debilidades.&#8221;<\/p>\n<p>El \u00fanico campo de shungit descubierto en el mundo est\u00e1 en Karelia, Rusia. El campo lleva casi un tercio de su territorio. Los cient\u00edficos estiman que se trata de alrededor de 2 mil millones de a\u00f1os. La roca es similar al carb\u00f3n, pero se encuentra en capas muy antiguas de la corteza terrestre que se han formado, cuando no hab\u00eda vida en toda la Tierra. La naturaleza m\u00faltiple de este lugar es de una belleza \u00fanica. A pesar de la fuerte contaminaci\u00f3n de la industria local de Lago Onega sigue siendo uno de los m\u00e1s limpios de Europa y la situaci\u00f3n ecol\u00f3gica de la regi\u00f3n no causa ninguna alarma.<\/p>\n<p>Los cient\u00edficos todav\u00eda discuten sobre d\u00f3nde vino shungit. Hay una suposici\u00f3n de que la principal sustancia de la que se form\u00f3 fue, precipitaci\u00f3n de microorganismos primitivos que viven en las bah\u00edas poco profundas de los oc\u00e9anos antiguos. Otra versi\u00f3n dice que el campo shungit es parte de un meteorito gigante que trajeron a la Tierra un trozo de la planeta deca\u00edda-Faet\u00f3n . Algunos cient\u00edficos afirman que la forma y la estructura de shungit tienen caracter\u00edsticas de rocas eruptivas.<\/p>\n<p>Hace m\u00e1s de tres siglos que los habitantes de Carelia descubrieron las propiedades curativas de esta piedra inusual negro (&#8220;Aspid&#8221;, como sol\u00edan decir). Por primera vez se encontr\u00f3 en la localidad de Shunga. Es por eso que la piedra se llam\u00f3 &#8220;Shungit&#8221;. En los documentos de la historia de esta piedra se puede rastrear desde el siglo XVI. Ksenia zarina, la abuela del famoso zar ruso Pedro,ella fue desertada a un monasterio construido en esta regi\u00f3n, junto a una fuente de curaci\u00f3n. All\u00ed se cur\u00f3 de la esterilidad y m\u00e1s tarde dio a luz a Michail Romanoff, el fundador de la dinast\u00eda que gobern\u00f3 Romanoff de Rusia para los pr\u00f3ximos 300 a\u00f1os.<\/p>\n<p>Cuando se cont\u00f3 esta historia milagrosa a Pedro el primero dio la orden de abrir en estas aguas el primer resort en Rusia de salud balneario. El complejo tiene el nombre de &#8220;Aguas Marcial&#8221;, en honor de Marte, el dios de la guerra, ya que la mayor\u00eda de los pacientes fueron los soldados heridos y enfermos.<\/p>\n<p>Pedro hiso infusi\u00f3n de agua potable shungit ,que, probablemente, fue uno de los factores que permitieron que se quedara en su legendario poder.Adem\u00e1s, orden\u00f3 a los soldados poner un pedazo de shungit en sus macetas para desinfectar el agua potable. Esta sabia decisi\u00f3n del emperador result\u00f3 ser un factor importante en la victoria del ej\u00e9rcito ruso sobre los suecos en la famosa batalla de Poltava. Ese verano caliente hubo m\u00faltiples casos de des\u00f3rdenes del est\u00f3mago en el ej\u00e9rcito sueco.Los rusos se escaparon de esas &#8220;problemas&#8221; debido a la &#8220;piedra Aspid&#8221;.<\/p>\n<p>En 1950 nuevas exploraciones y las pruebas cl\u00ednicas fueron realizadas por el gobierno sovi\u00e9tico. Los resultados han confirmado totalmente las referencias del zar Pedro y sus contempor\u00e1neos. La perforaci\u00f3n de prueba ha demostrado que &#8220;Marcial Aguas&#8221; resort est\u00e1 sobre una capa de gran alcance de shungit que filtra el agua de los manantiales locales. En 1960 la estaci\u00f3n fue reconstruida y renovada. Hoy en d\u00eda todav\u00eda existe y trae buena salud a miles de personas cada a\u00f1o.El contenido de carbono en las rocas shungit var\u00eda de 3,5% a 98%. Por lo tanto las caracter\u00edsticas y las aplicaciones de diferentes tipos de shungit son diferentes. Aqu\u00ed habla sobre las caracter\u00edsticas de shungit estaremos, hablando principalmente acerca de shungit de dep\u00f3sito Zazhoginskoe. Sus rocas tienen un contenido bastante homog\u00e9nea, e incluyen el 30% de carbono.El shungit cl\u00e1sica tiene color negro mate. Al igual que en todos los minerales que pueden contener inclusiones de otras rocas. M\u00e1s a menudo son blanco de la calcopirita, venas de cuarzo y oro. Shungit puede ser de diferente dureza &#8211; para la curaci\u00f3n se utilizan de las clases m\u00e1s fr\u00e1giles. Shungit es f\u00e1cilmente manejable y brillante,suave y brillante con delicadeza. Lo tipos mas duros de shungit se utilizan para la construcci\u00f3n. Es m\u00e1s gris\u00e1ceo, a menudo con inclusiones blancas moteadas.<\/p>\n<p>El hecho m\u00e1s reciente, pero el m\u00e1s significativo es interesante, que contiene Fullerenes &#8211; forma de carbono recientemente descubierta!<\/p>\n<p>Caracter\u00edsticas de Shungit:<\/p>\n<p><strong>Densidad:<\/strong> 2,1-2,4 g\/cm3<br \/>\n<strong>Porosidad:<\/strong> hasta un 5%<br \/>\n<strong>Resistencia a la compresi\u00f3n:<\/strong> 1000-1200 Kt\/cm3<br \/>\n<strong>Electroconductividad:<\/strong> 1500 rec\u00edproca ohm \/ m<br \/>\n<strong>Coeficiente de conducci\u00f3n de calor:<\/strong> 5 watt\/m2 o\u041a<br \/>\n<strong>Desarrollado llanura interior:<\/strong> hasta 20 m2 \/ g<br \/>\nAlto contenido org\u00e1nico y no org\u00e1nico de actividad deadsorci\u00f3n<\/p>\n<p>Las part\u00edculas de shungit independientemente de su tama\u00f1o tienen cualidades bipolar. En consecuencia tiene una alta adhesi\u00f3n y se puede mezclar f\u00e1cilmente con todas las dem\u00e1s sustancias<br \/>\nTiene fuertes cualidades bactericidas<\/p>\n<p>La absorci\u00f3n, el catalizador y las propiedades de reducci\u00f3n de shungite ,hace que sea posible limpiar el agua de muchos materiales org\u00e1nicos y no org\u00e1nicos (derivados del petr\u00f3leo, pesticidas, fenoles, los asuntos de superficie activa, etc.)<\/p>\n<p>Shungite es muy eficaz para purificar el agua del grifo de la cloro-org\u00e1nicos (dioxinas, los radicales), que demuestra las propiedades bactericidas. Debido a estas propiedades shungite se puede utilizar para:<br \/>\n-el tratamiento de los sistemas de entrada de agua de cualquier capacidad y en los pozos tambi\u00e9n. Shungite ofrece la soluci\u00f3n m\u00e1s f\u00e1cil y eficiente para el abastecimiento de agua en regiones con escasez de recursos h\u00eddricos; depuraci\u00f3n de aguas residuales municipales e industriales de muchas materias nocivas;<\/p>\n<ul>\n<li>Tratamiento de agua en las piscinas;<\/li>\n<li>Tratar el agua en las centrales el\u00e9ctricas.<\/li>\n<li>Propiedades de conductividad el\u00e9ctrica de shungite han hecho posible la creaci\u00f3n de una amplia<\/li>\n<li><\/li>\n<\/ul>\n<p>Gama de materiales conductores:<\/p>\n<ul>\n<li>Pintura conductora<\/li>\n<li>Concreto conductivo y ladrillos<\/li>\n<li>Morteros y revoques<\/li>\n<li>Asfaltos<\/li>\n<\/ul>\n<p>Bas\u00e1ndose en estos materiales se han fabricado calentadores, habitaciones construidas libres de campo electromagn\u00e9tico. Es posible la construcci\u00f3n de caminos y aceras calientes, para eliminar f\u00e1cilmente el hielo de las carreteras.<\/p>\n<p>El polvo fino de shungite se puede mezclar con cualquier relleno org\u00e1nico y no org\u00e1nico. Esta propiedad de la roca shungite permite utilizarlo como:<\/p>\n<ul>\n<li>Pigmento negro en las pinturas (aceite y agua)<\/li>\n<li>De relleno en materiales de pol\u00edmero (polietileno, polipropileno, ftoroplast, etc)<\/li>\n<li>Sustituto de carbono-carbono blanco y t\u00e9cnica en las gomas<\/li>\n<li>Para mejorar la calidad de la piel<\/li>\n<li>En la agricultura, los materiales biol\u00f3gicamente activos sobre la base de piedra shungit, ayudan a aumentar la productividad de la patata y la inmunidad a los decesos, en las granjas de animales<\/li>\n<\/ul>\n<p>Se ha observado, que la agua que viene a trav\u00e9s de la roca shungit tiene propiedades bactericidas. Muchas enfermedades, como alergias, puede ser curado con esta agua. Infusiones de agua,elixires de shungit poseen las mismas propiedades. Por lo tanto, esta bien tener infusiones shungit en cada hogar para curar las heridas (a partir de las picaduras de insectos y en general para mejorar la calidad de la piel).<\/p>\n<p>Los dep\u00f3sitos de roca se encuentran en Medvezhjegorsk,regi\u00f3n de la rep\u00fablica de Karelia, a 5 km de la bah\u00eda en lago Onego . La capacidad de la planta de extracci\u00f3n y procesamiento es de 200 mil toneladas por a\u00f1o. Las reservas en dep\u00f3sito Zazhoginskoye se estiman en 35 millones de toneladas. Hay posibilidades de aumentar la capacidad de extracci\u00f3n y procesamiento. La compa\u00f1\u00eda posee un embarcadero a orillas del lago Onego. Durante el per\u00edodo de navegaci\u00f3n la roca shungit procesada es enviada por los buques.<\/p>\n","protected":false},"excerpt":{"rendered":"<p>LA PIEDRA INTELIGENTE. (UNA PIEZA ,UNA UNIDAD)<\/p>\n<p><strong>Medidas:<\/strong> 3x3cm<\/p>\n<p>* 1 pieza shungit ELITE de 3cm x3cm aproximadamente, ya que no hay dos iguales.<\/p>\n<p>*Estas piezas pueden variar a las fotos, ya que son pulidas a manos y algunas son un poco diferentes.<\/p>\n","protected":false},"featured_media":1031,"template":"","meta":{"site-sidebar-layout":"default","site-content-layout":"default","ast-site-content-layout":"default","site-content-style":"default","site-sidebar-style":"default","ast-global-header-display":"","ast-banner-title-visibility":"","ast-main-header-display":"","ast-hfb-above-header-display":"","ast-hfb-below-header-display":"","ast-hfb-mobile-header-display":"","site-post-title":"","ast-breadcrumbs-content":"","ast-featured-img":"","footer-sml-layout":"","ast-disable-related-posts":"","theme-transparent-header-meta":"default","adv-header-id-meta":"","stick-header-meta":"default","header-above-stick-meta":"","header-main-stick-meta":"","header-below-stick-meta":"","astra-migrate-meta-layouts":"default","ast-page-background-enabled":"default","ast-page-background-meta":{"desktop":{"background-color":"","background-image":"","background-repeat":"repeat","background-position":"center center","background-size":"auto","background-attachment":"scroll","background-type":"","background-media":"","overlay-type":"","overlay-color":"","overlay-opacity":"","overlay-gradient":""},"tablet":{"background-color":"","background-image":"","background-repeat":"repeat","background-position":"center center","background-size":"auto","background-attachment":"scroll","background-type":"","background-media":"","overlay-type":"","overlay-color":"","overlay-opacity":"","overlay-gradient":""},"mobile":{"background-color":"","background-image":"","background-repeat":"repeat","background-position":"center center","background-size":"auto","background-attachment":"scroll","background-type":"","background-media":"","overlay-type":"","overlay-color":"","overlay-opacity":"","overlay-gradient":""}},"ast-content-background-meta":{"desktop":{"background-color":"var(--ast-global-color-5)","background-image":"","background-repeat":"repeat","background-position":"center center","background-size":"auto","background-attachment":"scroll","background-type":"","background-media":"","overlay-type":"","overlay-color":"","overlay-opacity":"","overlay-gradient":""},"tablet":{"background-color":"var(--ast-global-color-5)","background-image":"","background-repeat":"repeat","background-position":"center center","background-size":"auto","background-attachment":"scroll","background-type":"","background-media":"","overlay-type":"","overlay-color":"","overlay-opacity":"","overlay-gradient":""},"mobile":{"background-color":"var(--ast-global-color-5)","background-image":"","background-repeat":"repeat","background-position":"center center","background-size":"auto","background-attachment":"scroll","background-type":"","background-media":"","overlay-type":"","overlay-color":"","overlay-opacity":"","overlay-gradient":""}},"editor_notices":[],"_joinchat":[]},"product_brand":[],"product_cat":[41],"product_tag":[],"class_list":{"0":"post-1030","1":"product","2":"type-product","3":"status-publish","4":"has-post-thumbnail","6":"product_cat-shungit-proteccion-extrema","7":"desktop-align-center","8":"tablet-align-center","9":"mobile-align-center","10":"ast-product-gallery-layout-horizontal","11":"ast-product-gallery-with-no-image","12":"ast-product-tabs-layout-horizontal","13":"ast-qv-on-image","15":"first","16":"instock","17":"taxable","18":"shipping-taxable","19":"purchasable","20":"product-type-simple"},"yoast_head":"<!-- This site is optimized with the Yoast SEO plugin v26.9 - https:\/\/yoast.com\/product\/yoast-seo-wordpress\/ -->\n<title>Piedras Shungit &quot;Elite&quot; - Anillo Atlante<\/title>\n<meta name=\"robots\" content=\"index, follow, max-snippet:-1, max-image-preview:large, max-video-preview:-1\" \/>\n<link rel=\"canonical\" href=\"https:\/\/www.anilloatlante.com\/en\/shungit-proteccion-extrema\/piedras-shungit-elite\/\" \/>\n<meta property=\"og:locale\" content=\"en_US\" \/>\n<meta property=\"og:type\" content=\"article\" \/>\n<meta property=\"og:title\" content=\"Piedras Shungit &quot;Elite&quot; - Anillo Atlante\" \/>\n<meta property=\"og:description\" content=\"LA PIEDRA INTELIGENTE. (UNA PIEZA ,UNA UNIDAD)  Medidas: 3x3cm  * 1 pieza shungit ELITE de 3cm x3cm aproximadamente, ya que no hay dos iguales.  *Estas piezas pueden variar a las fotos, ya que son pulidas a manos y algunas son un poco diferentes.\" \/>\n<meta property=\"og:url\" content=\"https:\/\/www.anilloatlante.com\/en\/shungit-proteccion-extrema\/piedras-shungit-elite\/\" \/>\n<meta property=\"og:site_name\" content=\"Anillo Atlante\" \/>\n<meta property=\"article:modified_time\" content=\"2022-11-28T16:34:59+00:00\" \/>\n<meta property=\"og:image\" content=\"https:\/\/www.anilloatlante.com\/en\/wp-content\/uploads\/sites\/3\/piedra-shungit-elite.jpg\" \/>\n\t<meta property=\"og:image:width\" content=\"600\" \/>\n\t<meta property=\"og:image:height\" content=\"409\" \/>\n\t<meta property=\"og:image:type\" content=\"image\/jpeg\" \/>\n<meta name=\"twitter:card\" content=\"summary_large_image\" \/>\n<meta name=\"twitter:label1\" content=\"Est. reading time\" \/>\n\t<meta name=\"twitter:data1\" content=\"10 minutes\" \/>\n<script type=\"application\/ld+json\" class=\"yoast-schema-graph\">{\"@context\":\"https:\/\/schema.org\",\"@graph\":[{\"@type\":\"WebPage\",\"@id\":\"https:\/\/www.anilloatlante.com\/en\/shungit-proteccion-extrema\/piedras-shungit-elite\/\",\"url\":\"https:\/\/www.anilloatlante.com\/en\/shungit-proteccion-extrema\/piedras-shungit-elite\/\",\"name\":\"Piedras Shungit \\\"Elite\\\" - Anillo Atlante\",\"isPartOf\":{\"@id\":\"https:\/\/www.anilloatlante.com\/en\/#website\"},\"primaryImageOfPage\":{\"@id\":\"https:\/\/www.anilloatlante.com\/en\/shungit-proteccion-extrema\/piedras-shungit-elite\/#primaryimage\"},\"image\":{\"@id\":\"https:\/\/www.anilloatlante.com\/en\/shungit-proteccion-extrema\/piedras-shungit-elite\/#primaryimage\"},\"thumbnailUrl\":\"https:\/\/www.anilloatlante.com\/en\/wp-content\/uploads\/sites\/3\/piedra-shungit-elite.jpg\",\"datePublished\":\"2020-03-23T19:45:26+00:00\",\"dateModified\":\"2022-11-28T16:34:59+00:00\",\"breadcrumb\":{\"@id\":\"https:\/\/www.anilloatlante.com\/en\/shungit-proteccion-extrema\/piedras-shungit-elite\/#breadcrumb\"},\"inLanguage\":\"en-US\",\"potentialAction\":[{\"@type\":\"ReadAction\",\"target\":[\"https:\/\/www.anilloatlante.com\/en\/shungit-proteccion-extrema\/piedras-shungit-elite\/\"]}]},{\"@type\":\"ImageObject\",\"inLanguage\":\"en-US\",\"@id\":\"https:\/\/www.anilloatlante.com\/en\/shungit-proteccion-extrema\/piedras-shungit-elite\/#primaryimage\",\"url\":\"https:\/\/www.anilloatlante.com\/en\/wp-content\/uploads\/sites\/3\/piedra-shungit-elite.jpg\",\"contentUrl\":\"https:\/\/www.anilloatlante.com\/en\/wp-content\/uploads\/sites\/3\/piedra-shungit-elite.jpg\",\"width\":600,\"height\":409},{\"@type\":\"BreadcrumbList\",\"@id\":\"https:\/\/www.anilloatlante.com\/en\/shungit-proteccion-extrema\/piedras-shungit-elite\/#breadcrumb\",\"itemListElement\":[{\"@type\":\"ListItem\",\"position\":1,\"name\":\"Portada\",\"item\":\"https:\/\/www.anilloatlante.com\/en\/\"},{\"@type\":\"ListItem\",\"position\":2,\"name\":\"Shop\",\"item\":\"https:\/\/www.anilloatlante.com\/en\/shop\/\"},{\"@type\":\"ListItem\",\"position\":3,\"name\":\"Piedras Shungit &#8220;Elite&#8221;\"}]},{\"@type\":\"WebSite\",\"@id\":\"https:\/\/www.anilloatlante.com\/en\/#website\",\"url\":\"https:\/\/www.anilloatlante.com\/en\/\",\"name\":\"Anillo Atlante\",\"description\":\"\",\"publisher\":{\"@id\":\"https:\/\/www.anilloatlante.com\/en\/#organization\"},\"potentialAction\":[{\"@type\":\"SearchAction\",\"target\":{\"@type\":\"EntryPoint\",\"urlTemplate\":\"https:\/\/www.anilloatlante.com\/en\/?s={search_term_string}\"},\"query-input\":{\"@type\":\"PropertyValueSpecification\",\"valueRequired\":true,\"valueName\":\"search_term_string\"}}],\"inLanguage\":\"en-US\"},{\"@type\":\"Organization\",\"@id\":\"https:\/\/www.anilloatlante.com\/en\/#organization\",\"name\":\"Anillo Atlante\",\"url\":\"https:\/\/www.anilloatlante.com\/en\/\",\"logo\":{\"@type\":\"ImageObject\",\"inLanguage\":\"en-US\",\"@id\":\"https:\/\/www.anilloatlante.com\/en\/#\/schema\/logo\/image\/\",\"url\":\"https:\/\/www.anilloatlante.com\/en\/wp-content\/uploads\/sites\/3\/logo-anillo-atlante-granate.svg\",\"contentUrl\":\"https:\/\/www.anilloatlante.com\/en\/wp-content\/uploads\/sites\/3\/logo-anillo-atlante-granate.svg\",\"caption\":\"Anillo Atlante\"},\"image\":{\"@id\":\"https:\/\/www.anilloatlante.com\/en\/#\/schema\/logo\/image\/\"}}]}<\/script>\n<!-- \/ Yoast SEO plugin. -->","yoast_head_json":{"title":"Piedras Shungit \"Elite\" - Anillo Atlante","robots":{"index":"index","follow":"follow","max-snippet":"max-snippet:-1","max-image-preview":"max-image-preview:large","max-video-preview":"max-video-preview:-1"},"canonical":"https:\/\/www.anilloatlante.com\/en\/shungit-proteccion-extrema\/piedras-shungit-elite\/","og_locale":"en_US","og_type":"article","og_title":"Piedras Shungit \"Elite\" - Anillo Atlante","og_description":"LA PIEDRA INTELIGENTE. (UNA PIEZA ,UNA UNIDAD)  Medidas: 3x3cm  * 1 pieza shungit ELITE de 3cm x3cm aproximadamente, ya que no hay dos iguales.  *Estas piezas pueden variar a las fotos, ya que son pulidas a manos y algunas son un poco diferentes.","og_url":"https:\/\/www.anilloatlante.com\/en\/shungit-proteccion-extrema\/piedras-shungit-elite\/","og_site_name":"Anillo Atlante","article_modified_time":"2022-11-28T16:34:59+00:00","og_image":[{"width":600,"height":409,"url":"https:\/\/www.anilloatlante.com\/en\/wp-content\/uploads\/sites\/3\/piedra-shungit-elite.jpg","type":"image\/jpeg"}],"twitter_card":"summary_large_image","twitter_misc":{"Est. reading time":"10 minutes"},"schema":{"@context":"https:\/\/schema.org","@graph":[{"@type":"WebPage","@id":"https:\/\/www.anilloatlante.com\/en\/shungit-proteccion-extrema\/piedras-shungit-elite\/","url":"https:\/\/www.anilloatlante.com\/en\/shungit-proteccion-extrema\/piedras-shungit-elite\/","name":"Piedras Shungit \"Elite\" - Anillo Atlante","isPartOf":{"@id":"https:\/\/www.anilloatlante.com\/en\/#website"},"primaryImageOfPage":{"@id":"https:\/\/www.anilloatlante.com\/en\/shungit-proteccion-extrema\/piedras-shungit-elite\/#primaryimage"},"image":{"@id":"https:\/\/www.anilloatlante.com\/en\/shungit-proteccion-extrema\/piedras-shungit-elite\/#primaryimage"},"thumbnailUrl":"https:\/\/www.anilloatlante.com\/en\/wp-content\/uploads\/sites\/3\/piedra-shungit-elite.jpg","datePublished":"2020-03-23T19:45:26+00:00","dateModified":"2022-11-28T16:34:59+00:00","breadcrumb":{"@id":"https:\/\/www.anilloatlante.com\/en\/shungit-proteccion-extrema\/piedras-shungit-elite\/#breadcrumb"},"inLanguage":"en-US","potentialAction":[{"@type":"ReadAction","target":["https:\/\/www.anilloatlante.com\/en\/shungit-proteccion-extrema\/piedras-shungit-elite\/"]}]},{"@type":"ImageObject","inLanguage":"en-US","@id":"https:\/\/www.anilloatlante.com\/en\/shungit-proteccion-extrema\/piedras-shungit-elite\/#primaryimage","url":"https:\/\/www.anilloatlante.com\/en\/wp-content\/uploads\/sites\/3\/piedra-shungit-elite.jpg","contentUrl":"https:\/\/www.anilloatlante.com\/en\/wp-content\/uploads\/sites\/3\/piedra-shungit-elite.jpg","width":600,"height":409},{"@type":"BreadcrumbList","@id":"https:\/\/www.anilloatlante.com\/en\/shungit-proteccion-extrema\/piedras-shungit-elite\/#breadcrumb","itemListElement":[{"@type":"ListItem","position":1,"name":"Portada","item":"https:\/\/www.anilloatlante.com\/en\/"},{"@type":"ListItem","position":2,"name":"Shop","item":"https:\/\/www.anilloatlante.com\/en\/shop\/"},{"@type":"ListItem","position":3,"name":"Piedras Shungit &#8220;Elite&#8221;"}]},{"@type":"WebSite","@id":"https:\/\/www.anilloatlante.com\/en\/#website","url":"https:\/\/www.anilloatlante.com\/en\/","name":"Anillo Atlante","description":"","publisher":{"@id":"https:\/\/www.anilloatlante.com\/en\/#organization"},"potentialAction":[{"@type":"SearchAction","target":{"@type":"EntryPoint","urlTemplate":"https:\/\/www.anilloatlante.com\/en\/?s={search_term_string}"},"query-input":{"@type":"PropertyValueSpecification","valueRequired":true,"valueName":"search_term_string"}}],"inLanguage":"en-US"},{"@type":"Organization","@id":"https:\/\/www.anilloatlante.com\/en\/#organization","name":"Anillo Atlante","url":"https:\/\/www.anilloatlante.com\/en\/","logo":{"@type":"ImageObject","inLanguage":"en-US","@id":"https:\/\/www.anilloatlante.com\/en\/#\/schema\/logo\/image\/","url":"https:\/\/www.anilloatlante.com\/en\/wp-content\/uploads\/sites\/3\/logo-anillo-atlante-granate.svg","contentUrl":"https:\/\/www.anilloatlante.com\/en\/wp-content\/uploads\/sites\/3\/logo-anillo-atlante-granate.svg","caption":"Anillo Atlante"},"image":{"@id":"https:\/\/www.anilloatlante.com\/en\/#\/schema\/logo\/image\/"}}]}},"_links":{"self":[{"href":"https:\/\/www.anilloatlante.com\/en\/wp-json\/wp\/v2\/product\/1030","targetHints":{"allow":["GET"]}}],"collection":[{"href":"https:\/\/www.anilloatlante.com\/en\/wp-json\/wp\/v2\/product"}],"about":[{"href":"https:\/\/www.anilloatlante.com\/en\/wp-json\/wp\/v2\/types\/product"}],"version-history":[{"count":2,"href":"https:\/\/www.anilloatlante.com\/en\/wp-json\/wp\/v2\/product\/1030\/revisions"}],"predecessor-version":[{"id":1641,"href":"https:\/\/www.anilloatlante.com\/en\/wp-json\/wp\/v2\/product\/1030\/revisions\/1641"}],"wp:featuredmedia":[{"embeddable":true,"href":"https:\/\/www.anilloatlante.com\/en\/wp-json\/wp\/v2\/media\/1031"}],"wp:attachment":[{"href":"https:\/\/www.anilloatlante.com\/en\/wp-json\/wp\/v2\/media?parent=1030"}],"wp:term":[{"taxonomy":"product_brand","embeddable":true,"href":"https:\/\/www.anilloatlante.com\/en\/wp-json\/wp\/v2\/product_brand?post=1030"},{"taxonomy":"product_cat","embeddable":true,"href":"https:\/\/www.anilloatlante.com\/en\/wp-json\/wp\/v2\/product_cat?post=1030"},{"taxonomy":"product_tag","embeddable":true,"href":"https:\/\/www.anilloatlante.com\/en\/wp-json\/wp\/v2\/product_tag?post=1030"}],"curies":[{"name":"wp","href":"https:\/\/api.w.org\/{rel}","templated":true}]}}