{"id":1041,"date":"2020-03-23T20:45:29","date_gmt":"2020-03-23T19:45:29","guid":{"rendered":"https:\/\/www.anilloatlante.com\/producto\/colgante-shungit-triangulo\/"},"modified":"2020-04-29T16:17:08","modified_gmt":"2020-04-29T14:17:08","slug":"colgante-shungit-triangulo","status":"publish","type":"product","link":"https:\/\/www.anilloatlante.com\/en\/shungit-proteccion-extrema\/colgante-shungit-triangulo\/","title":{"rendered":"Colgante shungit triangulo"},"content":{"rendered":"<p><strong>La magia de los colgantes tri\u00e1ngulo shungite.<\/strong><\/p>\n<p><img fetchpriority=\"high\" decoding=\"async\" class=\"alignnone wp-image-1379\" src=\"https:\/\/www.anilloatlante.com\/wp-content\/uploads\/sites\/3\/colgante-shungit-triangulo.png\" alt=\"\" width=\"300\" height=\"251\" srcset=\"https:\/\/www.anilloatlante.com\/en\/wp-content\/uploads\/sites\/3\/colgante-shungit-triangulo.png 633w, https:\/\/www.anilloatlante.com\/en\/wp-content\/uploads\/sites\/3\/colgante-shungit-triangulo-600x502.png 600w\" sizes=\"(max-width: 300px) 100vw, 300px\" \/><\/p>\n<p>Shungite tiene una larga historia metaf\u00edsica y geol\u00f3gica. \u00bfSab\u00edas que en la \u00e9poca Pedro I el grande en realidad se usaba para purificar el agua? que creo por la shungit en Carelia el primer Balneario de Europa.S\u00ed, esta piedra no solo purifica las energ\u00edas y, literalmente, elimina cualquier cosa oscura, negativa o maligna en su camino, tambi\u00e9n puede eliminar toxinas e impurezas del agua. Uso shungite en habitaciones donde alguien est\u00e1 teniendo pesadillas o sue\u00f1os de miedo, o en espacios donde la energ\u00eda se siente pesada. Adem\u00e1s, si eres practicante de Reiki, terapeuta de masajes, cham\u00e1n, curandero o sacerdotisa, esta es una piedra fundamental para mantener en tu espacio sagrado. Las vibraciones negativas no pueden sostenerse en presencia de shungita.<\/p>\n<p><strong>Ahora imagina usar esta piedra protectora y purificadora como adorno<\/strong>. Con este adorno de piedra preciosa, encontrar\u00e1s energ\u00eda limpia en cualquier espacio. Mantener las piedras preciosas cerca te ayuda a beneficiarte mejor de sus propiedades m\u00e1gicas. Y el tri\u00e1ngulo es otra de nuestras formas m\u00e1s generalizadas, que se encuentra en los s\u00edmbolos de casi todas las religiones. Representa el n\u00famero tres en geometr\u00eda sagrada; es la santa trinidad; es creaci\u00f3n, preservaci\u00f3n y destrucci\u00f3n; Son las tres caras de la diosa (madre, doncella y vieja).<\/p>\n<p>Este collar viene en un cord\u00f3n negro, listo para usar.<\/p>\n<p><strong>PROPIEDADES SHUNGIT:<\/strong><\/p>\n<ul>\n<li>Alivia dolores desbloqueando, movilizando y transmutando las energ\u00edas negativas acumuladas.<\/li>\n<li>Recarga energ\u00e9ticamente.<\/li>\n<li>Limpia el Aura.<\/li>\n<li>Protege y elimina todas las energ\u00edas da\u00f1inas para cualquier ser vivo.<strong style=\"font-size: 16px;\">&#8220;Es un autentico elixir de la vida&#8221;<\/strong><\/li>\n<\/ul>\n","protected":false},"excerpt":{"rendered":"<p>Colgante Shungit triangulo de proteci\u00f3n.<\/p>\n<p><strong>Medidas:<\/strong> 5,5cm<\/p>\n<p>La shungit es el \u00fanico mineral que contiene fulleres, procedente de Rusia de la regi\u00f3n de carelia. Se le atribuyen propiedades de absorver energ\u00eda negativa y proteger. Armoniza la energ\u00eda corporal.<\/p>\n","protected":false},"featured_media":1042,"template":"","meta":{"site-sidebar-layout":"default","site-content-layout":"default","ast-site-content-layout":"default","site-content-style":"default","site-sidebar-style":"default","ast-global-header-display":"","ast-banner-title-visibility":"","ast-main-header-display":"","ast-hfb-above-header-display":"","ast-hfb-below-header-display":"","ast-hfb-mobile-header-display":"","site-post-title":"","ast-breadcrumbs-content":"","ast-featured-img":"","footer-sml-layout":"","ast-disable-related-posts":"","theme-transparent-header-meta":"default","adv-header-id-meta":"","stick-header-meta":"default","header-above-stick-meta":"","header-main-stick-meta":"","header-below-stick-meta":"","astra-migrate-meta-layouts":"default","ast-page-background-enabled":"default","ast-page-background-meta":{"desktop":{"background-color":"","background-image":"","background-repeat":"repeat","background-position":"center center","background-size":"auto","background-attachment":"scroll","background-type":"","background-media":"","overlay-type":"","overlay-color":"","overlay-opacity":"","overlay-gradient":""},"tablet":{"background-color":"","background-image":"","background-repeat":"repeat","background-position":"center center","background-size":"auto","background-attachment":"scroll","background-type":"","background-media":"","overlay-type":"","overlay-color":"","overlay-opacity":"","overlay-gradient":""},"mobile":{"background-color":"","background-image":"","background-repeat":"repeat","background-position":"center center","background-size":"auto","background-attachment":"scroll","background-type":"","background-media":"","overlay-type":"","overlay-color":"","overlay-opacity":"","overlay-gradient":""}},"ast-content-background-meta":{"desktop":{"background-color":"var(--ast-global-color-5)","background-image":"","background-repeat":"repeat","background-position":"center center","background-size":"auto","background-attachment":"scroll","background-type":"","background-media":"","overlay-type":"","overlay-color":"","overlay-opacity":"","overlay-gradient":""},"tablet":{"background-color":"var(--ast-global-color-5)","background-image":"","background-repeat":"repeat","background-position":"center center","background-size":"auto","background-attachment":"scroll","background-type":"","background-media":"","overlay-type":"","overlay-color":"","overlay-opacity":"","overlay-gradient":""},"mobile":{"background-color":"var(--ast-global-color-5)","background-image":"","background-repeat":"repeat","background-position":"center center","background-size":"auto","background-attachment":"scroll","background-type":"","background-media":"","overlay-type":"","overlay-color":"","overlay-opacity":"","overlay-gradient":""}},"editor_notices":[],"_joinchat":[]},"product_brand":[],"product_cat":[41],"product_tag":[],"class_list":{"0":"post-1041","1":"product","2":"type-product","3":"status-publish","4":"has-post-thumbnail","6":"product_cat-shungit-proteccion-extrema","7":"desktop-align-center","8":"tablet-align-center","9":"mobile-align-center","10":"ast-product-gallery-layout-horizontal","11":"ast-product-gallery-with-no-image","12":"ast-product-tabs-layout-horizontal","13":"ast-qv-on-image","15":"first","16":"instock","17":"taxable","18":"shipping-taxable","19":"purchasable","20":"product-type-simple"},"yoast_head":"<!-- This site is optimized with the Yoast SEO plugin v26.9 - https:\/\/yoast.com\/product\/yoast-seo-wordpress\/ -->\n<title>Colgante shungit triangulo - Anillo Atlante<\/title>\n<meta name=\"robots\" content=\"index, follow, max-snippet:-1, max-image-preview:large, max-video-preview:-1\" \/>\n<link rel=\"canonical\" href=\"https:\/\/www.anilloatlante.com\/en\/shungit-proteccion-extrema\/colgante-shungit-triangulo\/\" \/>\n<meta property=\"og:locale\" content=\"en_US\" \/>\n<meta property=\"og:type\" content=\"article\" \/>\n<meta property=\"og:title\" content=\"Colgante shungit triangulo - Anillo Atlante\" \/>\n<meta property=\"og:description\" content=\"Colgante Shungit triangulo de proteci\u00f3n.  Medidas: 5,5cm  La shungit es el \u00fanico mineral que contiene fulleres, procedente de Rusia de la regi\u00f3n de carelia. Se le atribuyen propiedades de absorver energ\u00eda negativa y proteger. Armoniza la energ\u00eda corporal.\" \/>\n<meta property=\"og:url\" content=\"https:\/\/www.anilloatlante.com\/en\/shungit-proteccion-extrema\/colgante-shungit-triangulo\/\" \/>\n<meta property=\"og:site_name\" content=\"Anillo Atlante\" \/>\n<meta property=\"article:modified_time\" content=\"2020-04-29T14:17:08+00:00\" \/>\n<meta property=\"og:image\" content=\"https:\/\/www.anilloatlante.com\/en\/wp-content\/uploads\/sites\/3\/colgante-shungit-triangulo.jpg\" \/>\n\t<meta property=\"og:image:width\" content=\"563\" \/>\n\t<meta property=\"og:image:height\" content=\"444\" \/>\n\t<meta property=\"og:image:type\" content=\"image\/png\" \/>\n<meta name=\"twitter:card\" content=\"summary_large_image\" \/>\n<meta name=\"twitter:label1\" content=\"Est. reading time\" \/>\n\t<meta name=\"twitter:data1\" content=\"1 minute\" \/>\n<script type=\"application\/ld+json\" class=\"yoast-schema-graph\">{\"@context\":\"https:\/\/schema.org\",\"@graph\":[{\"@type\":\"WebPage\",\"@id\":\"https:\/\/www.anilloatlante.com\/en\/shungit-proteccion-extrema\/colgante-shungit-triangulo\/\",\"url\":\"https:\/\/www.anilloatlante.com\/en\/shungit-proteccion-extrema\/colgante-shungit-triangulo\/\",\"name\":\"Colgante shungit triangulo - Anillo Atlante\",\"isPartOf\":{\"@id\":\"https:\/\/www.anilloatlante.com\/en\/#website\"},\"primaryImageOfPage\":{\"@id\":\"https:\/\/www.anilloatlante.com\/en\/shungit-proteccion-extrema\/colgante-shungit-triangulo\/#primaryimage\"},\"image\":{\"@id\":\"https:\/\/www.anilloatlante.com\/en\/shungit-proteccion-extrema\/colgante-shungit-triangulo\/#primaryimage\"},\"thumbnailUrl\":\"https:\/\/www.anilloatlante.com\/en\/wp-content\/uploads\/sites\/3\/colgante-shungit-triangulo.jpg\",\"datePublished\":\"2020-03-23T19:45:29+00:00\",\"dateModified\":\"2020-04-29T14:17:08+00:00\",\"breadcrumb\":{\"@id\":\"https:\/\/www.anilloatlante.com\/en\/shungit-proteccion-extrema\/colgante-shungit-triangulo\/#breadcrumb\"},\"inLanguage\":\"en-US\",\"potentialAction\":[{\"@type\":\"ReadAction\",\"target\":[\"https:\/\/www.anilloatlante.com\/en\/shungit-proteccion-extrema\/colgante-shungit-triangulo\/\"]}]},{\"@type\":\"ImageObject\",\"inLanguage\":\"en-US\",\"@id\":\"https:\/\/www.anilloatlante.com\/en\/shungit-proteccion-extrema\/colgante-shungit-triangulo\/#primaryimage\",\"url\":\"https:\/\/www.anilloatlante.com\/en\/wp-content\/uploads\/sites\/3\/colgante-shungit-triangulo.jpg\",\"contentUrl\":\"https:\/\/www.anilloatlante.com\/en\/wp-content\/uploads\/sites\/3\/colgante-shungit-triangulo.jpg\",\"width\":563,\"height\":444},{\"@type\":\"BreadcrumbList\",\"@id\":\"https:\/\/www.anilloatlante.com\/en\/shungit-proteccion-extrema\/colgante-shungit-triangulo\/#breadcrumb\",\"itemListElement\":[{\"@type\":\"ListItem\",\"position\":1,\"name\":\"Portada\",\"item\":\"https:\/\/www.anilloatlante.com\/en\/\"},{\"@type\":\"ListItem\",\"position\":2,\"name\":\"Shop\",\"item\":\"https:\/\/www.anilloatlante.com\/en\/shop\/\"},{\"@type\":\"ListItem\",\"position\":3,\"name\":\"Colgante shungit triangulo\"}]},{\"@type\":\"WebSite\",\"@id\":\"https:\/\/www.anilloatlante.com\/en\/#website\",\"url\":\"https:\/\/www.anilloatlante.com\/en\/\",\"name\":\"Anillo Atlante\",\"description\":\"\",\"publisher\":{\"@id\":\"https:\/\/www.anilloatlante.com\/en\/#organization\"},\"potentialAction\":[{\"@type\":\"SearchAction\",\"target\":{\"@type\":\"EntryPoint\",\"urlTemplate\":\"https:\/\/www.anilloatlante.com\/en\/?s={search_term_string}\"},\"query-input\":{\"@type\":\"PropertyValueSpecification\",\"valueRequired\":true,\"valueName\":\"search_term_string\"}}],\"inLanguage\":\"en-US\"},{\"@type\":\"Organization\",\"@id\":\"https:\/\/www.anilloatlante.com\/en\/#organization\",\"name\":\"Anillo Atlante\",\"url\":\"https:\/\/www.anilloatlante.com\/en\/\",\"logo\":{\"@type\":\"ImageObject\",\"inLanguage\":\"en-US\",\"@id\":\"https:\/\/www.anilloatlante.com\/en\/#\/schema\/logo\/image\/\",\"url\":\"https:\/\/www.anilloatlante.com\/en\/wp-content\/uploads\/sites\/3\/logo-anillo-atlante-granate.svg\",\"contentUrl\":\"https:\/\/www.anilloatlante.com\/en\/wp-content\/uploads\/sites\/3\/logo-anillo-atlante-granate.svg\",\"caption\":\"Anillo Atlante\"},\"image\":{\"@id\":\"https:\/\/www.anilloatlante.com\/en\/#\/schema\/logo\/image\/\"}}]}<\/script>\n<!-- \/ Yoast SEO plugin. -->","yoast_head_json":{"title":"Colgante shungit triangulo - Anillo Atlante","robots":{"index":"index","follow":"follow","max-snippet":"max-snippet:-1","max-image-preview":"max-image-preview:large","max-video-preview":"max-video-preview:-1"},"canonical":"https:\/\/www.anilloatlante.com\/en\/shungit-proteccion-extrema\/colgante-shungit-triangulo\/","og_locale":"en_US","og_type":"article","og_title":"Colgante shungit triangulo - Anillo Atlante","og_description":"Colgante Shungit triangulo de proteci\u00f3n.  Medidas: 5,5cm  La shungit es el \u00fanico mineral que contiene fulleres, procedente de Rusia de la regi\u00f3n de carelia. Se le atribuyen propiedades de absorver energ\u00eda negativa y proteger. Armoniza la energ\u00eda corporal.","og_url":"https:\/\/www.anilloatlante.com\/en\/shungit-proteccion-extrema\/colgante-shungit-triangulo\/","og_site_name":"Anillo Atlante","article_modified_time":"2020-04-29T14:17:08+00:00","og_image":[{"width":563,"height":444,"url":"https:\/\/www.anilloatlante.com\/en\/wp-content\/uploads\/sites\/3\/colgante-shungit-triangulo.jpg","type":"image\/png"}],"twitter_card":"summary_large_image","twitter_misc":{"Est. reading time":"1 minute"},"schema":{"@context":"https:\/\/schema.org","@graph":[{"@type":"WebPage","@id":"https:\/\/www.anilloatlante.com\/en\/shungit-proteccion-extrema\/colgante-shungit-triangulo\/","url":"https:\/\/www.anilloatlante.com\/en\/shungit-proteccion-extrema\/colgante-shungit-triangulo\/","name":"Colgante shungit triangulo - Anillo Atlante","isPartOf":{"@id":"https:\/\/www.anilloatlante.com\/en\/#website"},"primaryImageOfPage":{"@id":"https:\/\/www.anilloatlante.com\/en\/shungit-proteccion-extrema\/colgante-shungit-triangulo\/#primaryimage"},"image":{"@id":"https:\/\/www.anilloatlante.com\/en\/shungit-proteccion-extrema\/colgante-shungit-triangulo\/#primaryimage"},"thumbnailUrl":"https:\/\/www.anilloatlante.com\/en\/wp-content\/uploads\/sites\/3\/colgante-shungit-triangulo.jpg","datePublished":"2020-03-23T19:45:29+00:00","dateModified":"2020-04-29T14:17:08+00:00","breadcrumb":{"@id":"https:\/\/www.anilloatlante.com\/en\/shungit-proteccion-extrema\/colgante-shungit-triangulo\/#breadcrumb"},"inLanguage":"en-US","potentialAction":[{"@type":"ReadAction","target":["https:\/\/www.anilloatlante.com\/en\/shungit-proteccion-extrema\/colgante-shungit-triangulo\/"]}]},{"@type":"ImageObject","inLanguage":"en-US","@id":"https:\/\/www.anilloatlante.com\/en\/shungit-proteccion-extrema\/colgante-shungit-triangulo\/#primaryimage","url":"https:\/\/www.anilloatlante.com\/en\/wp-content\/uploads\/sites\/3\/colgante-shungit-triangulo.jpg","contentUrl":"https:\/\/www.anilloatlante.com\/en\/wp-content\/uploads\/sites\/3\/colgante-shungit-triangulo.jpg","width":563,"height":444},{"@type":"BreadcrumbList","@id":"https:\/\/www.anilloatlante.com\/en\/shungit-proteccion-extrema\/colgante-shungit-triangulo\/#breadcrumb","itemListElement":[{"@type":"ListItem","position":1,"name":"Portada","item":"https:\/\/www.anilloatlante.com\/en\/"},{"@type":"ListItem","position":2,"name":"Shop","item":"https:\/\/www.anilloatlante.com\/en\/shop\/"},{"@type":"ListItem","position":3,"name":"Colgante shungit triangulo"}]},{"@type":"WebSite","@id":"https:\/\/www.anilloatlante.com\/en\/#website","url":"https:\/\/www.anilloatlante.com\/en\/","name":"Anillo Atlante","description":"","publisher":{"@id":"https:\/\/www.anilloatlante.com\/en\/#organization"},"potentialAction":[{"@type":"SearchAction","target":{"@type":"EntryPoint","urlTemplate":"https:\/\/www.anilloatlante.com\/en\/?s={search_term_string}"},"query-input":{"@type":"PropertyValueSpecification","valueRequired":true,"valueName":"search_term_string"}}],"inLanguage":"en-US"},{"@type":"Organization","@id":"https:\/\/www.anilloatlante.com\/en\/#organization","name":"Anillo Atlante","url":"https:\/\/www.anilloatlante.com\/en\/","logo":{"@type":"ImageObject","inLanguage":"en-US","@id":"https:\/\/www.anilloatlante.com\/en\/#\/schema\/logo\/image\/","url":"https:\/\/www.anilloatlante.com\/en\/wp-content\/uploads\/sites\/3\/logo-anillo-atlante-granate.svg","contentUrl":"https:\/\/www.anilloatlante.com\/en\/wp-content\/uploads\/sites\/3\/logo-anillo-atlante-granate.svg","caption":"Anillo Atlante"},"image":{"@id":"https:\/\/www.anilloatlante.com\/en\/#\/schema\/logo\/image\/"}}]}},"_links":{"self":[{"href":"https:\/\/www.anilloatlante.com\/en\/wp-json\/wp\/v2\/product\/1041","targetHints":{"allow":["GET"]}}],"collection":[{"href":"https:\/\/www.anilloatlante.com\/en\/wp-json\/wp\/v2\/product"}],"about":[{"href":"https:\/\/www.anilloatlante.com\/en\/wp-json\/wp\/v2\/types\/product"}],"version-history":[{"count":2,"href":"https:\/\/www.anilloatlante.com\/en\/wp-json\/wp\/v2\/product\/1041\/revisions"}],"predecessor-version":[{"id":2445,"href":"https:\/\/www.anilloatlante.com\/en\/wp-json\/wp\/v2\/product\/1041\/revisions\/2445"}],"wp:featuredmedia":[{"embeddable":true,"href":"https:\/\/www.anilloatlante.com\/en\/wp-json\/wp\/v2\/media\/1042"}],"wp:attachment":[{"href":"https:\/\/www.anilloatlante.com\/en\/wp-json\/wp\/v2\/media?parent=1041"}],"wp:term":[{"taxonomy":"product_brand","embeddable":true,"href":"https:\/\/www.anilloatlante.com\/en\/wp-json\/wp\/v2\/product_brand?post=1041"},{"taxonomy":"product_cat","embeddable":true,"href":"https:\/\/www.anilloatlante.com\/en\/wp-json\/wp\/v2\/product_cat?post=1041"},{"taxonomy":"product_tag","embeddable":true,"href":"https:\/\/www.anilloatlante.com\/en\/wp-json\/wp\/v2\/product_tag?post=1041"}],"curies":[{"name":"wp","href":"https:\/\/api.w.org\/{rel}","templated":true}]}}