{"id":1051,"date":"2020-03-23T20:45:29","date_gmt":"2020-03-23T19:45:29","guid":{"rendered":"https:\/\/www.anilloatlante.com\/producto\/esferas-o-bolas-armonizadores-shungit\/"},"modified":"2021-03-24T09:13:36","modified_gmt":"2021-03-24T08:13:36","slug":"esferas-o-bolas-armonizadores-shungit","status":"publish","type":"product","link":"https:\/\/www.anilloatlante.com\/en\/shungit-proteccion-extrema\/esferas-o-bolas-armonizadores-shungit\/","title":{"rendered":"Esferas \u00f3 bolas armonizadores Shungit"},"content":{"rendered":"<p>Las bolas armonizadores son muy utilizadas ,ya que son muy faciles de llevar y relajan mucho.El armonizador son como el Yin (negro) color Shungite. El armonizador Yang est\u00e1 hecho de tullikivi (color m\u00e1s claro).<\/p>\n<p>El mineral que se conoce desde la antig\u00fcedad y que se utiliza para el requilibrio de nuestro sistema energ\u00e9tico,se necesitan dos polos uno positivo y otro negativo como una bater\u00eda para cargarla.<\/p>\n<p>La esteatita \u00f3 Tulikivi es un mineral resistente calor y gran poder de acumulaci\u00f3n y conducci\u00f3n t\u00e9rmica,en este caso la esteatita viene de Brasil y Finlandia y tulikivi de Rusia ,la de Carelia tiene un color m\u00e1s gris perla ,pero es lo mismo que la esteatita.<\/p>\n<p>Combinado la Tulikivi y Shungit es una combinaci\u00f3n perfecta,y una magnifica herramienta para nuestro equilibrio energ\u00e9tico.<\/p>\n<p>Utilizaci\u00f3n:<\/p>\n<p>La piedra de Shungit (la que es m\u00e1s negra) se cojera con la mano izquierda ,que es la mano que recibe y acumula,y la Tulikivi \u00f3 esteatita (piedra gris) en la mano derecha (la que nos da energ\u00eda y la tramite),esto es valido cuando somos diestros( utilizamos mano derecha).<\/p>\n<p>En caso de ser zurdos hay que hacerlo al contrario.Los ambidiestro pueden elegir.<\/p>\n<p>Como colocarse ,doy tres m\u00e9todos:<\/p>\n<p>1.M\u00e9todo:<br \/>\nSe trata de ponernos de pie con los brazos estirados a lo largo cuerpo y la pierna izquierda ligeramente adelantada, a poder ser con los pies descalzos, y mirando hacia el sol para canalizar la energ\u00eda del sol y de la tierra.Pare realizar este ejercicio es recomendable realizarlo con ojos cerrados durante 15 a 20 minutos y en silencio.<\/p>\n<p>2.M\u00e9todo:<\/p>\n<p>Sentados con la espalda recta cobre la silla,,no cruzando las piernas para no cortar energ\u00eda,y los pies descalzos si el fri\u00f3 no lo impide para tener conexi\u00f3n con tierra,Tomar las piedras en las manos ,y dejar que estas reposen sobre las piernas,con ojos cerrados y de cara al sol si puede ser y en silencio de 15 a 20 minutos.<\/p>\n<p>3.M\u00e9todo:<\/p>\n<p>Tumbarse ,lo m\u00e1s cerca del suelo para recibir la energ\u00eda de la tierra,,el cuerpo bien derecho ,no curvado..y las piernas ligeramente abiertas, coger las piedras en las manos y estirar los brazos a lo largo del cuerpo, no dormirse y estar de 15 a 20 minutos, con ojos cerrados y en silencio \u00f3 una m\u00fasica relajante.<\/p>\n","protected":false},"excerpt":{"rendered":"<p>Armonizadores de Shungit.<\/p>\n<p>Pareja bolas de shungit y tulikivi.<\/p>\n<p>100% Shungit<br \/>\n<strong>Medidas:<\/strong> 3,5cm<\/p>\n","protected":false},"featured_media":1052,"template":"","meta":{"site-sidebar-layout":"default","site-content-layout":"default","ast-site-content-layout":"default","site-content-style":"default","site-sidebar-style":"default","ast-global-header-display":"","ast-banner-title-visibility":"","ast-main-header-display":"","ast-hfb-above-header-display":"","ast-hfb-below-header-display":"","ast-hfb-mobile-header-display":"","site-post-title":"","ast-breadcrumbs-content":"","ast-featured-img":"","footer-sml-layout":"","ast-disable-related-posts":"","theme-transparent-header-meta":"default","adv-header-id-meta":"","stick-header-meta":"default","header-above-stick-meta":"","header-main-stick-meta":"","header-below-stick-meta":"","astra-migrate-meta-layouts":"default","ast-page-background-enabled":"default","ast-page-background-meta":{"desktop":{"background-color":"","background-image":"","background-repeat":"repeat","background-position":"center center","background-size":"auto","background-attachment":"scroll","background-type":"","background-media":"","overlay-type":"","overlay-color":"","overlay-opacity":"","overlay-gradient":""},"tablet":{"background-color":"","background-image":"","background-repeat":"repeat","background-position":"center center","background-size":"auto","background-attachment":"scroll","background-type":"","background-media":"","overlay-type":"","overlay-color":"","overlay-opacity":"","overlay-gradient":""},"mobile":{"background-color":"","background-image":"","background-repeat":"repeat","background-position":"center center","background-size":"auto","background-attachment":"scroll","background-type":"","background-media":"","overlay-type":"","overlay-color":"","overlay-opacity":"","overlay-gradient":""}},"ast-content-background-meta":{"desktop":{"background-color":"var(--ast-global-color-5)","background-image":"","background-repeat":"repeat","background-position":"center center","background-size":"auto","background-attachment":"scroll","background-type":"","background-media":"","overlay-type":"","overlay-color":"","overlay-opacity":"","overlay-gradient":""},"tablet":{"background-color":"var(--ast-global-color-5)","background-image":"","background-repeat":"repeat","background-position":"center center","background-size":"auto","background-attachment":"scroll","background-type":"","background-media":"","overlay-type":"","overlay-color":"","overlay-opacity":"","overlay-gradient":""},"mobile":{"background-color":"var(--ast-global-color-5)","background-image":"","background-repeat":"repeat","background-position":"center center","background-size":"auto","background-attachment":"scroll","background-type":"","background-media":"","overlay-type":"","overlay-color":"","overlay-opacity":"","overlay-gradient":""}},"editor_notices":[],"_joinchat":[]},"product_brand":[],"product_cat":[41],"product_tag":[],"class_list":{"0":"post-1051","1":"product","2":"type-product","3":"status-publish","4":"has-post-thumbnail","6":"product_cat-shungit-proteccion-extrema","7":"desktop-align-center","8":"tablet-align-center","9":"mobile-align-center","10":"ast-product-gallery-layout-horizontal","11":"ast-product-gallery-with-no-image","12":"ast-product-tabs-layout-horizontal","13":"ast-qv-on-image","15":"first","16":"instock","17":"taxable","18":"shipping-taxable","19":"purchasable","20":"product-type-simple"},"yoast_head":"<!-- This site is optimized with the Yoast SEO plugin v26.9 - https:\/\/yoast.com\/product\/yoast-seo-wordpress\/ -->\n<title>Esferas \u00f3 bolas armonizadores Shungit - Anillo Atlante<\/title>\n<meta name=\"robots\" content=\"index, follow, max-snippet:-1, max-image-preview:large, max-video-preview:-1\" \/>\n<link rel=\"canonical\" href=\"https:\/\/www.anilloatlante.com\/en\/shungit-proteccion-extrema\/esferas-o-bolas-armonizadores-shungit\/\" \/>\n<meta property=\"og:locale\" content=\"en_US\" \/>\n<meta property=\"og:type\" content=\"article\" \/>\n<meta property=\"og:title\" content=\"Esferas \u00f3 bolas armonizadores Shungit - Anillo Atlante\" \/>\n<meta property=\"og:description\" content=\"Armonizadores de Shungit.  Pareja bolas de shungit y tulikivi.  100% Shungit Medidas: 3,5cm\" \/>\n<meta property=\"og:url\" content=\"https:\/\/www.anilloatlante.com\/en\/shungit-proteccion-extrema\/esferas-o-bolas-armonizadores-shungit\/\" \/>\n<meta property=\"og:site_name\" content=\"Anillo Atlante\" \/>\n<meta property=\"article:modified_time\" content=\"2021-03-24T08:13:36+00:00\" \/>\n<meta property=\"og:image\" content=\"https:\/\/www.anilloatlante.com\/en\/wp-content\/uploads\/sites\/3\/esferas-o-bolas-armonizadores-shungit.jpg\" \/>\n\t<meta property=\"og:image:width\" content=\"600\" \/>\n\t<meta property=\"og:image:height\" content=\"317\" \/>\n\t<meta property=\"og:image:type\" content=\"image\/jpeg\" \/>\n<meta name=\"twitter:card\" content=\"summary_large_image\" \/>\n<meta name=\"twitter:label1\" content=\"Est. reading time\" \/>\n\t<meta name=\"twitter:data1\" content=\"2 minutes\" \/>\n<script type=\"application\/ld+json\" class=\"yoast-schema-graph\">{\"@context\":\"https:\/\/schema.org\",\"@graph\":[{\"@type\":\"WebPage\",\"@id\":\"https:\/\/www.anilloatlante.com\/en\/shungit-proteccion-extrema\/esferas-o-bolas-armonizadores-shungit\/\",\"url\":\"https:\/\/www.anilloatlante.com\/en\/shungit-proteccion-extrema\/esferas-o-bolas-armonizadores-shungit\/\",\"name\":\"Esferas \u00f3 bolas armonizadores Shungit - Anillo Atlante\",\"isPartOf\":{\"@id\":\"https:\/\/www.anilloatlante.com\/en\/#website\"},\"primaryImageOfPage\":{\"@id\":\"https:\/\/www.anilloatlante.com\/en\/shungit-proteccion-extrema\/esferas-o-bolas-armonizadores-shungit\/#primaryimage\"},\"image\":{\"@id\":\"https:\/\/www.anilloatlante.com\/en\/shungit-proteccion-extrema\/esferas-o-bolas-armonizadores-shungit\/#primaryimage\"},\"thumbnailUrl\":\"https:\/\/www.anilloatlante.com\/en\/wp-content\/uploads\/sites\/3\/esferas-o-bolas-armonizadores-shungit.jpg\",\"datePublished\":\"2020-03-23T19:45:29+00:00\",\"dateModified\":\"2021-03-24T08:13:36+00:00\",\"breadcrumb\":{\"@id\":\"https:\/\/www.anilloatlante.com\/en\/shungit-proteccion-extrema\/esferas-o-bolas-armonizadores-shungit\/#breadcrumb\"},\"inLanguage\":\"en-US\",\"potentialAction\":[{\"@type\":\"ReadAction\",\"target\":[\"https:\/\/www.anilloatlante.com\/en\/shungit-proteccion-extrema\/esferas-o-bolas-armonizadores-shungit\/\"]}]},{\"@type\":\"ImageObject\",\"inLanguage\":\"en-US\",\"@id\":\"https:\/\/www.anilloatlante.com\/en\/shungit-proteccion-extrema\/esferas-o-bolas-armonizadores-shungit\/#primaryimage\",\"url\":\"https:\/\/www.anilloatlante.com\/en\/wp-content\/uploads\/sites\/3\/esferas-o-bolas-armonizadores-shungit.jpg\",\"contentUrl\":\"https:\/\/www.anilloatlante.com\/en\/wp-content\/uploads\/sites\/3\/esferas-o-bolas-armonizadores-shungit.jpg\",\"width\":600,\"height\":317},{\"@type\":\"BreadcrumbList\",\"@id\":\"https:\/\/www.anilloatlante.com\/en\/shungit-proteccion-extrema\/esferas-o-bolas-armonizadores-shungit\/#breadcrumb\",\"itemListElement\":[{\"@type\":\"ListItem\",\"position\":1,\"name\":\"Portada\",\"item\":\"https:\/\/www.anilloatlante.com\/en\/\"},{\"@type\":\"ListItem\",\"position\":2,\"name\":\"Shop\",\"item\":\"https:\/\/www.anilloatlante.com\/en\/shop\/\"},{\"@type\":\"ListItem\",\"position\":3,\"name\":\"Esferas \u00f3 bolas armonizadores Shungit\"}]},{\"@type\":\"WebSite\",\"@id\":\"https:\/\/www.anilloatlante.com\/en\/#website\",\"url\":\"https:\/\/www.anilloatlante.com\/en\/\",\"name\":\"Anillo Atlante\",\"description\":\"\",\"publisher\":{\"@id\":\"https:\/\/www.anilloatlante.com\/en\/#organization\"},\"potentialAction\":[{\"@type\":\"SearchAction\",\"target\":{\"@type\":\"EntryPoint\",\"urlTemplate\":\"https:\/\/www.anilloatlante.com\/en\/?s={search_term_string}\"},\"query-input\":{\"@type\":\"PropertyValueSpecification\",\"valueRequired\":true,\"valueName\":\"search_term_string\"}}],\"inLanguage\":\"en-US\"},{\"@type\":\"Organization\",\"@id\":\"https:\/\/www.anilloatlante.com\/en\/#organization\",\"name\":\"Anillo Atlante\",\"url\":\"https:\/\/www.anilloatlante.com\/en\/\",\"logo\":{\"@type\":\"ImageObject\",\"inLanguage\":\"en-US\",\"@id\":\"https:\/\/www.anilloatlante.com\/en\/#\/schema\/logo\/image\/\",\"url\":\"https:\/\/www.anilloatlante.com\/en\/wp-content\/uploads\/sites\/3\/logo-anillo-atlante-granate.svg\",\"contentUrl\":\"https:\/\/www.anilloatlante.com\/en\/wp-content\/uploads\/sites\/3\/logo-anillo-atlante-granate.svg\",\"caption\":\"Anillo Atlante\"},\"image\":{\"@id\":\"https:\/\/www.anilloatlante.com\/en\/#\/schema\/logo\/image\/\"}}]}<\/script>\n<!-- \/ Yoast SEO plugin. -->","yoast_head_json":{"title":"Esferas \u00f3 bolas armonizadores Shungit - Anillo Atlante","robots":{"index":"index","follow":"follow","max-snippet":"max-snippet:-1","max-image-preview":"max-image-preview:large","max-video-preview":"max-video-preview:-1"},"canonical":"https:\/\/www.anilloatlante.com\/en\/shungit-proteccion-extrema\/esferas-o-bolas-armonizadores-shungit\/","og_locale":"en_US","og_type":"article","og_title":"Esferas \u00f3 bolas armonizadores Shungit - Anillo Atlante","og_description":"Armonizadores de Shungit.  Pareja bolas de shungit y tulikivi.  100% Shungit Medidas: 3,5cm","og_url":"https:\/\/www.anilloatlante.com\/en\/shungit-proteccion-extrema\/esferas-o-bolas-armonizadores-shungit\/","og_site_name":"Anillo Atlante","article_modified_time":"2021-03-24T08:13:36+00:00","og_image":[{"width":600,"height":317,"url":"https:\/\/www.anilloatlante.com\/en\/wp-content\/uploads\/sites\/3\/esferas-o-bolas-armonizadores-shungit.jpg","type":"image\/jpeg"}],"twitter_card":"summary_large_image","twitter_misc":{"Est. reading time":"2 minutes"},"schema":{"@context":"https:\/\/schema.org","@graph":[{"@type":"WebPage","@id":"https:\/\/www.anilloatlante.com\/en\/shungit-proteccion-extrema\/esferas-o-bolas-armonizadores-shungit\/","url":"https:\/\/www.anilloatlante.com\/en\/shungit-proteccion-extrema\/esferas-o-bolas-armonizadores-shungit\/","name":"Esferas \u00f3 bolas armonizadores Shungit - Anillo Atlante","isPartOf":{"@id":"https:\/\/www.anilloatlante.com\/en\/#website"},"primaryImageOfPage":{"@id":"https:\/\/www.anilloatlante.com\/en\/shungit-proteccion-extrema\/esferas-o-bolas-armonizadores-shungit\/#primaryimage"},"image":{"@id":"https:\/\/www.anilloatlante.com\/en\/shungit-proteccion-extrema\/esferas-o-bolas-armonizadores-shungit\/#primaryimage"},"thumbnailUrl":"https:\/\/www.anilloatlante.com\/en\/wp-content\/uploads\/sites\/3\/esferas-o-bolas-armonizadores-shungit.jpg","datePublished":"2020-03-23T19:45:29+00:00","dateModified":"2021-03-24T08:13:36+00:00","breadcrumb":{"@id":"https:\/\/www.anilloatlante.com\/en\/shungit-proteccion-extrema\/esferas-o-bolas-armonizadores-shungit\/#breadcrumb"},"inLanguage":"en-US","potentialAction":[{"@type":"ReadAction","target":["https:\/\/www.anilloatlante.com\/en\/shungit-proteccion-extrema\/esferas-o-bolas-armonizadores-shungit\/"]}]},{"@type":"ImageObject","inLanguage":"en-US","@id":"https:\/\/www.anilloatlante.com\/en\/shungit-proteccion-extrema\/esferas-o-bolas-armonizadores-shungit\/#primaryimage","url":"https:\/\/www.anilloatlante.com\/en\/wp-content\/uploads\/sites\/3\/esferas-o-bolas-armonizadores-shungit.jpg","contentUrl":"https:\/\/www.anilloatlante.com\/en\/wp-content\/uploads\/sites\/3\/esferas-o-bolas-armonizadores-shungit.jpg","width":600,"height":317},{"@type":"BreadcrumbList","@id":"https:\/\/www.anilloatlante.com\/en\/shungit-proteccion-extrema\/esferas-o-bolas-armonizadores-shungit\/#breadcrumb","itemListElement":[{"@type":"ListItem","position":1,"name":"Portada","item":"https:\/\/www.anilloatlante.com\/en\/"},{"@type":"ListItem","position":2,"name":"Shop","item":"https:\/\/www.anilloatlante.com\/en\/shop\/"},{"@type":"ListItem","position":3,"name":"Esferas \u00f3 bolas armonizadores Shungit"}]},{"@type":"WebSite","@id":"https:\/\/www.anilloatlante.com\/en\/#website","url":"https:\/\/www.anilloatlante.com\/en\/","name":"Anillo Atlante","description":"","publisher":{"@id":"https:\/\/www.anilloatlante.com\/en\/#organization"},"potentialAction":[{"@type":"SearchAction","target":{"@type":"EntryPoint","urlTemplate":"https:\/\/www.anilloatlante.com\/en\/?s={search_term_string}"},"query-input":{"@type":"PropertyValueSpecification","valueRequired":true,"valueName":"search_term_string"}}],"inLanguage":"en-US"},{"@type":"Organization","@id":"https:\/\/www.anilloatlante.com\/en\/#organization","name":"Anillo Atlante","url":"https:\/\/www.anilloatlante.com\/en\/","logo":{"@type":"ImageObject","inLanguage":"en-US","@id":"https:\/\/www.anilloatlante.com\/en\/#\/schema\/logo\/image\/","url":"https:\/\/www.anilloatlante.com\/en\/wp-content\/uploads\/sites\/3\/logo-anillo-atlante-granate.svg","contentUrl":"https:\/\/www.anilloatlante.com\/en\/wp-content\/uploads\/sites\/3\/logo-anillo-atlante-granate.svg","caption":"Anillo Atlante"},"image":{"@id":"https:\/\/www.anilloatlante.com\/en\/#\/schema\/logo\/image\/"}}]}},"_links":{"self":[{"href":"https:\/\/www.anilloatlante.com\/en\/wp-json\/wp\/v2\/product\/1051","targetHints":{"allow":["GET"]}}],"collection":[{"href":"https:\/\/www.anilloatlante.com\/en\/wp-json\/wp\/v2\/product"}],"about":[{"href":"https:\/\/www.anilloatlante.com\/en\/wp-json\/wp\/v2\/types\/product"}],"version-history":[{"count":3,"href":"https:\/\/www.anilloatlante.com\/en\/wp-json\/wp\/v2\/product\/1051\/revisions"}],"predecessor-version":[{"id":5272,"href":"https:\/\/www.anilloatlante.com\/en\/wp-json\/wp\/v2\/product\/1051\/revisions\/5272"}],"wp:featuredmedia":[{"embeddable":true,"href":"https:\/\/www.anilloatlante.com\/en\/wp-json\/wp\/v2\/media\/1052"}],"wp:attachment":[{"href":"https:\/\/www.anilloatlante.com\/en\/wp-json\/wp\/v2\/media?parent=1051"}],"wp:term":[{"taxonomy":"product_brand","embeddable":true,"href":"https:\/\/www.anilloatlante.com\/en\/wp-json\/wp\/v2\/product_brand?post=1051"},{"taxonomy":"product_cat","embeddable":true,"href":"https:\/\/www.anilloatlante.com\/en\/wp-json\/wp\/v2\/product_cat?post=1051"},{"taxonomy":"product_tag","embeddable":true,"href":"https:\/\/www.anilloatlante.com\/en\/wp-json\/wp\/v2\/product_tag?post=1051"}],"curies":[{"name":"wp","href":"https:\/\/api.w.org\/{rel}","templated":true}]}}