{"id":1055,"date":"2020-03-23T20:45:29","date_gmt":"2020-03-23T19:45:29","guid":{"rendered":"https:\/\/www.anilloatlante.com\/producto\/colgante-shungit-elite\/"},"modified":"2024-09-13T13:08:59","modified_gmt":"2024-09-13T11:08:59","slug":"colgante-shungit-elite","status":"publish","type":"product","link":"https:\/\/www.anilloatlante.com\/en\/shungit-proteccion-extrema\/colgante-shungit-elite\/","title":{"rendered":"Colgante Shungit &#8220;ELITE&#8221;"},"content":{"rendered":"<p>La Shungite &#8220;<strong>Elite<\/strong> &#8221; \u00f3 cristalizada , es la Shungite en su m\u00e1xima pureza,est\u00e1 determinado por el nivel de carb\u00f3n en su composici\u00f3n. En este caso, la Shungite cristalizada \u00f3 llamada shungit &#8220;elite&#8221; como su nombre indica, tiene un nivel superior al 95% de fullerenos. La raz\u00f3n que no encontremos estas piezas talladas es por su dureza, ya que se parten al intentar tallarlas, por esta raz\u00f3n se vende en bruto ,tanto en colgante como en naturales \u00f3 tambi\u00e9n llamadas mineral en bruto \u00f3 sin tallar, solo el 1% de la shungit extra\u00edda en Carelia es shungit de esta calidad la Elite, el resto shungit tiene alrededor de 35% de fullerenos.<\/p>\n<p><img fetchpriority=\"high\" decoding=\"async\" class=\"alignnone size-full wp-image-1485\" src=\"https:\/\/www.anilloatlante.com\/wp-content\/uploads\/sites\/3\/100-shungit-ELITE-250gr.jpg\" alt=\"\" width=\"540\" height=\"400\" \/><br \/>\n<strong>Foto shugit&#8221;Elite&#8221; \u00f3 cristalizada<\/strong>, en bruto de nuestra coleci\u00f3n privada de 250g.<\/p>\n<p>Son muy escasas en mundo de estos pesos de calidad cristalizada \u00f3 tambi\u00e9n llamada shungit Elite&#8221;. Solo 1% shungit de Carelia (Rusia) es cristalizada.<\/p>\n<p><strong>Sus propiedades raras y excepcionales han sido reconocidas por 3 premios nobel: HAROLD KROTO, ROBERT CURL Y RICHARD SMALLEY.<\/strong><\/p>\n<p>Esta Shungite debe de tener , si se puede en contacto con la piel, hace que opere en nosotros un trabajo instant\u00e1neo para \u201cguiarnos en la vida y encontrar nuestro camino\u201d en numerosos problemas de la vida. Se produce un fen\u00f3meno de escudo protector sobre todas las fuerzas perturbadoras activas. Lo ideal es llevarlo a la altura del chacra coraz\u00f3n durante todo el d\u00eda sobre todo en aquellos periodos en el que nos encontramos m\u00e1s bajos de energ\u00eda, estresados o deprimidos.<\/p>\n<p>En 20 minutos minutos en contacto con la Shungite, nuestra aura se equilibra y mejora y al estar bien de energ\u00eda y protegidos, atraeremos e irradiaremos buena energ\u00eda. Ya es sabido eso de \u201cbuena energ\u00eda atrae buena energ\u00eda\u201d<\/p>\n<p>Es importante quitarse la Shungite para dormir, ya que nuestro cuerpo deve descansar de todo.<\/p>\n<p>Es una piedra negra, relativamente ligera. Se parece al carb\u00f3n. Esta piedra protege, limpia, regenera, mejora y neutraliza. Y adem\u00e1s:<\/p>\n<ul>\n<li>Alivia los dolores<\/li>\n<li>Recarga la energ\u00eda nuestro cuerpo<\/li>\n<li>Limpia el aura<\/li>\n<li>Protege instant\u00e1neamente<\/li>\n<li>Dinamiza y fertiliza la tierra<\/li>\n<li>Entra en la composici\u00f3n de un autentico <strong>&#8221; Elixir de vida&#8221;<\/strong><\/li>\n<\/ul>\n","protected":false},"excerpt":{"rendered":"<p>Colgante Shungit &#8220;Elite&#8221; \u00f3 cristalizada.<\/p>\n<p>*estas piezas varian la forma, ya que no hay ninguna igual al ser piezas en bruto, cada una es \u00fanica no hay dos iguales, se parecen todas, elegiremos una bonita. &#8220;.<\/p>\n","protected":false},"featured_media":1056,"template":"","meta":{"site-sidebar-layout":"default","site-content-layout":"default","ast-site-content-layout":"default","site-content-style":"default","site-sidebar-style":"default","ast-global-header-display":"","ast-banner-title-visibility":"","ast-main-header-display":"","ast-hfb-above-header-display":"","ast-hfb-below-header-display":"","ast-hfb-mobile-header-display":"","site-post-title":"","ast-breadcrumbs-content":"","ast-featured-img":"","footer-sml-layout":"","ast-disable-related-posts":"","theme-transparent-header-meta":"default","adv-header-id-meta":"","stick-header-meta":"default","header-above-stick-meta":"","header-main-stick-meta":"","header-below-stick-meta":"","astra-migrate-meta-layouts":"default","ast-page-background-enabled":"default","ast-page-background-meta":{"desktop":{"background-color":"","background-image":"","background-repeat":"repeat","background-position":"center center","background-size":"auto","background-attachment":"scroll","background-type":"","background-media":"","overlay-type":"","overlay-color":"","overlay-opacity":"","overlay-gradient":""},"tablet":{"background-color":"","background-image":"","background-repeat":"repeat","background-position":"center center","background-size":"auto","background-attachment":"scroll","background-type":"","background-media":"","overlay-type":"","overlay-color":"","overlay-opacity":"","overlay-gradient":""},"mobile":{"background-color":"","background-image":"","background-repeat":"repeat","background-position":"center center","background-size":"auto","background-attachment":"scroll","background-type":"","background-media":"","overlay-type":"","overlay-color":"","overlay-opacity":"","overlay-gradient":""}},"ast-content-background-meta":{"desktop":{"background-color":"var(--ast-global-color-5)","background-image":"","background-repeat":"repeat","background-position":"center center","background-size":"auto","background-attachment":"scroll","background-type":"","background-media":"","overlay-type":"","overlay-color":"","overlay-opacity":"","overlay-gradient":""},"tablet":{"background-color":"var(--ast-global-color-5)","background-image":"","background-repeat":"repeat","background-position":"center center","background-size":"auto","background-attachment":"scroll","background-type":"","background-media":"","overlay-type":"","overlay-color":"","overlay-opacity":"","overlay-gradient":""},"mobile":{"background-color":"var(--ast-global-color-5)","background-image":"","background-repeat":"repeat","background-position":"center center","background-size":"auto","background-attachment":"scroll","background-type":"","background-media":"","overlay-type":"","overlay-color":"","overlay-opacity":"","overlay-gradient":""}},"editor_notices":[],"_joinchat":[]},"product_brand":[],"product_cat":[41],"product_tag":[],"class_list":{"0":"post-1055","1":"product","2":"type-product","3":"status-publish","4":"has-post-thumbnail","6":"product_cat-shungit-proteccion-extrema","7":"desktop-align-center","8":"tablet-align-center","9":"mobile-align-center","10":"ast-product-gallery-layout-horizontal","11":"ast-product-gallery-with-no-image","12":"ast-product-tabs-layout-horizontal","13":"ast-qv-on-image","15":"first","16":"instock","17":"featured","18":"taxable","19":"shipping-taxable","20":"purchasable","21":"product-type-simple"},"yoast_head":"<!-- This site is optimized with the Yoast SEO plugin v26.9 - https:\/\/yoast.com\/product\/yoast-seo-wordpress\/ -->\n<title>Colgante Shungit &quot;ELITE&quot; - Anillo Atlante<\/title>\n<meta name=\"robots\" content=\"index, follow, max-snippet:-1, max-image-preview:large, max-video-preview:-1\" \/>\n<link rel=\"canonical\" href=\"https:\/\/www.anilloatlante.com\/en\/shungit-proteccion-extrema\/colgante-shungit-elite\/\" \/>\n<meta property=\"og:locale\" content=\"en_US\" \/>\n<meta property=\"og:type\" content=\"article\" \/>\n<meta property=\"og:title\" content=\"Colgante Shungit &quot;ELITE&quot; - Anillo Atlante\" \/>\n<meta property=\"og:description\" content=\"Colgante Shungit &quot;Elite&quot; \u00f3 cristalizada.  *estas piezas varian la forma, ya que no hay ninguna igual al ser piezas en bruto, cada una es \u00fanica no hay dos iguales, se parecen todas, elegiremos una bonita. &quot;.\" \/>\n<meta property=\"og:url\" content=\"https:\/\/www.anilloatlante.com\/en\/shungit-proteccion-extrema\/colgante-shungit-elite\/\" \/>\n<meta property=\"og:site_name\" content=\"Anillo Atlante\" \/>\n<meta property=\"article:modified_time\" content=\"2024-09-13T11:08:59+00:00\" \/>\n<meta property=\"og:image\" content=\"https:\/\/www.anilloatlante.com\/en\/wp-content\/uploads\/sites\/3\/colgante-shungit-elite.jpg\" \/>\n\t<meta property=\"og:image:width\" content=\"513\" \/>\n\t<meta property=\"og:image:height\" content=\"487\" \/>\n\t<meta property=\"og:image:type\" content=\"image\/png\" \/>\n<meta name=\"twitter:card\" content=\"summary_large_image\" \/>\n<meta name=\"twitter:label1\" content=\"Est. reading time\" \/>\n\t<meta name=\"twitter:data1\" content=\"2 minutes\" \/>\n<script type=\"application\/ld+json\" class=\"yoast-schema-graph\">{\"@context\":\"https:\/\/schema.org\",\"@graph\":[{\"@type\":\"WebPage\",\"@id\":\"https:\/\/www.anilloatlante.com\/en\/shungit-proteccion-extrema\/colgante-shungit-elite\/\",\"url\":\"https:\/\/www.anilloatlante.com\/en\/shungit-proteccion-extrema\/colgante-shungit-elite\/\",\"name\":\"Colgante Shungit \\\"ELITE\\\" - Anillo Atlante\",\"isPartOf\":{\"@id\":\"https:\/\/www.anilloatlante.com\/en\/#website\"},\"primaryImageOfPage\":{\"@id\":\"https:\/\/www.anilloatlante.com\/en\/shungit-proteccion-extrema\/colgante-shungit-elite\/#primaryimage\"},\"image\":{\"@id\":\"https:\/\/www.anilloatlante.com\/en\/shungit-proteccion-extrema\/colgante-shungit-elite\/#primaryimage\"},\"thumbnailUrl\":\"https:\/\/www.anilloatlante.com\/en\/wp-content\/uploads\/sites\/3\/colgante-shungit-elite.jpg\",\"datePublished\":\"2020-03-23T19:45:29+00:00\",\"dateModified\":\"2024-09-13T11:08:59+00:00\",\"breadcrumb\":{\"@id\":\"https:\/\/www.anilloatlante.com\/en\/shungit-proteccion-extrema\/colgante-shungit-elite\/#breadcrumb\"},\"inLanguage\":\"en-US\",\"potentialAction\":[{\"@type\":\"ReadAction\",\"target\":[\"https:\/\/www.anilloatlante.com\/en\/shungit-proteccion-extrema\/colgante-shungit-elite\/\"]}]},{\"@type\":\"ImageObject\",\"inLanguage\":\"en-US\",\"@id\":\"https:\/\/www.anilloatlante.com\/en\/shungit-proteccion-extrema\/colgante-shungit-elite\/#primaryimage\",\"url\":\"https:\/\/www.anilloatlante.com\/en\/wp-content\/uploads\/sites\/3\/colgante-shungit-elite.jpg\",\"contentUrl\":\"https:\/\/www.anilloatlante.com\/en\/wp-content\/uploads\/sites\/3\/colgante-shungit-elite.jpg\",\"width\":513,\"height\":487},{\"@type\":\"BreadcrumbList\",\"@id\":\"https:\/\/www.anilloatlante.com\/en\/shungit-proteccion-extrema\/colgante-shungit-elite\/#breadcrumb\",\"itemListElement\":[{\"@type\":\"ListItem\",\"position\":1,\"name\":\"Portada\",\"item\":\"https:\/\/www.anilloatlante.com\/en\/\"},{\"@type\":\"ListItem\",\"position\":2,\"name\":\"Shop\",\"item\":\"https:\/\/www.anilloatlante.com\/en\/shop\/\"},{\"@type\":\"ListItem\",\"position\":3,\"name\":\"Colgante Shungit &#8220;ELITE&#8221;\"}]},{\"@type\":\"WebSite\",\"@id\":\"https:\/\/www.anilloatlante.com\/en\/#website\",\"url\":\"https:\/\/www.anilloatlante.com\/en\/\",\"name\":\"Anillo Atlante\",\"description\":\"\",\"publisher\":{\"@id\":\"https:\/\/www.anilloatlante.com\/en\/#organization\"},\"potentialAction\":[{\"@type\":\"SearchAction\",\"target\":{\"@type\":\"EntryPoint\",\"urlTemplate\":\"https:\/\/www.anilloatlante.com\/en\/?s={search_term_string}\"},\"query-input\":{\"@type\":\"PropertyValueSpecification\",\"valueRequired\":true,\"valueName\":\"search_term_string\"}}],\"inLanguage\":\"en-US\"},{\"@type\":\"Organization\",\"@id\":\"https:\/\/www.anilloatlante.com\/en\/#organization\",\"name\":\"Anillo Atlante\",\"url\":\"https:\/\/www.anilloatlante.com\/en\/\",\"logo\":{\"@type\":\"ImageObject\",\"inLanguage\":\"en-US\",\"@id\":\"https:\/\/www.anilloatlante.com\/en\/#\/schema\/logo\/image\/\",\"url\":\"https:\/\/www.anilloatlante.com\/en\/wp-content\/uploads\/sites\/3\/logo-anillo-atlante-granate.svg\",\"contentUrl\":\"https:\/\/www.anilloatlante.com\/en\/wp-content\/uploads\/sites\/3\/logo-anillo-atlante-granate.svg\",\"caption\":\"Anillo Atlante\"},\"image\":{\"@id\":\"https:\/\/www.anilloatlante.com\/en\/#\/schema\/logo\/image\/\"}}]}<\/script>\n<!-- \/ Yoast SEO plugin. -->","yoast_head_json":{"title":"Colgante Shungit \"ELITE\" - Anillo Atlante","robots":{"index":"index","follow":"follow","max-snippet":"max-snippet:-1","max-image-preview":"max-image-preview:large","max-video-preview":"max-video-preview:-1"},"canonical":"https:\/\/www.anilloatlante.com\/en\/shungit-proteccion-extrema\/colgante-shungit-elite\/","og_locale":"en_US","og_type":"article","og_title":"Colgante Shungit \"ELITE\" - Anillo Atlante","og_description":"Colgante Shungit \"Elite\" \u00f3 cristalizada.  *estas piezas varian la forma, ya que no hay ninguna igual al ser piezas en bruto, cada una es \u00fanica no hay dos iguales, se parecen todas, elegiremos una bonita. \".","og_url":"https:\/\/www.anilloatlante.com\/en\/shungit-proteccion-extrema\/colgante-shungit-elite\/","og_site_name":"Anillo Atlante","article_modified_time":"2024-09-13T11:08:59+00:00","og_image":[{"width":513,"height":487,"url":"https:\/\/www.anilloatlante.com\/en\/wp-content\/uploads\/sites\/3\/colgante-shungit-elite.jpg","type":"image\/png"}],"twitter_card":"summary_large_image","twitter_misc":{"Est. reading time":"2 minutes"},"schema":{"@context":"https:\/\/schema.org","@graph":[{"@type":"WebPage","@id":"https:\/\/www.anilloatlante.com\/en\/shungit-proteccion-extrema\/colgante-shungit-elite\/","url":"https:\/\/www.anilloatlante.com\/en\/shungit-proteccion-extrema\/colgante-shungit-elite\/","name":"Colgante Shungit \"ELITE\" - Anillo Atlante","isPartOf":{"@id":"https:\/\/www.anilloatlante.com\/en\/#website"},"primaryImageOfPage":{"@id":"https:\/\/www.anilloatlante.com\/en\/shungit-proteccion-extrema\/colgante-shungit-elite\/#primaryimage"},"image":{"@id":"https:\/\/www.anilloatlante.com\/en\/shungit-proteccion-extrema\/colgante-shungit-elite\/#primaryimage"},"thumbnailUrl":"https:\/\/www.anilloatlante.com\/en\/wp-content\/uploads\/sites\/3\/colgante-shungit-elite.jpg","datePublished":"2020-03-23T19:45:29+00:00","dateModified":"2024-09-13T11:08:59+00:00","breadcrumb":{"@id":"https:\/\/www.anilloatlante.com\/en\/shungit-proteccion-extrema\/colgante-shungit-elite\/#breadcrumb"},"inLanguage":"en-US","potentialAction":[{"@type":"ReadAction","target":["https:\/\/www.anilloatlante.com\/en\/shungit-proteccion-extrema\/colgante-shungit-elite\/"]}]},{"@type":"ImageObject","inLanguage":"en-US","@id":"https:\/\/www.anilloatlante.com\/en\/shungit-proteccion-extrema\/colgante-shungit-elite\/#primaryimage","url":"https:\/\/www.anilloatlante.com\/en\/wp-content\/uploads\/sites\/3\/colgante-shungit-elite.jpg","contentUrl":"https:\/\/www.anilloatlante.com\/en\/wp-content\/uploads\/sites\/3\/colgante-shungit-elite.jpg","width":513,"height":487},{"@type":"BreadcrumbList","@id":"https:\/\/www.anilloatlante.com\/en\/shungit-proteccion-extrema\/colgante-shungit-elite\/#breadcrumb","itemListElement":[{"@type":"ListItem","position":1,"name":"Portada","item":"https:\/\/www.anilloatlante.com\/en\/"},{"@type":"ListItem","position":2,"name":"Shop","item":"https:\/\/www.anilloatlante.com\/en\/shop\/"},{"@type":"ListItem","position":3,"name":"Colgante Shungit &#8220;ELITE&#8221;"}]},{"@type":"WebSite","@id":"https:\/\/www.anilloatlante.com\/en\/#website","url":"https:\/\/www.anilloatlante.com\/en\/","name":"Anillo Atlante","description":"","publisher":{"@id":"https:\/\/www.anilloatlante.com\/en\/#organization"},"potentialAction":[{"@type":"SearchAction","target":{"@type":"EntryPoint","urlTemplate":"https:\/\/www.anilloatlante.com\/en\/?s={search_term_string}"},"query-input":{"@type":"PropertyValueSpecification","valueRequired":true,"valueName":"search_term_string"}}],"inLanguage":"en-US"},{"@type":"Organization","@id":"https:\/\/www.anilloatlante.com\/en\/#organization","name":"Anillo Atlante","url":"https:\/\/www.anilloatlante.com\/en\/","logo":{"@type":"ImageObject","inLanguage":"en-US","@id":"https:\/\/www.anilloatlante.com\/en\/#\/schema\/logo\/image\/","url":"https:\/\/www.anilloatlante.com\/en\/wp-content\/uploads\/sites\/3\/logo-anillo-atlante-granate.svg","contentUrl":"https:\/\/www.anilloatlante.com\/en\/wp-content\/uploads\/sites\/3\/logo-anillo-atlante-granate.svg","caption":"Anillo Atlante"},"image":{"@id":"https:\/\/www.anilloatlante.com\/en\/#\/schema\/logo\/image\/"}}]}},"_links":{"self":[{"href":"https:\/\/www.anilloatlante.com\/en\/wp-json\/wp\/v2\/product\/1055","targetHints":{"allow":["GET"]}}],"collection":[{"href":"https:\/\/www.anilloatlante.com\/en\/wp-json\/wp\/v2\/product"}],"about":[{"href":"https:\/\/www.anilloatlante.com\/en\/wp-json\/wp\/v2\/types\/product"}],"version-history":[{"count":2,"href":"https:\/\/www.anilloatlante.com\/en\/wp-json\/wp\/v2\/product\/1055\/revisions"}],"predecessor-version":[{"id":2458,"href":"https:\/\/www.anilloatlante.com\/en\/wp-json\/wp\/v2\/product\/1055\/revisions\/2458"}],"wp:featuredmedia":[{"embeddable":true,"href":"https:\/\/www.anilloatlante.com\/en\/wp-json\/wp\/v2\/media\/1056"}],"wp:attachment":[{"href":"https:\/\/www.anilloatlante.com\/en\/wp-json\/wp\/v2\/media?parent=1055"}],"wp:term":[{"taxonomy":"product_brand","embeddable":true,"href":"https:\/\/www.anilloatlante.com\/en\/wp-json\/wp\/v2\/product_brand?post=1055"},{"taxonomy":"product_cat","embeddable":true,"href":"https:\/\/www.anilloatlante.com\/en\/wp-json\/wp\/v2\/product_cat?post=1055"},{"taxonomy":"product_tag","embeddable":true,"href":"https:\/\/www.anilloatlante.com\/en\/wp-json\/wp\/v2\/product_tag?post=1055"}],"curies":[{"name":"wp","href":"https:\/\/api.w.org\/{rel}","templated":true}]}}