{"id":1061,"date":"2020-03-23T20:45:29","date_gmt":"2020-03-23T19:45:29","guid":{"rendered":"https:\/\/www.anilloatlante.com\/producto\/vaso-shungit-de-29-ml\/"},"modified":"2020-05-05T16:53:51","modified_gmt":"2020-05-05T14:53:51","slug":"vaso-shungit-de-29-ml","status":"publish","type":"product","link":"https:\/\/www.anilloatlante.com\/en\/shungit-proteccion-extrema\/vaso-shungit-de-29-ml\/","title":{"rendered":"Vaso Shungit  de 29 ml."},"content":{"rendered":"<p>Vaso de shungit original de de las minas de Karelia en Rusia, realizado a mano, de una sola pieza .La shungit tiene propiedades bactericidas naturales, cuando llenamos el vaso shungit con agua del grifo, obtienes f\u00e1cilmente un aut\u00e9ntico <strong>\u201celixir de vida\u201d, como dice NICOLAS ALMAND en su libro &#8220;Shungit extrema protecci\u00f3n&#8221;<\/strong> mina shungit<\/p>\n<p><img decoding=\"async\" class=\"alignnone size-full wp-image-1544\" src=\"https:\/\/www.anilloatlante.com\/wp-content\/uploads\/sites\/3\/mina.jpg\" alt=\"\" width=\"250\" height=\"188\" \/><br \/>\n<strong>Foto de monta\u00f1a de shungit en karelia<\/strong><\/p>\n<p>La Piedra del vaso shungit ,la transforma en un agua vibratoriamente elevada y purificada.<br \/>\nSe puede utilizar todo tipo de bebidas como para zumos,leche.<\/p>\n<p><strong>UTILIZACI\u00d3N:<\/strong><br \/>\nPara obtener agua purificada y lista para beber, s\u00f3lo tendr\u00e1s que llenar un vaso y dejarla durante 15-20 minutos,(cuando compras el vaso la primera vez no la beber\u00e1s esa agua ,lo utilizaras para limpiarte la cara ,el pelo ,las plantas &#8230; la raz\u00f3n que realizamos esta limpieza ,es por si quedan restos de polvo shungit que no es malo pero tiene demasiados minerales , por lo que limpiaras bien el vaso, y despues la segunda vez ,ya lo llenaremos otra vez con agua y al os 15 a 20 minutos ,esa agua la utilizais ya para beber ,siempre que quieras. En tan poco tiempo cambia totalmente el sabor original. Para convertir al l\u00edquido limpio y transparente en agua sana. Numerosas investigaciones cient\u00edficas han demostrado que el agua tiene efectos beneficiosos como:<\/p>\n<ul>\n<li>Sanea y dulcifica el agua.<\/li>\n<li>Suprime el gusto y el olor de cloro.<\/li>\n<li>Capta y destruye los metales pesados (es una acci\u00f3n de las fullerenes).<\/li>\n<li>Reduce los residuos de pesticidas.<\/li>\n<li>Nos rehidrata mucho mejor, as\u00ed como a los animales y a las plantas.<\/li>\n<li>Posee unas propiedades bactericidas naturales.<\/li>\n<\/ul>\n<p>Cuando consumimos regularmente est\u00e1 aguade shungit , reactivada por las fullerenes de la Shungit, se produce una desintoxicaci\u00f3n de nuestro organismo lo que proporciona una agradable sensaci\u00f3n de bienestar y una mayor energ\u00eda f\u00edsica<br \/>\nUn fen\u00f3meno de desintoxicaci\u00f3n celular se produce en un primer momento, a fin de liberar de la saturaci\u00f3n de todo lo que no es conforme en nuestro organismo.<br \/>\nDespu\u00e9s, tiene lugar un trabajo de reparaci\u00f3n, de regeneraci\u00f3n progresiva de algunas situaciones que nos han causado fragilidades y debilidades.<\/p>\n<p>* no meter el vaso en lavaplatos, por precauci\u00f3n.<\/p>\n","protected":false},"excerpt":{"rendered":"<p>Vaso de Shungit pulido. (Rusia) 100% shungit.<\/p>\n<p><strong>Medidas:<\/strong> 10cm x 7,5cm de diametro.<\/p>\n","protected":false},"featured_media":1062,"template":"","meta":{"site-sidebar-layout":"default","site-content-layout":"default","ast-site-content-layout":"default","site-content-style":"default","site-sidebar-style":"default","ast-global-header-display":"","ast-banner-title-visibility":"","ast-main-header-display":"","ast-hfb-above-header-display":"","ast-hfb-below-header-display":"","ast-hfb-mobile-header-display":"","site-post-title":"","ast-breadcrumbs-content":"","ast-featured-img":"","footer-sml-layout":"","ast-disable-related-posts":"","theme-transparent-header-meta":"default","adv-header-id-meta":"","stick-header-meta":"default","header-above-stick-meta":"","header-main-stick-meta":"","header-below-stick-meta":"","astra-migrate-meta-layouts":"default","ast-page-background-enabled":"default","ast-page-background-meta":{"desktop":{"background-color":"","background-image":"","background-repeat":"repeat","background-position":"center center","background-size":"auto","background-attachment":"scroll","background-type":"","background-media":"","overlay-type":"","overlay-color":"","overlay-opacity":"","overlay-gradient":""},"tablet":{"background-color":"","background-image":"","background-repeat":"repeat","background-position":"center center","background-size":"auto","background-attachment":"scroll","background-type":"","background-media":"","overlay-type":"","overlay-color":"","overlay-opacity":"","overlay-gradient":""},"mobile":{"background-color":"","background-image":"","background-repeat":"repeat","background-position":"center center","background-size":"auto","background-attachment":"scroll","background-type":"","background-media":"","overlay-type":"","overlay-color":"","overlay-opacity":"","overlay-gradient":""}},"ast-content-background-meta":{"desktop":{"background-color":"var(--ast-global-color-5)","background-image":"","background-repeat":"repeat","background-position":"center center","background-size":"auto","background-attachment":"scroll","background-type":"","background-media":"","overlay-type":"","overlay-color":"","overlay-opacity":"","overlay-gradient":""},"tablet":{"background-color":"var(--ast-global-color-5)","background-image":"","background-repeat":"repeat","background-position":"center center","background-size":"auto","background-attachment":"scroll","background-type":"","background-media":"","overlay-type":"","overlay-color":"","overlay-opacity":"","overlay-gradient":""},"mobile":{"background-color":"var(--ast-global-color-5)","background-image":"","background-repeat":"repeat","background-position":"center center","background-size":"auto","background-attachment":"scroll","background-type":"","background-media":"","overlay-type":"","overlay-color":"","overlay-opacity":"","overlay-gradient":""}},"editor_notices":[],"_joinchat":[]},"product_brand":[],"product_cat":[41],"product_tag":[],"class_list":{"0":"post-1061","1":"product","2":"type-product","3":"status-publish","4":"has-post-thumbnail","6":"product_cat-shungit-proteccion-extrema","7":"desktop-align-center","8":"tablet-align-center","9":"mobile-align-center","10":"ast-product-gallery-layout-horizontal","11":"ast-product-gallery-with-no-image","12":"ast-product-tabs-layout-horizontal","13":"ast-qv-on-image","15":"first","16":"outofstock","17":"taxable","18":"shipping-taxable","19":"purchasable","20":"product-type-simple"},"yoast_head":"<!-- This site is optimized with the Yoast SEO plugin v26.9 - https:\/\/yoast.com\/product\/yoast-seo-wordpress\/ -->\n<title>Vaso Shungit de 29 ml. - Anillo Atlante<\/title>\n<meta name=\"robots\" content=\"index, follow, max-snippet:-1, max-image-preview:large, max-video-preview:-1\" \/>\n<link rel=\"canonical\" href=\"https:\/\/www.anilloatlante.com\/en\/shungit-proteccion-extrema\/vaso-shungit-de-29-ml\/\" \/>\n<meta property=\"og:locale\" content=\"en_US\" \/>\n<meta property=\"og:type\" content=\"article\" \/>\n<meta property=\"og:title\" content=\"Vaso Shungit de 29 ml. - Anillo Atlante\" \/>\n<meta property=\"og:description\" content=\"Vaso de Shungit pulido. (Rusia) 100% shungit.  Medidas: 10cm x 7,5cm de diametro.\" \/>\n<meta property=\"og:url\" content=\"https:\/\/www.anilloatlante.com\/en\/shungit-proteccion-extrema\/vaso-shungit-de-29-ml\/\" \/>\n<meta property=\"og:site_name\" content=\"Anillo Atlante\" \/>\n<meta property=\"article:modified_time\" content=\"2020-05-05T14:53:51+00:00\" \/>\n<meta property=\"og:image\" content=\"https:\/\/www.anilloatlante.com\/en\/wp-content\/uploads\/sites\/3\/vaso-shungit-de-29ml.jpg\" \/>\n\t<meta property=\"og:image:width\" content=\"600\" \/>\n\t<meta property=\"og:image:height\" content=\"485\" \/>\n\t<meta property=\"og:image:type\" content=\"image\/jpeg\" \/>\n<meta name=\"twitter:card\" content=\"summary_large_image\" \/>\n<meta name=\"twitter:label1\" content=\"Est. reading time\" \/>\n\t<meta name=\"twitter:data1\" content=\"2 minutes\" \/>\n<script type=\"application\/ld+json\" class=\"yoast-schema-graph\">{\"@context\":\"https:\/\/schema.org\",\"@graph\":[{\"@type\":\"WebPage\",\"@id\":\"https:\/\/www.anilloatlante.com\/en\/shungit-proteccion-extrema\/vaso-shungit-de-29-ml\/\",\"url\":\"https:\/\/www.anilloatlante.com\/en\/shungit-proteccion-extrema\/vaso-shungit-de-29-ml\/\",\"name\":\"Vaso Shungit de 29 ml. - Anillo Atlante\",\"isPartOf\":{\"@id\":\"https:\/\/www.anilloatlante.com\/en\/#website\"},\"primaryImageOfPage\":{\"@id\":\"https:\/\/www.anilloatlante.com\/en\/shungit-proteccion-extrema\/vaso-shungit-de-29-ml\/#primaryimage\"},\"image\":{\"@id\":\"https:\/\/www.anilloatlante.com\/en\/shungit-proteccion-extrema\/vaso-shungit-de-29-ml\/#primaryimage\"},\"thumbnailUrl\":\"https:\/\/www.anilloatlante.com\/en\/wp-content\/uploads\/sites\/3\/vaso-shungit-de-29ml.jpg\",\"datePublished\":\"2020-03-23T19:45:29+00:00\",\"dateModified\":\"2020-05-05T14:53:51+00:00\",\"breadcrumb\":{\"@id\":\"https:\/\/www.anilloatlante.com\/en\/shungit-proteccion-extrema\/vaso-shungit-de-29-ml\/#breadcrumb\"},\"inLanguage\":\"en-US\",\"potentialAction\":[{\"@type\":\"ReadAction\",\"target\":[\"https:\/\/www.anilloatlante.com\/en\/shungit-proteccion-extrema\/vaso-shungit-de-29-ml\/\"]}]},{\"@type\":\"ImageObject\",\"inLanguage\":\"en-US\",\"@id\":\"https:\/\/www.anilloatlante.com\/en\/shungit-proteccion-extrema\/vaso-shungit-de-29-ml\/#primaryimage\",\"url\":\"https:\/\/www.anilloatlante.com\/en\/wp-content\/uploads\/sites\/3\/vaso-shungit-de-29ml.jpg\",\"contentUrl\":\"https:\/\/www.anilloatlante.com\/en\/wp-content\/uploads\/sites\/3\/vaso-shungit-de-29ml.jpg\",\"width\":600,\"height\":485},{\"@type\":\"BreadcrumbList\",\"@id\":\"https:\/\/www.anilloatlante.com\/en\/shungit-proteccion-extrema\/vaso-shungit-de-29-ml\/#breadcrumb\",\"itemListElement\":[{\"@type\":\"ListItem\",\"position\":1,\"name\":\"Portada\",\"item\":\"https:\/\/www.anilloatlante.com\/en\/\"},{\"@type\":\"ListItem\",\"position\":2,\"name\":\"Shop\",\"item\":\"https:\/\/www.anilloatlante.com\/en\/shop\/\"},{\"@type\":\"ListItem\",\"position\":3,\"name\":\"Vaso Shungit de 29 ml.\"}]},{\"@type\":\"WebSite\",\"@id\":\"https:\/\/www.anilloatlante.com\/en\/#website\",\"url\":\"https:\/\/www.anilloatlante.com\/en\/\",\"name\":\"Anillo Atlante\",\"description\":\"\",\"publisher\":{\"@id\":\"https:\/\/www.anilloatlante.com\/en\/#organization\"},\"potentialAction\":[{\"@type\":\"SearchAction\",\"target\":{\"@type\":\"EntryPoint\",\"urlTemplate\":\"https:\/\/www.anilloatlante.com\/en\/?s={search_term_string}\"},\"query-input\":{\"@type\":\"PropertyValueSpecification\",\"valueRequired\":true,\"valueName\":\"search_term_string\"}}],\"inLanguage\":\"en-US\"},{\"@type\":\"Organization\",\"@id\":\"https:\/\/www.anilloatlante.com\/en\/#organization\",\"name\":\"Anillo Atlante\",\"url\":\"https:\/\/www.anilloatlante.com\/en\/\",\"logo\":{\"@type\":\"ImageObject\",\"inLanguage\":\"en-US\",\"@id\":\"https:\/\/www.anilloatlante.com\/en\/#\/schema\/logo\/image\/\",\"url\":\"https:\/\/www.anilloatlante.com\/en\/wp-content\/uploads\/sites\/3\/logo-anillo-atlante-granate.svg\",\"contentUrl\":\"https:\/\/www.anilloatlante.com\/en\/wp-content\/uploads\/sites\/3\/logo-anillo-atlante-granate.svg\",\"caption\":\"Anillo Atlante\"},\"image\":{\"@id\":\"https:\/\/www.anilloatlante.com\/en\/#\/schema\/logo\/image\/\"}}]}<\/script>\n<!-- \/ Yoast SEO plugin. -->","yoast_head_json":{"title":"Vaso Shungit de 29 ml. - Anillo Atlante","robots":{"index":"index","follow":"follow","max-snippet":"max-snippet:-1","max-image-preview":"max-image-preview:large","max-video-preview":"max-video-preview:-1"},"canonical":"https:\/\/www.anilloatlante.com\/en\/shungit-proteccion-extrema\/vaso-shungit-de-29-ml\/","og_locale":"en_US","og_type":"article","og_title":"Vaso Shungit de 29 ml. - Anillo Atlante","og_description":"Vaso de Shungit pulido. (Rusia) 100% shungit.  Medidas: 10cm x 7,5cm de diametro.","og_url":"https:\/\/www.anilloatlante.com\/en\/shungit-proteccion-extrema\/vaso-shungit-de-29-ml\/","og_site_name":"Anillo Atlante","article_modified_time":"2020-05-05T14:53:51+00:00","og_image":[{"width":600,"height":485,"url":"https:\/\/www.anilloatlante.com\/en\/wp-content\/uploads\/sites\/3\/vaso-shungit-de-29ml.jpg","type":"image\/jpeg"}],"twitter_card":"summary_large_image","twitter_misc":{"Est. reading time":"2 minutes"},"schema":{"@context":"https:\/\/schema.org","@graph":[{"@type":"WebPage","@id":"https:\/\/www.anilloatlante.com\/en\/shungit-proteccion-extrema\/vaso-shungit-de-29-ml\/","url":"https:\/\/www.anilloatlante.com\/en\/shungit-proteccion-extrema\/vaso-shungit-de-29-ml\/","name":"Vaso Shungit de 29 ml. - Anillo Atlante","isPartOf":{"@id":"https:\/\/www.anilloatlante.com\/en\/#website"},"primaryImageOfPage":{"@id":"https:\/\/www.anilloatlante.com\/en\/shungit-proteccion-extrema\/vaso-shungit-de-29-ml\/#primaryimage"},"image":{"@id":"https:\/\/www.anilloatlante.com\/en\/shungit-proteccion-extrema\/vaso-shungit-de-29-ml\/#primaryimage"},"thumbnailUrl":"https:\/\/www.anilloatlante.com\/en\/wp-content\/uploads\/sites\/3\/vaso-shungit-de-29ml.jpg","datePublished":"2020-03-23T19:45:29+00:00","dateModified":"2020-05-05T14:53:51+00:00","breadcrumb":{"@id":"https:\/\/www.anilloatlante.com\/en\/shungit-proteccion-extrema\/vaso-shungit-de-29-ml\/#breadcrumb"},"inLanguage":"en-US","potentialAction":[{"@type":"ReadAction","target":["https:\/\/www.anilloatlante.com\/en\/shungit-proteccion-extrema\/vaso-shungit-de-29-ml\/"]}]},{"@type":"ImageObject","inLanguage":"en-US","@id":"https:\/\/www.anilloatlante.com\/en\/shungit-proteccion-extrema\/vaso-shungit-de-29-ml\/#primaryimage","url":"https:\/\/www.anilloatlante.com\/en\/wp-content\/uploads\/sites\/3\/vaso-shungit-de-29ml.jpg","contentUrl":"https:\/\/www.anilloatlante.com\/en\/wp-content\/uploads\/sites\/3\/vaso-shungit-de-29ml.jpg","width":600,"height":485},{"@type":"BreadcrumbList","@id":"https:\/\/www.anilloatlante.com\/en\/shungit-proteccion-extrema\/vaso-shungit-de-29-ml\/#breadcrumb","itemListElement":[{"@type":"ListItem","position":1,"name":"Portada","item":"https:\/\/www.anilloatlante.com\/en\/"},{"@type":"ListItem","position":2,"name":"Shop","item":"https:\/\/www.anilloatlante.com\/en\/shop\/"},{"@type":"ListItem","position":3,"name":"Vaso Shungit de 29 ml."}]},{"@type":"WebSite","@id":"https:\/\/www.anilloatlante.com\/en\/#website","url":"https:\/\/www.anilloatlante.com\/en\/","name":"Anillo Atlante","description":"","publisher":{"@id":"https:\/\/www.anilloatlante.com\/en\/#organization"},"potentialAction":[{"@type":"SearchAction","target":{"@type":"EntryPoint","urlTemplate":"https:\/\/www.anilloatlante.com\/en\/?s={search_term_string}"},"query-input":{"@type":"PropertyValueSpecification","valueRequired":true,"valueName":"search_term_string"}}],"inLanguage":"en-US"},{"@type":"Organization","@id":"https:\/\/www.anilloatlante.com\/en\/#organization","name":"Anillo Atlante","url":"https:\/\/www.anilloatlante.com\/en\/","logo":{"@type":"ImageObject","inLanguage":"en-US","@id":"https:\/\/www.anilloatlante.com\/en\/#\/schema\/logo\/image\/","url":"https:\/\/www.anilloatlante.com\/en\/wp-content\/uploads\/sites\/3\/logo-anillo-atlante-granate.svg","contentUrl":"https:\/\/www.anilloatlante.com\/en\/wp-content\/uploads\/sites\/3\/logo-anillo-atlante-granate.svg","caption":"Anillo Atlante"},"image":{"@id":"https:\/\/www.anilloatlante.com\/en\/#\/schema\/logo\/image\/"}}]}},"_links":{"self":[{"href":"https:\/\/www.anilloatlante.com\/en\/wp-json\/wp\/v2\/product\/1061","targetHints":{"allow":["GET"]}}],"collection":[{"href":"https:\/\/www.anilloatlante.com\/en\/wp-json\/wp\/v2\/product"}],"about":[{"href":"https:\/\/www.anilloatlante.com\/en\/wp-json\/wp\/v2\/types\/product"}],"version-history":[{"count":2,"href":"https:\/\/www.anilloatlante.com\/en\/wp-json\/wp\/v2\/product\/1061\/revisions"}],"predecessor-version":[{"id":2455,"href":"https:\/\/www.anilloatlante.com\/en\/wp-json\/wp\/v2\/product\/1061\/revisions\/2455"}],"wp:featuredmedia":[{"embeddable":true,"href":"https:\/\/www.anilloatlante.com\/en\/wp-json\/wp\/v2\/media\/1062"}],"wp:attachment":[{"href":"https:\/\/www.anilloatlante.com\/en\/wp-json\/wp\/v2\/media?parent=1061"}],"wp:term":[{"taxonomy":"product_brand","embeddable":true,"href":"https:\/\/www.anilloatlante.com\/en\/wp-json\/wp\/v2\/product_brand?post=1061"},{"taxonomy":"product_cat","embeddable":true,"href":"https:\/\/www.anilloatlante.com\/en\/wp-json\/wp\/v2\/product_cat?post=1061"},{"taxonomy":"product_tag","embeddable":true,"href":"https:\/\/www.anilloatlante.com\/en\/wp-json\/wp\/v2\/product_tag?post=1061"}],"curies":[{"name":"wp","href":"https:\/\/api.w.org\/{rel}","templated":true}]}}