{"id":886,"date":"2020-03-23T17:30:13","date_gmt":"2020-03-23T16:30:13","guid":{"rendered":"https:\/\/www.anilloatlante.com\/?post_type=product&#038;p=886"},"modified":"2026-02-07T11:14:47","modified_gmt":"2026-02-07T10:14:47","slug":"small-tetragrammaton-pendant-2cm","status":"publish","type":"product","link":"https:\/\/www.anilloatlante.com\/en\/tetragrammaton\/small-tetragrammaton-pendant-2cm\/","title":{"rendered":"Small Tetragrammaton Pendant\u00ae 2cm"},"content":{"rendered":"<p><em><strong>The\u00a0<\/strong>most powerful protection amulet that exists, it appears 200 years\u00a0before the Christian era,in the first Bible known ,a Hebrew text which was translated into Greek, known as the Septuagint &#8230;\u00a0The wearer shows the way to the light and wisdom and possess infinite powers, giving total protection.<\/em><\/p>\n<p><em>Placed at the door of the house, not allowing the passage of evil &#8220;entities&#8221;, the tetragrammaton represents the supreme being and expresses the domination of spirit over the elements of Nature.<\/em><\/p>\n<p><em><strong>Description and meaning<\/strong><\/em><\/p>\n<p><em><strong>The word TE TRA GRAM MATON\u00ae recorded in Blazing Star or five-pointed star, from Greek FOUR LETTERS which can be summarized as YHVH initial.\u00a0is the Divinity name; It is the Holy One Unutterable name\u00a0,YOD HE VAU . The word YOD HE VAU HE ,\u00a0is pronounced like\u00a0YAHV\u00c9, in other languages has four letters: Spanish (DIOS), Latin\u00a0(DEUS), Greek (TESO), Arabic\u00a0(ALIAH).<\/strong><\/em><\/p>\n<p><em>The meaning of\u00a0YHVH\u00a0 or YOD HE VAU\u00a0is at the bottom of the star in the words:<\/em><\/p>\n<ul>\n<li><em>YOD (o IOD).\u00a0active substance of\u00a0life.<\/em><\/li>\n<li><em>HE. It is the mystery, is the passive principle, wisdom.<\/em><\/li>\n<li><em>VAU (o VAV).\u00a0It is the middle ground between assets and liabilities.<\/em><\/li>\n<li><em>HE. Reaffirms the wisdom.<\/em><\/li>\n<\/ul>\n<p align=\"LEFT\"><em><strong><br \/>\n<\/strong><strong>\u00a0 \u00a0 \u00a0 \u00a0 \u00a0 \u00a0 \u00a0 \u00a0Tetragrammaton written in ancient Hebrew characters, LXXVTS 10b This\u00a0scroll of parchment, found in the Judean Desert, in a cave in Nahal Hever, was dated from the mid-first century E.C.\u00a0It was published in Supplements to Vetus Testamentum, vol. X, 1963,p. 178. renders the divine name by the Tetragrammaton written in ancient Hebrew characters in the following locations:\u00a0Zac 8:20; 9:1, 1, 4.<br \/>\n<\/strong><\/em><\/p>\n<p align=\"LEFT\"><em><strong><br \/>\n<\/strong><strong>DESCRIPTION AND SYMBOLS<\/strong><br \/>\n<\/em><\/p>\n<p><em>The left side numbers on TE 1-2\u00a0\u00a0<\/em><\/p>\n<p class=\"align_center\"><em>\u00a0(The Cross) \u00a0(The Word)The meaning of\u00a0<strong>1<\/strong>\u00a0is the unit as a principle\u00a0and \u00a0<strong>The Divine Masculine<\/strong>.<\/em><\/p>\n<p class=\"align_center\"><em>The meaning of\u00a0<strong>2<\/strong>\u00a0is\u00a0<strong>The Divine Feminine<\/strong>.\u00a0Both numbers are binary generator society and law.<\/em><\/p>\n<p class=\"align_center\"><em>\u00a0The numbers 1-2-3 on the right side on TRA.\u00a0<strong>It&#8217;s the Divine Trinity.\u00a0\u00a0\u00a0<\/strong><\/em><\/p>\n<p class=\"align_center\"><em>\u00a0\u00a0<strong>Inside the star<\/strong>, ;<\/em><\/p>\n<p class=\"align_center\"><em>\u00a0on the top are number 4 \u00a0\u00a0<img decoding=\"async\" src=\"http:\/\/anilloatlante.com\/tienda\/img\/cms\/4.jpg\" alt=\"\" width=\"61\" height=\"48\" \/>jupiter ,\u00a0father of the gods\u00a0,Sachiel the angel of abundance,\u00a0<strong>spiritual eyes are open,\u00a0watching us<\/strong>\u00a0.<\/em><\/p>\n<p class=\"align_center\"><em>Expressing his divinity and his descent.<\/em><\/p>\n<p class=\"align_center\"><em>\u00a0At the\u00a0<strong>on the ends of sides<\/strong>\u00a0(the\u00a0hand of the spirit.) Mars symbol is drawn,\u00a0 God of war, who represents\u00a0<strong>strength.<\/strong><\/em><\/p>\n<p class=\"align_center\"><em>In\u00a0<strong>lower corners<\/strong>\u00a0(legs) we found the symbol of Saturn,\u00a0the\u00a0<strong>establishment<\/strong><strong>.<\/strong><\/em><\/p>\n<p class=\"align_center\"><em>\u00a0In the\u00a0<strong>center left side<\/strong><strong>,<\/strong>\u00a0we found the\u00a0<strong>sun<\/strong>\u00a0who\u00a0<strong>enlightens us and gives us life<\/strong>,\u00a0<strong>the male energy, and positive force;\u00a0<\/strong>while the\u00a0<strong>moon<\/strong>\u00a0on the right represents the\u00a0<strong>feminine energy and negative forces<\/strong>\u00a0and the union of both.<\/em><\/p>\n<p class=\"align_center\"><em>\u00a0In the\u00a0<strong>center<\/strong>, the symbols of\u00a0<strong>Mercury and Venus together<\/strong>,\u00a0<strong>male and female that everyone has<\/strong>, under the backbone of man with Kundalini surrounding it.<\/em><\/p>\n<p class=\"align_center\"><em><img decoding=\"async\" src=\"http:\/\/anilloatlante.com\/tienda\/img\/cms\/MASCU%20FEME%20.jpg\" alt=\"\" width=\"79\" height=\"92\" \/><\/em><\/p>\n<p class=\"align_center\"><em>\u00a0On the right, on the top of side, we found<\/em><\/p>\n<p class=\"align_center\"><em>\u00a0<strong>The Chalice:\u00a0<\/strong>symbol of Female Yoni,\u00a0<strong>the holy Grail<\/strong>, the drink of immortality,\u00a0<strong>abundance<\/strong>.<\/em><\/p>\n<p class=\"align_center\"><em><img decoding=\"async\" src=\"http:\/\/anilloatlante.com\/tienda\/img\/cms\/CALIZ.jpg\" alt=\"\" width=\"42\" height=\"37\" \/><\/em><\/p>\n<p class=\"align_center\"><em>On the left we a\u00a0<strong>scepter or wand<\/strong><strong>: represents the rod of Moses which dominates the elements of nature.<\/strong><\/em><\/p>\n<p class=\"align_center\"><em><strong><img loading=\"lazy\" decoding=\"async\" src=\"http:\/\/anilloatlante.com\/tienda\/img\/cms\/BARA.jpg\" alt=\"\" width=\"45\" height=\"93\" \/><\/strong><\/em><\/p>\n<p class=\"align_center\"><em>\u00a0<strong>Down:<\/strong>\u00a0<strong>the Flaming Sword:\u00a0<\/strong>Will the\u00a0<strong>sacred fire<\/strong>\u00a0that we each have.<img loading=\"lazy\" decoding=\"async\" src=\"http:\/\/anilloatlante.com\/tienda\/img\/cms\/ESPADA%20Y%20NOMBRE.jpg\" alt=\"\" width=\"122\" height=\"40\" \/>\u00a0\u00a0\u00a0<\/em><\/p>\n<p class=\"align_center\"><em>\u00a0On the left we found:<\/em><\/p>\n<p class=\"align_center\"><em>\u00a0<strong>Solomon&#8217;s seal,<\/strong>\u00a0which represents the solar system, where they meet and interlock the\u00a0<strong>male and female energies.\u00a0<\/strong><\/em><\/p>\n<p class=\"align_center\"><em>The seal\u00a0<\/em><em><img loading=\"lazy\" decoding=\"async\" src=\"http:\/\/anilloatlante.com\/tienda\/img\/cms\/SELLO.jpg\" alt=\"\" width=\"32\" height=\"26\" \/>\u00a0represents<strong>\u00a0 the sacred geometry\u00a0<\/strong>one of the most\u00a0<strong>important symbols that we have<\/strong><strong>.<\/strong><\/em><\/p>\n<p class=\"align_center\"><em>On the bottom appears\u00a0<strong>YODHEVAVHE \u00a0\u00a0<img loading=\"lazy\" decoding=\"async\" src=\"http:\/\/anilloatlante.com\/tienda\/img\/cms\/ESPADA%20Y%20NOMBRE.jpg\" alt=\"\" width=\"122\" height=\"40\" \/><br \/>\nIt&#8217;s God&#8217;s name translated from the Hebrew symbols.<\/strong><\/em><\/p>\n<p class=\"uppercase\" align=\"LEFT\">\u00a0\u00a0<em><strong>HOW TO USE THE PENDANT TETRAGRAMMATON:<br \/>\n<\/strong><\/em><\/p>\n<ul class=\"uppercase\">\n<li><em>It is for own use, shouldn&#8217;t be borrowed. It is your amulet once loaded and cleaned, if someone touches you have to clean it and load it again.<\/em><\/li>\n<li>If you are wearing them\u00a0around\u00a0neck\u00a0protects you from any evil eye. At a time when we need protection, catch it with his right hand and will be armed and protected.\u00a0&#8220;Always with the point of the star up to protect us, never down, the star serves as a claim down the forces of evil&#8221;.<\/li>\n<li>To help someone we know it will not bring over him, because they always want to bring the neck, we put it in a pocket or under the sheets.<\/li>\n<li><em>The Tetragrammaton will be activated for a personal utility.<\/em><\/li>\n<li><em>If protection for the person shall be yours.<\/em><\/li>\n<li>If you want to protect your home or business will be enabled for you, but it will hang above the front door of the house or business, or the door of your room. If you protect your car, be another pendant car, one for your family or friend &#8230; and all will never be your Tetragrammaton for everything. To be one good use for a purpose or place or person.<\/li>\n<\/ul>\n","protected":false},"excerpt":{"rendered":"<p>The<strong>\u00a0<\/strong>most powerful protection amulet that exists, it appears 200 years\u00a0before the Christian era,in the first Bible known ,a Hebrew text which was translated into Greek, known as the Septuagint &#8230;<\/p>\n<p>NOT FOR SALE &amp; DISTRIBUTION\u00a0patent c.e.e tetragrammaton pendant\u00ae<\/p>\n<p><strong>Sterling Silver 925<\/strong><\/p>\n<p><strong>Mesure: 2 cm \u00d8<\/strong><\/p>\n<p>&nbsp;<\/p>\n","protected":false},"featured_media":1833,"template":"","meta":{"site-sidebar-layout":"default","site-content-layout":"default","ast-site-content-layout":"default","site-content-style":"default","site-sidebar-style":"default","ast-global-header-display":"","ast-banner-title-visibility":"","ast-main-header-display":"","ast-hfb-above-header-display":"","ast-hfb-below-header-display":"","ast-hfb-mobile-header-display":"","site-post-title":"","ast-breadcrumbs-content":"","ast-featured-img":"","footer-sml-layout":"","ast-disable-related-posts":"","theme-transparent-header-meta":"default","adv-header-id-meta":"","stick-header-meta":"default","header-above-stick-meta":"","header-main-stick-meta":"","header-below-stick-meta":"","astra-migrate-meta-layouts":"default","ast-page-background-enabled":"default","ast-page-background-meta":{"desktop":{"background-color":"","background-image":"","background-repeat":"repeat","background-position":"center center","background-size":"auto","background-attachment":"scroll","background-type":"","background-media":"","overlay-type":"","overlay-color":"","overlay-opacity":"","overlay-gradient":""},"tablet":{"background-color":"","background-image":"","background-repeat":"repeat","background-position":"center center","background-size":"auto","background-attachment":"scroll","background-type":"","background-media":"","overlay-type":"","overlay-color":"","overlay-opacity":"","overlay-gradient":""},"mobile":{"background-color":"","background-image":"","background-repeat":"repeat","background-position":"center center","background-size":"auto","background-attachment":"scroll","background-type":"","background-media":"","overlay-type":"","overlay-color":"","overlay-opacity":"","overlay-gradient":""}},"ast-content-background-meta":{"desktop":{"background-color":"var(--ast-global-color-5)","background-image":"","background-repeat":"repeat","background-position":"center center","background-size":"auto","background-attachment":"scroll","background-type":"","background-media":"","overlay-type":"","overlay-color":"","overlay-opacity":"","overlay-gradient":""},"tablet":{"background-color":"var(--ast-global-color-5)","background-image":"","background-repeat":"repeat","background-position":"center center","background-size":"auto","background-attachment":"scroll","background-type":"","background-media":"","overlay-type":"","overlay-color":"","overlay-opacity":"","overlay-gradient":""},"mobile":{"background-color":"var(--ast-global-color-5)","background-image":"","background-repeat":"repeat","background-position":"center center","background-size":"auto","background-attachment":"scroll","background-type":"","background-media":"","overlay-type":"","overlay-color":"","overlay-opacity":"","overlay-gradient":""}},"editor_notices":[],"_joinchat":[]},"product_brand":[],"product_cat":[39,40],"product_tag":[],"class_list":{"0":"post-886","1":"product","2":"type-product","3":"status-publish","4":"has-post-thumbnail","6":"product_cat-colgantes-atlante","7":"product_cat-tetragrammaton","8":"desktop-align-center","9":"tablet-align-center","10":"mobile-align-center","11":"ast-product-gallery-layout-horizontal","12":"ast-product-gallery-with-no-image","13":"ast-product-tabs-layout-horizontal","14":"ast-qv-on-image","16":"first","17":"instock","18":"featured","19":"taxable","20":"shipping-taxable","21":"purchasable","22":"product-type-simple"},"yoast_head":"<!-- This site is optimized with the Yoast SEO plugin v26.9 - https:\/\/yoast.com\/product\/yoast-seo-wordpress\/ -->\n<title>Small Tetragrammaton Pendant\u00ae 2cm - Anillo Atlante<\/title>\n<meta name=\"description\" content=\"Colgante Tetragrammat\u00f3n, el amuleto de protecci\u00f3n m\u00e1s\u00a0 potente que existe. Puedes escoger entre dos tama\u00f1os. Entra y descubre sus beneficios\" \/>\n<meta name=\"robots\" content=\"index, follow, max-snippet:-1, max-image-preview:large, max-video-preview:-1\" \/>\n<link rel=\"canonical\" href=\"https:\/\/www.anilloatlante.com\/en\/tetragrammaton\/small-tetragrammaton-pendant-2cm\/\" \/>\n<meta property=\"og:locale\" content=\"en_US\" \/>\n<meta property=\"og:type\" content=\"article\" \/>\n<meta property=\"og:title\" content=\"Small Tetragrammaton Pendant\u00ae 2cm - Anillo Atlante\" \/>\n<meta property=\"og:description\" content=\"Colgante Tetragrammat\u00f3n, el amuleto de protecci\u00f3n m\u00e1s\u00a0 potente que existe. Puedes escoger entre dos tama\u00f1os. Entra y descubre sus beneficios\" \/>\n<meta property=\"og:url\" content=\"https:\/\/www.anilloatlante.com\/en\/tetragrammaton\/small-tetragrammaton-pendant-2cm\/\" \/>\n<meta property=\"og:site_name\" content=\"Anillo Atlante\" \/>\n<meta property=\"article:modified_time\" content=\"2026-02-07T10:14:47+00:00\" \/>\n<meta property=\"og:image\" content=\"https:\/\/www.anilloatlante.com\/en\/wp-content\/uploads\/sites\/3\/colgante-tetragrammaton-peque.png\" \/>\n\t<meta property=\"og:image:width\" content=\"800\" \/>\n\t<meta property=\"og:image:height\" content=\"800\" \/>\n\t<meta property=\"og:image:type\" content=\"image\/png\" \/>\n<meta name=\"twitter:card\" content=\"summary_large_image\" \/>\n<meta name=\"twitter:label1\" content=\"Est. reading time\" \/>\n\t<meta name=\"twitter:data1\" content=\"4 minutes\" \/>\n<script type=\"application\/ld+json\" class=\"yoast-schema-graph\">{\"@context\":\"https:\/\/schema.org\",\"@graph\":[{\"@type\":\"WebPage\",\"@id\":\"https:\/\/www.anilloatlante.com\/en\/tetragrammaton\/small-tetragrammaton-pendant-2cm\/\",\"url\":\"https:\/\/www.anilloatlante.com\/en\/tetragrammaton\/small-tetragrammaton-pendant-2cm\/\",\"name\":\"Small Tetragrammaton Pendant\u00ae 2cm - Anillo Atlante\",\"isPartOf\":{\"@id\":\"https:\/\/www.anilloatlante.com\/en\/#website\"},\"primaryImageOfPage\":{\"@id\":\"https:\/\/www.anilloatlante.com\/en\/tetragrammaton\/small-tetragrammaton-pendant-2cm\/#primaryimage\"},\"image\":{\"@id\":\"https:\/\/www.anilloatlante.com\/en\/tetragrammaton\/small-tetragrammaton-pendant-2cm\/#primaryimage\"},\"thumbnailUrl\":\"https:\/\/www.anilloatlante.com\/en\/wp-content\/uploads\/sites\/3\/colgante-tetragrammaton-peque.png\",\"datePublished\":\"2020-03-23T16:30:13+00:00\",\"dateModified\":\"2026-02-07T10:14:47+00:00\",\"description\":\"Colgante Tetragrammat\u00f3n, el amuleto de protecci\u00f3n m\u00e1s\u00a0 potente que existe. Puedes escoger entre dos tama\u00f1os. Entra y descubre sus beneficios\",\"breadcrumb\":{\"@id\":\"https:\/\/www.anilloatlante.com\/en\/tetragrammaton\/small-tetragrammaton-pendant-2cm\/#breadcrumb\"},\"inLanguage\":\"en-US\",\"potentialAction\":[{\"@type\":\"ReadAction\",\"target\":[\"https:\/\/www.anilloatlante.com\/en\/tetragrammaton\/small-tetragrammaton-pendant-2cm\/\"]}]},{\"@type\":\"ImageObject\",\"inLanguage\":\"en-US\",\"@id\":\"https:\/\/www.anilloatlante.com\/en\/tetragrammaton\/small-tetragrammaton-pendant-2cm\/#primaryimage\",\"url\":\"https:\/\/www.anilloatlante.com\/en\/wp-content\/uploads\/sites\/3\/colgante-tetragrammaton-peque.png\",\"contentUrl\":\"https:\/\/www.anilloatlante.com\/en\/wp-content\/uploads\/sites\/3\/colgante-tetragrammaton-peque.png\",\"width\":800,\"height\":800},{\"@type\":\"BreadcrumbList\",\"@id\":\"https:\/\/www.anilloatlante.com\/en\/tetragrammaton\/small-tetragrammaton-pendant-2cm\/#breadcrumb\",\"itemListElement\":[{\"@type\":\"ListItem\",\"position\":1,\"name\":\"Portada\",\"item\":\"https:\/\/www.anilloatlante.com\/en\/\"},{\"@type\":\"ListItem\",\"position\":2,\"name\":\"Shop\",\"item\":\"https:\/\/www.anilloatlante.com\/en\/shop\/\"},{\"@type\":\"ListItem\",\"position\":3,\"name\":\"Small Tetragrammaton Pendant\u00ae 2cm\"}]},{\"@type\":\"WebSite\",\"@id\":\"https:\/\/www.anilloatlante.com\/en\/#website\",\"url\":\"https:\/\/www.anilloatlante.com\/en\/\",\"name\":\"Anillo Atlante\",\"description\":\"\",\"publisher\":{\"@id\":\"https:\/\/www.anilloatlante.com\/en\/#organization\"},\"potentialAction\":[{\"@type\":\"SearchAction\",\"target\":{\"@type\":\"EntryPoint\",\"urlTemplate\":\"https:\/\/www.anilloatlante.com\/en\/?s={search_term_string}\"},\"query-input\":{\"@type\":\"PropertyValueSpecification\",\"valueRequired\":true,\"valueName\":\"search_term_string\"}}],\"inLanguage\":\"en-US\"},{\"@type\":\"Organization\",\"@id\":\"https:\/\/www.anilloatlante.com\/en\/#organization\",\"name\":\"Anillo Atlante\",\"url\":\"https:\/\/www.anilloatlante.com\/en\/\",\"logo\":{\"@type\":\"ImageObject\",\"inLanguage\":\"en-US\",\"@id\":\"https:\/\/www.anilloatlante.com\/en\/#\/schema\/logo\/image\/\",\"url\":\"https:\/\/www.anilloatlante.com\/en\/wp-content\/uploads\/sites\/3\/logo-anillo-atlante-granate.svg\",\"contentUrl\":\"https:\/\/www.anilloatlante.com\/en\/wp-content\/uploads\/sites\/3\/logo-anillo-atlante-granate.svg\",\"caption\":\"Anillo Atlante\"},\"image\":{\"@id\":\"https:\/\/www.anilloatlante.com\/en\/#\/schema\/logo\/image\/\"}}]}<\/script>\n<!-- \/ Yoast SEO plugin. -->","yoast_head_json":{"title":"Small Tetragrammaton Pendant\u00ae 2cm - Anillo Atlante","description":"Colgante Tetragrammat\u00f3n, el amuleto de protecci\u00f3n m\u00e1s\u00a0 potente que existe. Puedes escoger entre dos tama\u00f1os. Entra y descubre sus beneficios","robots":{"index":"index","follow":"follow","max-snippet":"max-snippet:-1","max-image-preview":"max-image-preview:large","max-video-preview":"max-video-preview:-1"},"canonical":"https:\/\/www.anilloatlante.com\/en\/tetragrammaton\/small-tetragrammaton-pendant-2cm\/","og_locale":"en_US","og_type":"article","og_title":"Small Tetragrammaton Pendant\u00ae 2cm - Anillo Atlante","og_description":"Colgante Tetragrammat\u00f3n, el amuleto de protecci\u00f3n m\u00e1s\u00a0 potente que existe. Puedes escoger entre dos tama\u00f1os. Entra y descubre sus beneficios","og_url":"https:\/\/www.anilloatlante.com\/en\/tetragrammaton\/small-tetragrammaton-pendant-2cm\/","og_site_name":"Anillo Atlante","article_modified_time":"2026-02-07T10:14:47+00:00","og_image":[{"width":800,"height":800,"url":"https:\/\/www.anilloatlante.com\/en\/wp-content\/uploads\/sites\/3\/colgante-tetragrammaton-peque.png","type":"image\/png"}],"twitter_card":"summary_large_image","twitter_misc":{"Est. reading time":"4 minutes"},"schema":{"@context":"https:\/\/schema.org","@graph":[{"@type":"WebPage","@id":"https:\/\/www.anilloatlante.com\/en\/tetragrammaton\/small-tetragrammaton-pendant-2cm\/","url":"https:\/\/www.anilloatlante.com\/en\/tetragrammaton\/small-tetragrammaton-pendant-2cm\/","name":"Small Tetragrammaton Pendant\u00ae 2cm - Anillo Atlante","isPartOf":{"@id":"https:\/\/www.anilloatlante.com\/en\/#website"},"primaryImageOfPage":{"@id":"https:\/\/www.anilloatlante.com\/en\/tetragrammaton\/small-tetragrammaton-pendant-2cm\/#primaryimage"},"image":{"@id":"https:\/\/www.anilloatlante.com\/en\/tetragrammaton\/small-tetragrammaton-pendant-2cm\/#primaryimage"},"thumbnailUrl":"https:\/\/www.anilloatlante.com\/en\/wp-content\/uploads\/sites\/3\/colgante-tetragrammaton-peque.png","datePublished":"2020-03-23T16:30:13+00:00","dateModified":"2026-02-07T10:14:47+00:00","description":"Colgante Tetragrammat\u00f3n, el amuleto de protecci\u00f3n m\u00e1s\u00a0 potente que existe. Puedes escoger entre dos tama\u00f1os. Entra y descubre sus beneficios","breadcrumb":{"@id":"https:\/\/www.anilloatlante.com\/en\/tetragrammaton\/small-tetragrammaton-pendant-2cm\/#breadcrumb"},"inLanguage":"en-US","potentialAction":[{"@type":"ReadAction","target":["https:\/\/www.anilloatlante.com\/en\/tetragrammaton\/small-tetragrammaton-pendant-2cm\/"]}]},{"@type":"ImageObject","inLanguage":"en-US","@id":"https:\/\/www.anilloatlante.com\/en\/tetragrammaton\/small-tetragrammaton-pendant-2cm\/#primaryimage","url":"https:\/\/www.anilloatlante.com\/en\/wp-content\/uploads\/sites\/3\/colgante-tetragrammaton-peque.png","contentUrl":"https:\/\/www.anilloatlante.com\/en\/wp-content\/uploads\/sites\/3\/colgante-tetragrammaton-peque.png","width":800,"height":800},{"@type":"BreadcrumbList","@id":"https:\/\/www.anilloatlante.com\/en\/tetragrammaton\/small-tetragrammaton-pendant-2cm\/#breadcrumb","itemListElement":[{"@type":"ListItem","position":1,"name":"Portada","item":"https:\/\/www.anilloatlante.com\/en\/"},{"@type":"ListItem","position":2,"name":"Shop","item":"https:\/\/www.anilloatlante.com\/en\/shop\/"},{"@type":"ListItem","position":3,"name":"Small Tetragrammaton Pendant\u00ae 2cm"}]},{"@type":"WebSite","@id":"https:\/\/www.anilloatlante.com\/en\/#website","url":"https:\/\/www.anilloatlante.com\/en\/","name":"Anillo Atlante","description":"","publisher":{"@id":"https:\/\/www.anilloatlante.com\/en\/#organization"},"potentialAction":[{"@type":"SearchAction","target":{"@type":"EntryPoint","urlTemplate":"https:\/\/www.anilloatlante.com\/en\/?s={search_term_string}"},"query-input":{"@type":"PropertyValueSpecification","valueRequired":true,"valueName":"search_term_string"}}],"inLanguage":"en-US"},{"@type":"Organization","@id":"https:\/\/www.anilloatlante.com\/en\/#organization","name":"Anillo Atlante","url":"https:\/\/www.anilloatlante.com\/en\/","logo":{"@type":"ImageObject","inLanguage":"en-US","@id":"https:\/\/www.anilloatlante.com\/en\/#\/schema\/logo\/image\/","url":"https:\/\/www.anilloatlante.com\/en\/wp-content\/uploads\/sites\/3\/logo-anillo-atlante-granate.svg","contentUrl":"https:\/\/www.anilloatlante.com\/en\/wp-content\/uploads\/sites\/3\/logo-anillo-atlante-granate.svg","caption":"Anillo Atlante"},"image":{"@id":"https:\/\/www.anilloatlante.com\/en\/#\/schema\/logo\/image\/"}}]}},"_links":{"self":[{"href":"https:\/\/www.anilloatlante.com\/en\/wp-json\/wp\/v2\/product\/886","targetHints":{"allow":["GET"]}}],"collection":[{"href":"https:\/\/www.anilloatlante.com\/en\/wp-json\/wp\/v2\/product"}],"about":[{"href":"https:\/\/www.anilloatlante.com\/en\/wp-json\/wp\/v2\/types\/product"}],"version-history":[{"count":5,"href":"https:\/\/www.anilloatlante.com\/en\/wp-json\/wp\/v2\/product\/886\/revisions"}],"predecessor-version":[{"id":4985,"href":"https:\/\/www.anilloatlante.com\/en\/wp-json\/wp\/v2\/product\/886\/revisions\/4985"}],"wp:featuredmedia":[{"embeddable":true,"href":"https:\/\/www.anilloatlante.com\/en\/wp-json\/wp\/v2\/media\/1833"}],"wp:attachment":[{"href":"https:\/\/www.anilloatlante.com\/en\/wp-json\/wp\/v2\/media?parent=886"}],"wp:term":[{"taxonomy":"product_brand","embeddable":true,"href":"https:\/\/www.anilloatlante.com\/en\/wp-json\/wp\/v2\/product_brand?post=886"},{"taxonomy":"product_cat","embeddable":true,"href":"https:\/\/www.anilloatlante.com\/en\/wp-json\/wp\/v2\/product_cat?post=886"},{"taxonomy":"product_tag","embeddable":true,"href":"https:\/\/www.anilloatlante.com\/en\/wp-json\/wp\/v2\/product_tag?post=886"}],"curies":[{"name":"wp","href":"https:\/\/api.w.org\/{rel}","templated":true}]}}