{"id":918,"date":"2020-03-23T20:45:20","date_gmt":"2020-03-23T19:45:20","guid":{"rendered":"https:\/\/www.anilloatlante.com\/producto\/pulsera-con-cubo-shungit-6mm\/"},"modified":"2022-11-28T17:49:34","modified_gmt":"2022-11-28T16:49:34","slug":"pulsera-con-cubo-shungit-6mm","status":"publish","type":"product","link":"https:\/\/www.anilloatlante.com\/en\/shungit-proteccion-extrema\/pulsera-con-cubo-shungit-6mm\/","title":{"rendered":"Pulsera con cubo Shungit 6mm."},"content":{"rendered":"<p>La Pulsera de cordos con un cuadrado Shungit de 6mm con nudos correderos. Esta maravillosa piedra act\u00faa como uno de las piedras excelentes como  escudo protector de la contaminaci\u00f3n  electromagn\u00e9tica que nos producen ordenadores, wifi, tv, antenas, microondas&#8230; y tambi\u00e9n nos ayuda equilibrar nuestro cuerpo. El &#8220;chi&#8221; es nuestra energ\u00eda el estres, depresiones, ansiedad &#8230;cierran nuestros chacras en numerosas pruebas que se han  realizando en  ensayos terap\u00e9uticos de acupuntura, radiostesia, mediciones aura, la colocaci\u00f3n en la mu\u00f1eca para tratar enfermedades que implican determinadas partes del cuerpo, por eso este m\u00e9todo terap\u00e9utico basado en la teor\u00eda de los meridianos y colaterales y el funcionamiento del sistema nervioso de nuestro cuerpo a funcionado muy bien seg\u00fan numerosos estudios, si unimos esto a las cualidades especiales de este mineral, veremos que la pulsera Shungit puede aportarnos grandes beneficios por su composici\u00f3n unica en mundo, ya que no hay otro mineras con esta composici\u00f3n, por eso  han sido reconocidas por 3 cient\u00edficos \u2013 Harold Kroto, Robert Curl et Richard Smalley, a los cuales les han concedido el premio Nobel. Ellos citan a la Shungit como:<\/p>\n<p><strong>&#8220;Una maravilla de la naturaleza&#8221;<\/strong><\/p>\n<p>La Shungit posee unas propiedades, una composici\u00f3n y una estructura \u00fanicas en el mundo de los minerales.<\/p>\n<p>Tenga en cuenta que el pulido pierde su brillo en contacto con el agua. La Shungit es una piedra carb\u00f3nica, as\u00ed que con el uso prolongado o en contacto con el sudor, puede dejar trazos grises o negros.<\/p>\n<p><img decoding=\"async\" src=\"https:\/\/www.anilloatlante.com\/wp-content\/uploads\/sites\/3\/Personalizar-SELLO-DE-CAUCHO-30\u00d81-1_2.jpeg\" alt=\"\" width=\"197\" height=\"200\" class=\"alignnone size-full wp-image-1538\" \/><\/p>\n","protected":false},"excerpt":{"rendered":"<p>Preciosa pulsera de Shungit de cordon con un cuadrado 6mm con nudos correderos para ajustar su tama\u00f1o. La shungit en pulsera act\u00faa sobre los meridianos, equilibrando nuestros chacras y protegi\u00e9ndonos de energ\u00edas negativas. Stop radiaciones electromagn\u00e9ticas.<\/p>\n<p><strong>Medidas:<\/strong> cuadrado shungit 6mm y cord\u00f3n negro.<br \/>\n<strong>Origen:<\/strong> Rusia.Carelia.<\/p>\n","protected":false},"featured_media":919,"template":"","meta":{"site-sidebar-layout":"default","site-content-layout":"default","ast-site-content-layout":"default","site-content-style":"default","site-sidebar-style":"default","ast-global-header-display":"","ast-banner-title-visibility":"","ast-main-header-display":"","ast-hfb-above-header-display":"","ast-hfb-below-header-display":"","ast-hfb-mobile-header-display":"","site-post-title":"","ast-breadcrumbs-content":"","ast-featured-img":"","footer-sml-layout":"","ast-disable-related-posts":"","theme-transparent-header-meta":"default","adv-header-id-meta":"","stick-header-meta":"default","header-above-stick-meta":"","header-main-stick-meta":"","header-below-stick-meta":"","astra-migrate-meta-layouts":"default","ast-page-background-enabled":"default","ast-page-background-meta":{"desktop":{"background-color":"","background-image":"","background-repeat":"repeat","background-position":"center center","background-size":"auto","background-attachment":"scroll","background-type":"","background-media":"","overlay-type":"","overlay-color":"","overlay-opacity":"","overlay-gradient":""},"tablet":{"background-color":"","background-image":"","background-repeat":"repeat","background-position":"center center","background-size":"auto","background-attachment":"scroll","background-type":"","background-media":"","overlay-type":"","overlay-color":"","overlay-opacity":"","overlay-gradient":""},"mobile":{"background-color":"","background-image":"","background-repeat":"repeat","background-position":"center center","background-size":"auto","background-attachment":"scroll","background-type":"","background-media":"","overlay-type":"","overlay-color":"","overlay-opacity":"","overlay-gradient":""}},"ast-content-background-meta":{"desktop":{"background-color":"var(--ast-global-color-5)","background-image":"","background-repeat":"repeat","background-position":"center center","background-size":"auto","background-attachment":"scroll","background-type":"","background-media":"","overlay-type":"","overlay-color":"","overlay-opacity":"","overlay-gradient":""},"tablet":{"background-color":"var(--ast-global-color-5)","background-image":"","background-repeat":"repeat","background-position":"center center","background-size":"auto","background-attachment":"scroll","background-type":"","background-media":"","overlay-type":"","overlay-color":"","overlay-opacity":"","overlay-gradient":""},"mobile":{"background-color":"var(--ast-global-color-5)","background-image":"","background-repeat":"repeat","background-position":"center center","background-size":"auto","background-attachment":"scroll","background-type":"","background-media":"","overlay-type":"","overlay-color":"","overlay-opacity":"","overlay-gradient":""}},"editor_notices":[],"_joinchat":[]},"product_brand":[],"product_cat":[41],"product_tag":[],"class_list":{"0":"post-918","1":"product","2":"type-product","3":"status-publish","4":"has-post-thumbnail","6":"product_cat-shungit-proteccion-extrema","7":"desktop-align-center","8":"tablet-align-center","9":"mobile-align-center","10":"ast-product-gallery-layout-horizontal","11":"ast-product-gallery-with-no-image","12":"ast-product-tabs-layout-horizontal","13":"ast-qv-on-image","15":"first","16":"instock","17":"taxable","18":"shipping-taxable","19":"purchasable","20":"product-type-simple"},"yoast_head":"<!-- This site is optimized with the Yoast SEO plugin v26.9 - https:\/\/yoast.com\/product\/yoast-seo-wordpress\/ -->\n<title>Pulsera con cubo Shungit 6mm. - Anillo Atlante<\/title>\n<meta name=\"robots\" content=\"index, follow, max-snippet:-1, max-image-preview:large, max-video-preview:-1\" \/>\n<link rel=\"canonical\" href=\"https:\/\/www.anilloatlante.com\/en\/shungit-proteccion-extrema\/pulsera-con-cubo-shungit-6mm\/\" \/>\n<meta property=\"og:locale\" content=\"en_US\" \/>\n<meta property=\"og:type\" content=\"article\" \/>\n<meta property=\"og:title\" content=\"Pulsera con cubo Shungit 6mm. - Anillo Atlante\" \/>\n<meta property=\"og:description\" content=\"Preciosa pulsera de Shungit de cordon con un cuadrado 6mm con nudos correderos para ajustar su tama\u00f1o. La shungit en pulsera act\u00faa sobre los meridianos, equilibrando nuestros chacras y protegi\u00e9ndonos de energ\u00edas negativas. Stop radiaciones electromagn\u00e9ticas.  Medidas: cuadrado shungit 6mm y cord\u00f3n negro. Origen: Rusia.Carelia.\" \/>\n<meta property=\"og:url\" content=\"https:\/\/www.anilloatlante.com\/en\/shungit-proteccion-extrema\/pulsera-con-cubo-shungit-6mm\/\" \/>\n<meta property=\"og:site_name\" content=\"Anillo Atlante\" \/>\n<meta property=\"article:modified_time\" content=\"2022-11-28T16:49:34+00:00\" \/>\n<meta property=\"og:image\" content=\"https:\/\/www.anilloatlante.com\/en\/wp-content\/uploads\/sites\/3\/pulsera-con-cubo-shungit-6mm.jpg\" \/>\n\t<meta property=\"og:image:width\" content=\"550\" \/>\n\t<meta property=\"og:image:height\" content=\"454\" \/>\n\t<meta property=\"og:image:type\" content=\"image\/png\" \/>\n<meta name=\"twitter:card\" content=\"summary_large_image\" \/>\n<meta name=\"twitter:label1\" content=\"Est. reading time\" \/>\n\t<meta name=\"twitter:data1\" content=\"1 minute\" \/>\n<script type=\"application\/ld+json\" class=\"yoast-schema-graph\">{\"@context\":\"https:\/\/schema.org\",\"@graph\":[{\"@type\":\"WebPage\",\"@id\":\"https:\/\/www.anilloatlante.com\/en\/shungit-proteccion-extrema\/pulsera-con-cubo-shungit-6mm\/\",\"url\":\"https:\/\/www.anilloatlante.com\/en\/shungit-proteccion-extrema\/pulsera-con-cubo-shungit-6mm\/\",\"name\":\"Pulsera con cubo Shungit 6mm. - Anillo Atlante\",\"isPartOf\":{\"@id\":\"https:\/\/www.anilloatlante.com\/en\/#website\"},\"primaryImageOfPage\":{\"@id\":\"https:\/\/www.anilloatlante.com\/en\/shungit-proteccion-extrema\/pulsera-con-cubo-shungit-6mm\/#primaryimage\"},\"image\":{\"@id\":\"https:\/\/www.anilloatlante.com\/en\/shungit-proteccion-extrema\/pulsera-con-cubo-shungit-6mm\/#primaryimage\"},\"thumbnailUrl\":\"https:\/\/www.anilloatlante.com\/en\/wp-content\/uploads\/sites\/3\/pulsera-con-cubo-shungit-6mm.jpg\",\"datePublished\":\"2020-03-23T19:45:20+00:00\",\"dateModified\":\"2022-11-28T16:49:34+00:00\",\"breadcrumb\":{\"@id\":\"https:\/\/www.anilloatlante.com\/en\/shungit-proteccion-extrema\/pulsera-con-cubo-shungit-6mm\/#breadcrumb\"},\"inLanguage\":\"en-US\",\"potentialAction\":[{\"@type\":\"ReadAction\",\"target\":[\"https:\/\/www.anilloatlante.com\/en\/shungit-proteccion-extrema\/pulsera-con-cubo-shungit-6mm\/\"]}]},{\"@type\":\"ImageObject\",\"inLanguage\":\"en-US\",\"@id\":\"https:\/\/www.anilloatlante.com\/en\/shungit-proteccion-extrema\/pulsera-con-cubo-shungit-6mm\/#primaryimage\",\"url\":\"https:\/\/www.anilloatlante.com\/en\/wp-content\/uploads\/sites\/3\/pulsera-con-cubo-shungit-6mm.jpg\",\"contentUrl\":\"https:\/\/www.anilloatlante.com\/en\/wp-content\/uploads\/sites\/3\/pulsera-con-cubo-shungit-6mm.jpg\",\"width\":550,\"height\":454},{\"@type\":\"BreadcrumbList\",\"@id\":\"https:\/\/www.anilloatlante.com\/en\/shungit-proteccion-extrema\/pulsera-con-cubo-shungit-6mm\/#breadcrumb\",\"itemListElement\":[{\"@type\":\"ListItem\",\"position\":1,\"name\":\"Portada\",\"item\":\"https:\/\/www.anilloatlante.com\/en\/\"},{\"@type\":\"ListItem\",\"position\":2,\"name\":\"Shop\",\"item\":\"https:\/\/www.anilloatlante.com\/en\/shop\/\"},{\"@type\":\"ListItem\",\"position\":3,\"name\":\"Pulsera con cubo Shungit 6mm.\"}]},{\"@type\":\"WebSite\",\"@id\":\"https:\/\/www.anilloatlante.com\/en\/#website\",\"url\":\"https:\/\/www.anilloatlante.com\/en\/\",\"name\":\"Anillo Atlante\",\"description\":\"\",\"publisher\":{\"@id\":\"https:\/\/www.anilloatlante.com\/en\/#organization\"},\"potentialAction\":[{\"@type\":\"SearchAction\",\"target\":{\"@type\":\"EntryPoint\",\"urlTemplate\":\"https:\/\/www.anilloatlante.com\/en\/?s={search_term_string}\"},\"query-input\":{\"@type\":\"PropertyValueSpecification\",\"valueRequired\":true,\"valueName\":\"search_term_string\"}}],\"inLanguage\":\"en-US\"},{\"@type\":\"Organization\",\"@id\":\"https:\/\/www.anilloatlante.com\/en\/#organization\",\"name\":\"Anillo Atlante\",\"url\":\"https:\/\/www.anilloatlante.com\/en\/\",\"logo\":{\"@type\":\"ImageObject\",\"inLanguage\":\"en-US\",\"@id\":\"https:\/\/www.anilloatlante.com\/en\/#\/schema\/logo\/image\/\",\"url\":\"https:\/\/www.anilloatlante.com\/en\/wp-content\/uploads\/sites\/3\/logo-anillo-atlante-granate.svg\",\"contentUrl\":\"https:\/\/www.anilloatlante.com\/en\/wp-content\/uploads\/sites\/3\/logo-anillo-atlante-granate.svg\",\"caption\":\"Anillo Atlante\"},\"image\":{\"@id\":\"https:\/\/www.anilloatlante.com\/en\/#\/schema\/logo\/image\/\"}}]}<\/script>\n<!-- \/ Yoast SEO plugin. -->","yoast_head_json":{"title":"Pulsera con cubo Shungit 6mm. - Anillo Atlante","robots":{"index":"index","follow":"follow","max-snippet":"max-snippet:-1","max-image-preview":"max-image-preview:large","max-video-preview":"max-video-preview:-1"},"canonical":"https:\/\/www.anilloatlante.com\/en\/shungit-proteccion-extrema\/pulsera-con-cubo-shungit-6mm\/","og_locale":"en_US","og_type":"article","og_title":"Pulsera con cubo Shungit 6mm. - Anillo Atlante","og_description":"Preciosa pulsera de Shungit de cordon con un cuadrado 6mm con nudos correderos para ajustar su tama\u00f1o. La shungit en pulsera act\u00faa sobre los meridianos, equilibrando nuestros chacras y protegi\u00e9ndonos de energ\u00edas negativas. Stop radiaciones electromagn\u00e9ticas.  Medidas: cuadrado shungit 6mm y cord\u00f3n negro. Origen: Rusia.Carelia.","og_url":"https:\/\/www.anilloatlante.com\/en\/shungit-proteccion-extrema\/pulsera-con-cubo-shungit-6mm\/","og_site_name":"Anillo Atlante","article_modified_time":"2022-11-28T16:49:34+00:00","og_image":[{"width":550,"height":454,"url":"https:\/\/www.anilloatlante.com\/en\/wp-content\/uploads\/sites\/3\/pulsera-con-cubo-shungit-6mm.jpg","type":"image\/png"}],"twitter_card":"summary_large_image","twitter_misc":{"Est. reading time":"1 minute"},"schema":{"@context":"https:\/\/schema.org","@graph":[{"@type":"WebPage","@id":"https:\/\/www.anilloatlante.com\/en\/shungit-proteccion-extrema\/pulsera-con-cubo-shungit-6mm\/","url":"https:\/\/www.anilloatlante.com\/en\/shungit-proteccion-extrema\/pulsera-con-cubo-shungit-6mm\/","name":"Pulsera con cubo Shungit 6mm. - Anillo Atlante","isPartOf":{"@id":"https:\/\/www.anilloatlante.com\/en\/#website"},"primaryImageOfPage":{"@id":"https:\/\/www.anilloatlante.com\/en\/shungit-proteccion-extrema\/pulsera-con-cubo-shungit-6mm\/#primaryimage"},"image":{"@id":"https:\/\/www.anilloatlante.com\/en\/shungit-proteccion-extrema\/pulsera-con-cubo-shungit-6mm\/#primaryimage"},"thumbnailUrl":"https:\/\/www.anilloatlante.com\/en\/wp-content\/uploads\/sites\/3\/pulsera-con-cubo-shungit-6mm.jpg","datePublished":"2020-03-23T19:45:20+00:00","dateModified":"2022-11-28T16:49:34+00:00","breadcrumb":{"@id":"https:\/\/www.anilloatlante.com\/en\/shungit-proteccion-extrema\/pulsera-con-cubo-shungit-6mm\/#breadcrumb"},"inLanguage":"en-US","potentialAction":[{"@type":"ReadAction","target":["https:\/\/www.anilloatlante.com\/en\/shungit-proteccion-extrema\/pulsera-con-cubo-shungit-6mm\/"]}]},{"@type":"ImageObject","inLanguage":"en-US","@id":"https:\/\/www.anilloatlante.com\/en\/shungit-proteccion-extrema\/pulsera-con-cubo-shungit-6mm\/#primaryimage","url":"https:\/\/www.anilloatlante.com\/en\/wp-content\/uploads\/sites\/3\/pulsera-con-cubo-shungit-6mm.jpg","contentUrl":"https:\/\/www.anilloatlante.com\/en\/wp-content\/uploads\/sites\/3\/pulsera-con-cubo-shungit-6mm.jpg","width":550,"height":454},{"@type":"BreadcrumbList","@id":"https:\/\/www.anilloatlante.com\/en\/shungit-proteccion-extrema\/pulsera-con-cubo-shungit-6mm\/#breadcrumb","itemListElement":[{"@type":"ListItem","position":1,"name":"Portada","item":"https:\/\/www.anilloatlante.com\/en\/"},{"@type":"ListItem","position":2,"name":"Shop","item":"https:\/\/www.anilloatlante.com\/en\/shop\/"},{"@type":"ListItem","position":3,"name":"Pulsera con cubo Shungit 6mm."}]},{"@type":"WebSite","@id":"https:\/\/www.anilloatlante.com\/en\/#website","url":"https:\/\/www.anilloatlante.com\/en\/","name":"Anillo Atlante","description":"","publisher":{"@id":"https:\/\/www.anilloatlante.com\/en\/#organization"},"potentialAction":[{"@type":"SearchAction","target":{"@type":"EntryPoint","urlTemplate":"https:\/\/www.anilloatlante.com\/en\/?s={search_term_string}"},"query-input":{"@type":"PropertyValueSpecification","valueRequired":true,"valueName":"search_term_string"}}],"inLanguage":"en-US"},{"@type":"Organization","@id":"https:\/\/www.anilloatlante.com\/en\/#organization","name":"Anillo Atlante","url":"https:\/\/www.anilloatlante.com\/en\/","logo":{"@type":"ImageObject","inLanguage":"en-US","@id":"https:\/\/www.anilloatlante.com\/en\/#\/schema\/logo\/image\/","url":"https:\/\/www.anilloatlante.com\/en\/wp-content\/uploads\/sites\/3\/logo-anillo-atlante-granate.svg","contentUrl":"https:\/\/www.anilloatlante.com\/en\/wp-content\/uploads\/sites\/3\/logo-anillo-atlante-granate.svg","caption":"Anillo Atlante"},"image":{"@id":"https:\/\/www.anilloatlante.com\/en\/#\/schema\/logo\/image\/"}}]}},"_links":{"self":[{"href":"https:\/\/www.anilloatlante.com\/en\/wp-json\/wp\/v2\/product\/918","targetHints":{"allow":["GET"]}}],"collection":[{"href":"https:\/\/www.anilloatlante.com\/en\/wp-json\/wp\/v2\/product"}],"about":[{"href":"https:\/\/www.anilloatlante.com\/en\/wp-json\/wp\/v2\/types\/product"}],"version-history":[{"count":2,"href":"https:\/\/www.anilloatlante.com\/en\/wp-json\/wp\/v2\/product\/918\/revisions"}],"predecessor-version":[{"id":1648,"href":"https:\/\/www.anilloatlante.com\/en\/wp-json\/wp\/v2\/product\/918\/revisions\/1648"}],"wp:featuredmedia":[{"embeddable":true,"href":"https:\/\/www.anilloatlante.com\/en\/wp-json\/wp\/v2\/media\/919"}],"wp:attachment":[{"href":"https:\/\/www.anilloatlante.com\/en\/wp-json\/wp\/v2\/media?parent=918"}],"wp:term":[{"taxonomy":"product_brand","embeddable":true,"href":"https:\/\/www.anilloatlante.com\/en\/wp-json\/wp\/v2\/product_brand?post=918"},{"taxonomy":"product_cat","embeddable":true,"href":"https:\/\/www.anilloatlante.com\/en\/wp-json\/wp\/v2\/product_cat?post=918"},{"taxonomy":"product_tag","embeddable":true,"href":"https:\/\/www.anilloatlante.com\/en\/wp-json\/wp\/v2\/product_tag?post=918"}],"curies":[{"name":"wp","href":"https:\/\/api.w.org\/{rel}","templated":true}]}}