{"id":920,"date":"2020-03-23T20:45:20","date_gmt":"2020-03-23T19:45:20","guid":{"rendered":"https:\/\/www.anilloatlante.com\/producto\/piramide-shungit-8-cm-sin-pulir\/"},"modified":"2022-11-28T18:27:32","modified_gmt":"2022-11-28T17:27:32","slug":"piramide-shungit-8-cm-sin-pulir","status":"publish","type":"product","link":"https:\/\/www.anilloatlante.com\/en\/shungit-proteccion-extrema\/piramide-shungit-8-cm-sin-pulir\/","title":{"rendered":"Piramide shungit 8 cm. sin pulir"},"content":{"rendered":"<p><img fetchpriority=\"high\" decoding=\"async\" class=\"alignnone size-full wp-image-1564\" src=\"https:\/\/www.anilloatlante.com\/wp-content\/uploads\/sites\/3\/proteccion.jpg\" alt=\"\" width=\"300\" height=\"168\" \/><\/p>\n<p><strong>Protecci\u00f3n radiaciones<\/strong><\/p>\n<p><strong>Pir\u00e1mide Shungit 9cm pulida<\/strong><\/p>\n<p>La Shungite tiene la capacidad de absorber y neutralizar completamente las peligrosas frecuencias de la radiaci\u00f3n EMF. La raz\u00f3n por la que se cree que Shungit puede hacer esto se debe a los fullerenos en el interior.<\/p>\n<p>Casi ning\u00fan material en el mundo contiene estos fullerenos, que son mol\u00e9culas de carbono puro y hueco. Estas mol\u00e9culas \u00fanicas son lo que los cient\u00edficos creen que le da a la shungita la capacidad de bloquear la radiaci\u00f3n EMF.<\/p>\n<p>De hecho, el grupo de cient\u00edficos que descubrieron los fullerenos colectivamente gan\u00f3 un premio Nobel a fines de los a\u00f1os noventa. Hasta que se descubri\u00f3 que los fullerenos estaban en Shungit, su existencia en la naturaleza ni siquiera estaba probada.<\/p>\n<p><img decoding=\"async\" class=\"alignnone size-full wp-image-1653\" src=\"https:\/\/www.anilloatlante.com\/wp-content\/uploads\/sites\/3\/elrectro.jpg\" alt=\"\" width=\"235\" height=\"215\" \/><\/p>\n<p><strong>\u00bfC\u00f3mo se usa Shungite para la protecci\u00f3n EMF?<\/strong><br \/>\nA continuaci\u00f3n se presentan los b\u00e1sicos de esas recomendaciones:<\/p>\n<ul>\n<li>Debes colocar una pir\u00e1mide de shungita cerca de los lugares donde pasas mucho tiempo durante el d\u00eda (cerca de la cama, en tu escritorio, etc.)<\/li>\n<li>Es aconsejable que los bordes de la pir\u00e1mide de shungite est\u00e9n estrictamente orientados a las direcciones cardinales, es decir, los lados de la base de la pir\u00e1mide deben estar a lo largo de las l\u00edneas norte-sur y este-oeste. Para lograrlo, debes usar una br\u00fajula al instalarla.<\/li>\n<li>Es conveniente colocar una pir\u00e1mide de shungita cerca de dispositivos que sean fuentes de diversos tipos de radiaci\u00f3n, como televisores, computadoras, hornos de microondas, panaderos el\u00e9ctricos, receptores de radio y tel\u00e9fonos, y otros aparatos dom\u00e9sticos que cambian el fondo electromagn\u00e9tico natural.<\/li>\n<li>El mayor efecto de la pir\u00e1mide de shungit aparece si est\u00e1 ubicado un poco m\u00e1s bajo o un poco m\u00e1s alto que la llanura en la que se encuentra la fuente de radiaci\u00f3n. Para una mejor protecci\u00f3n, coloque la pir\u00e1mide entre usted y la computadora (televisor).<\/li>\n<li>Debe tener en cuenta que las propiedades protectoras de la pir\u00e1mide de shungite se muestran de manera efectiva sobre la llanura en la que se encuentra, por eso no debe ponerla en su computadora o televisor, sino solo en una silla cerca de ellas.<\/li>\n<li>La instalaci\u00f3n de pir\u00e1mides de shungite en una oficina aumentar\u00e1 efectivamente el desempe\u00f1o laboral de las personas presentes a su alrededor. Adem\u00e1s, la pir\u00e1mide crea un campo alrededor de s\u00ed misma, que mejora la condici\u00f3n nerviosa y emocional favorable, activa los pensamientos y estados de \u00e1nimo positivos, lo que contribuye al manejo exitoso de los asuntos.<\/li>\n<li>Tambi\u00e9n se recomienda colocar una pir\u00e1mide de shungite en el sal\u00f3n de su autom\u00f3vil. Su efecto neutraliza las condiciones negativas de los conductores, que desafortunadamente son inevitables en nuestras carreteras. La pir\u00e1mide de shungite influye en el estado general de las personas, la coordinaci\u00f3n de movimientos, el sistema nervioso y reduce el riesgo de accidentes.<\/li>\n<\/ul>\n<p>Para fortalecer el efecto de la pir\u00e1mide en las partes no sanas del cuerpo, se recomienda aplicar la pir\u00e1mide de shungita en el lugar donde se siente el dolor. No debe aplicar la pir\u00e1mide con su parte superior, ya que su efecto en el campo biol\u00f3gico puede ser negativo.<\/p>\n<p><strong>Masaje utilizando una pir\u00e1mide hecha de piedra shungite.<\/strong><\/p>\n<p>Las pir\u00e1mides de shungite se pueden usar para masajes. Una peque\u00f1a pir\u00e1mide pulida ser\u00e1 apta para eso, que puede caber en la palma de una mano. Altamente efectivo es el masaje de la punta de los dedos: es una de las zonas donde se encuentran los puntos de acupuntura, cuya activaci\u00f3n mejora la salud y fortalece la inmunidad. La pir\u00e1mide se coloca en la palma de la mano y presiona la parte superior una a una con las yemas de los dedos de 3 a 4 veces (a partir del pulgar). Despu\u00e9s del masaje con los dedos, se recomienda hacer la hidrataci\u00f3n de la mano, comprimiendo y presionando la pir\u00e1mide con todos los dedos al mismo tiempo. Se recomienda este masaje para eliminar la presi\u00f3n, el estr\u00e9s y purificar el biocampo.<\/p>\n<p>Tama\u00f1os de pir\u00e1mides de shungite.<\/p>\n<p>Existe la opini\u00f3n de que los tama\u00f1os de la pir\u00e1mide deben corresponder a las proporciones de la llamada &#8220;secci\u00f3n dorada&#8221;. Son las mismas proporciones a las que corresponde la gran pir\u00e1mide egipcia. Pero, de hecho, miles de otras pir\u00e1mides antiguas tienen varios tama\u00f1os y relaciones de longitud lateral, por eso ser\u00eda un error considerar la proporci\u00f3n de la secci\u00f3n dorada como la \u00fanica correcta. No hay duda de que el radio efectivo de la pir\u00e1mide depende de las dimensiones y el peso, as\u00ed como de la forma cristalina de la shungit es un est\u00e1. El radio efectivo de la pir\u00e1mide de shungite, dependiendo de la longitud del lado de la base:<\/p>\n<p><strong>Longitud &#8211; Radio<\/strong><\/p>\n<p>4 cm &#8211; 1,6 m<br \/>\n5 cm &#8211; 2,8 m<br \/>\n6 cm &#8211; 3.8 m<br \/>\n7 cm &#8211; 4,5 m<br \/>\n8 cm &#8211; 6,5 m<br \/>\n9 cm &#8211; 8 m<br \/>\n10 cm &#8211; 10 m<br \/>\n15 cm &#8211; 17 m<br \/>\n20 cm &#8211; 22 m<br \/>\n25 cm &#8211; 27 m<\/p>\n<p>Shungite para la protecci\u00f3n EMF<\/p>\n<p><img decoding=\"async\" class=\"alignnone size-full wp-image-1654\" src=\"https:\/\/www.anilloatlante.com\/wp-content\/uploads\/sites\/3\/Piramide-shungit-pulida.jpg\" alt=\"\" width=\"96\" height=\"92\" \/><br \/>\nPir\u00e1mide de shungite piramide<\/p>\n<p><strong>Longitud &#8211; Radio<\/strong><\/p>\n<p>4 cm &#8211; 1,6 m<br \/>\n5 cm &#8211; 2,8 m<br \/>\n6 cm &#8211; 3.8 m<br \/>\n7 cm &#8211; 4,5 m<br \/>\n8 cm &#8211; 6,5 m<br \/>\n9 cm &#8211; 8 m<br \/>\n10 cm &#8211; 10 m<br \/>\n15 cm &#8211; 17 m<br \/>\n20 cm &#8211; 22 m<br \/>\n25 cm &#8211; 27 m<\/p>\n","protected":false},"excerpt":{"rendered":"<p>Pir\u00e1mide protecci\u00f3n Shungit sin pulir<\/p>\n<p><strong>Medidas:<\/strong> 8cm por cada lado. Alto: 7,5cm<\/p>\n<p>Stop radiaci\u00f3n electromagn\u00e9tica<\/p>\n","protected":false},"featured_media":921,"template":"","meta":{"site-sidebar-layout":"default","site-content-layout":"default","ast-site-content-layout":"default","site-content-style":"default","site-sidebar-style":"default","ast-global-header-display":"","ast-banner-title-visibility":"","ast-main-header-display":"","ast-hfb-above-header-display":"","ast-hfb-below-header-display":"","ast-hfb-mobile-header-display":"","site-post-title":"","ast-breadcrumbs-content":"","ast-featured-img":"","footer-sml-layout":"","ast-disable-related-posts":"","theme-transparent-header-meta":"default","adv-header-id-meta":"","stick-header-meta":"default","header-above-stick-meta":"","header-main-stick-meta":"","header-below-stick-meta":"","astra-migrate-meta-layouts":"default","ast-page-background-enabled":"default","ast-page-background-meta":{"desktop":{"background-color":"","background-image":"","background-repeat":"repeat","background-position":"center center","background-size":"auto","background-attachment":"scroll","background-type":"","background-media":"","overlay-type":"","overlay-color":"","overlay-opacity":"","overlay-gradient":""},"tablet":{"background-color":"","background-image":"","background-repeat":"repeat","background-position":"center center","background-size":"auto","background-attachment":"scroll","background-type":"","background-media":"","overlay-type":"","overlay-color":"","overlay-opacity":"","overlay-gradient":""},"mobile":{"background-color":"","background-image":"","background-repeat":"repeat","background-position":"center center","background-size":"auto","background-attachment":"scroll","background-type":"","background-media":"","overlay-type":"","overlay-color":"","overlay-opacity":"","overlay-gradient":""}},"ast-content-background-meta":{"desktop":{"background-color":"var(--ast-global-color-5)","background-image":"","background-repeat":"repeat","background-position":"center center","background-size":"auto","background-attachment":"scroll","background-type":"","background-media":"","overlay-type":"","overlay-color":"","overlay-opacity":"","overlay-gradient":""},"tablet":{"background-color":"var(--ast-global-color-5)","background-image":"","background-repeat":"repeat","background-position":"center center","background-size":"auto","background-attachment":"scroll","background-type":"","background-media":"","overlay-type":"","overlay-color":"","overlay-opacity":"","overlay-gradient":""},"mobile":{"background-color":"var(--ast-global-color-5)","background-image":"","background-repeat":"repeat","background-position":"center center","background-size":"auto","background-attachment":"scroll","background-type":"","background-media":"","overlay-type":"","overlay-color":"","overlay-opacity":"","overlay-gradient":""}},"editor_notices":[],"_joinchat":[]},"product_brand":[],"product_cat":[41],"product_tag":[],"class_list":{"0":"post-920","1":"product","2":"type-product","3":"status-publish","4":"has-post-thumbnail","6":"product_cat-shungit-proteccion-extrema","7":"desktop-align-center","8":"tablet-align-center","9":"mobile-align-center","10":"ast-product-gallery-layout-horizontal","11":"ast-product-gallery-with-no-image","12":"ast-product-tabs-layout-horizontal","13":"ast-qv-on-image","15":"first","16":"instock","17":"taxable","18":"shipping-taxable","19":"purchasable","20":"product-type-simple"},"yoast_head":"<!-- This site is optimized with the Yoast SEO plugin v26.9 - https:\/\/yoast.com\/product\/yoast-seo-wordpress\/ -->\n<title>Piramide shungit 8 cm. sin pulir - Anillo Atlante<\/title>\n<meta name=\"robots\" content=\"index, follow, max-snippet:-1, max-image-preview:large, max-video-preview:-1\" \/>\n<link rel=\"canonical\" href=\"https:\/\/www.anilloatlante.com\/en\/shungit-proteccion-extrema\/piramide-shungit-8-cm-sin-pulir\/\" \/>\n<meta property=\"og:locale\" content=\"en_US\" \/>\n<meta property=\"og:type\" content=\"article\" \/>\n<meta property=\"og:title\" content=\"Piramide shungit 8 cm. sin pulir - Anillo Atlante\" \/>\n<meta property=\"og:description\" content=\"Pir\u00e1mide protecci\u00f3n Shungit sin pulir  Medidas: 8cm por cada lado. Alto: 7,5cm  Stop radiaci\u00f3n electromagn\u00e9tica\" \/>\n<meta property=\"og:url\" content=\"https:\/\/www.anilloatlante.com\/en\/shungit-proteccion-extrema\/piramide-shungit-8-cm-sin-pulir\/\" \/>\n<meta property=\"og:site_name\" content=\"Anillo Atlante\" \/>\n<meta property=\"article:modified_time\" content=\"2022-11-28T17:27:32+00:00\" \/>\n<meta property=\"og:image\" content=\"https:\/\/www.anilloatlante.com\/en\/wp-content\/uploads\/sites\/3\/piramide-shungit-8cm-sin-pulir.jpg\" \/>\n\t<meta property=\"og:image:width\" content=\"535\" \/>\n\t<meta property=\"og:image:height\" content=\"468\" \/>\n\t<meta property=\"og:image:type\" content=\"image\/png\" \/>\n<meta name=\"twitter:card\" content=\"summary_large_image\" \/>\n<meta name=\"twitter:label1\" content=\"Est. reading time\" \/>\n\t<meta name=\"twitter:data1\" content=\"5 minutes\" \/>\n<script type=\"application\/ld+json\" class=\"yoast-schema-graph\">{\"@context\":\"https:\/\/schema.org\",\"@graph\":[{\"@type\":\"WebPage\",\"@id\":\"https:\/\/www.anilloatlante.com\/en\/shungit-proteccion-extrema\/piramide-shungit-8-cm-sin-pulir\/\",\"url\":\"https:\/\/www.anilloatlante.com\/en\/shungit-proteccion-extrema\/piramide-shungit-8-cm-sin-pulir\/\",\"name\":\"Piramide shungit 8 cm. sin pulir - Anillo Atlante\",\"isPartOf\":{\"@id\":\"https:\/\/www.anilloatlante.com\/en\/#website\"},\"primaryImageOfPage\":{\"@id\":\"https:\/\/www.anilloatlante.com\/en\/shungit-proteccion-extrema\/piramide-shungit-8-cm-sin-pulir\/#primaryimage\"},\"image\":{\"@id\":\"https:\/\/www.anilloatlante.com\/en\/shungit-proteccion-extrema\/piramide-shungit-8-cm-sin-pulir\/#primaryimage\"},\"thumbnailUrl\":\"https:\/\/www.anilloatlante.com\/en\/wp-content\/uploads\/sites\/3\/piramide-shungit-8cm-sin-pulir.jpg\",\"datePublished\":\"2020-03-23T19:45:20+00:00\",\"dateModified\":\"2022-11-28T17:27:32+00:00\",\"breadcrumb\":{\"@id\":\"https:\/\/www.anilloatlante.com\/en\/shungit-proteccion-extrema\/piramide-shungit-8-cm-sin-pulir\/#breadcrumb\"},\"inLanguage\":\"en-US\",\"potentialAction\":[{\"@type\":\"ReadAction\",\"target\":[\"https:\/\/www.anilloatlante.com\/en\/shungit-proteccion-extrema\/piramide-shungit-8-cm-sin-pulir\/\"]}]},{\"@type\":\"ImageObject\",\"inLanguage\":\"en-US\",\"@id\":\"https:\/\/www.anilloatlante.com\/en\/shungit-proteccion-extrema\/piramide-shungit-8-cm-sin-pulir\/#primaryimage\",\"url\":\"https:\/\/www.anilloatlante.com\/en\/wp-content\/uploads\/sites\/3\/piramide-shungit-8cm-sin-pulir.jpg\",\"contentUrl\":\"https:\/\/www.anilloatlante.com\/en\/wp-content\/uploads\/sites\/3\/piramide-shungit-8cm-sin-pulir.jpg\",\"width\":535,\"height\":468},{\"@type\":\"BreadcrumbList\",\"@id\":\"https:\/\/www.anilloatlante.com\/en\/shungit-proteccion-extrema\/piramide-shungit-8-cm-sin-pulir\/#breadcrumb\",\"itemListElement\":[{\"@type\":\"ListItem\",\"position\":1,\"name\":\"Portada\",\"item\":\"https:\/\/www.anilloatlante.com\/en\/\"},{\"@type\":\"ListItem\",\"position\":2,\"name\":\"Shop\",\"item\":\"https:\/\/www.anilloatlante.com\/en\/shop\/\"},{\"@type\":\"ListItem\",\"position\":3,\"name\":\"Piramide shungit 8 cm. sin pulir\"}]},{\"@type\":\"WebSite\",\"@id\":\"https:\/\/www.anilloatlante.com\/en\/#website\",\"url\":\"https:\/\/www.anilloatlante.com\/en\/\",\"name\":\"Anillo Atlante\",\"description\":\"\",\"publisher\":{\"@id\":\"https:\/\/www.anilloatlante.com\/en\/#organization\"},\"potentialAction\":[{\"@type\":\"SearchAction\",\"target\":{\"@type\":\"EntryPoint\",\"urlTemplate\":\"https:\/\/www.anilloatlante.com\/en\/?s={search_term_string}\"},\"query-input\":{\"@type\":\"PropertyValueSpecification\",\"valueRequired\":true,\"valueName\":\"search_term_string\"}}],\"inLanguage\":\"en-US\"},{\"@type\":\"Organization\",\"@id\":\"https:\/\/www.anilloatlante.com\/en\/#organization\",\"name\":\"Anillo Atlante\",\"url\":\"https:\/\/www.anilloatlante.com\/en\/\",\"logo\":{\"@type\":\"ImageObject\",\"inLanguage\":\"en-US\",\"@id\":\"https:\/\/www.anilloatlante.com\/en\/#\/schema\/logo\/image\/\",\"url\":\"https:\/\/www.anilloatlante.com\/en\/wp-content\/uploads\/sites\/3\/logo-anillo-atlante-granate.svg\",\"contentUrl\":\"https:\/\/www.anilloatlante.com\/en\/wp-content\/uploads\/sites\/3\/logo-anillo-atlante-granate.svg\",\"caption\":\"Anillo Atlante\"},\"image\":{\"@id\":\"https:\/\/www.anilloatlante.com\/en\/#\/schema\/logo\/image\/\"}}]}<\/script>\n<!-- \/ Yoast SEO plugin. -->","yoast_head_json":{"title":"Piramide shungit 8 cm. sin pulir - Anillo Atlante","robots":{"index":"index","follow":"follow","max-snippet":"max-snippet:-1","max-image-preview":"max-image-preview:large","max-video-preview":"max-video-preview:-1"},"canonical":"https:\/\/www.anilloatlante.com\/en\/shungit-proteccion-extrema\/piramide-shungit-8-cm-sin-pulir\/","og_locale":"en_US","og_type":"article","og_title":"Piramide shungit 8 cm. sin pulir - Anillo Atlante","og_description":"Pir\u00e1mide protecci\u00f3n Shungit sin pulir  Medidas: 8cm por cada lado. Alto: 7,5cm  Stop radiaci\u00f3n electromagn\u00e9tica","og_url":"https:\/\/www.anilloatlante.com\/en\/shungit-proteccion-extrema\/piramide-shungit-8-cm-sin-pulir\/","og_site_name":"Anillo Atlante","article_modified_time":"2022-11-28T17:27:32+00:00","og_image":[{"width":535,"height":468,"url":"https:\/\/www.anilloatlante.com\/en\/wp-content\/uploads\/sites\/3\/piramide-shungit-8cm-sin-pulir.jpg","type":"image\/png"}],"twitter_card":"summary_large_image","twitter_misc":{"Est. reading time":"5 minutes"},"schema":{"@context":"https:\/\/schema.org","@graph":[{"@type":"WebPage","@id":"https:\/\/www.anilloatlante.com\/en\/shungit-proteccion-extrema\/piramide-shungit-8-cm-sin-pulir\/","url":"https:\/\/www.anilloatlante.com\/en\/shungit-proteccion-extrema\/piramide-shungit-8-cm-sin-pulir\/","name":"Piramide shungit 8 cm. sin pulir - Anillo Atlante","isPartOf":{"@id":"https:\/\/www.anilloatlante.com\/en\/#website"},"primaryImageOfPage":{"@id":"https:\/\/www.anilloatlante.com\/en\/shungit-proteccion-extrema\/piramide-shungit-8-cm-sin-pulir\/#primaryimage"},"image":{"@id":"https:\/\/www.anilloatlante.com\/en\/shungit-proteccion-extrema\/piramide-shungit-8-cm-sin-pulir\/#primaryimage"},"thumbnailUrl":"https:\/\/www.anilloatlante.com\/en\/wp-content\/uploads\/sites\/3\/piramide-shungit-8cm-sin-pulir.jpg","datePublished":"2020-03-23T19:45:20+00:00","dateModified":"2022-11-28T17:27:32+00:00","breadcrumb":{"@id":"https:\/\/www.anilloatlante.com\/en\/shungit-proteccion-extrema\/piramide-shungit-8-cm-sin-pulir\/#breadcrumb"},"inLanguage":"en-US","potentialAction":[{"@type":"ReadAction","target":["https:\/\/www.anilloatlante.com\/en\/shungit-proteccion-extrema\/piramide-shungit-8-cm-sin-pulir\/"]}]},{"@type":"ImageObject","inLanguage":"en-US","@id":"https:\/\/www.anilloatlante.com\/en\/shungit-proteccion-extrema\/piramide-shungit-8-cm-sin-pulir\/#primaryimage","url":"https:\/\/www.anilloatlante.com\/en\/wp-content\/uploads\/sites\/3\/piramide-shungit-8cm-sin-pulir.jpg","contentUrl":"https:\/\/www.anilloatlante.com\/en\/wp-content\/uploads\/sites\/3\/piramide-shungit-8cm-sin-pulir.jpg","width":535,"height":468},{"@type":"BreadcrumbList","@id":"https:\/\/www.anilloatlante.com\/en\/shungit-proteccion-extrema\/piramide-shungit-8-cm-sin-pulir\/#breadcrumb","itemListElement":[{"@type":"ListItem","position":1,"name":"Portada","item":"https:\/\/www.anilloatlante.com\/en\/"},{"@type":"ListItem","position":2,"name":"Shop","item":"https:\/\/www.anilloatlante.com\/en\/shop\/"},{"@type":"ListItem","position":3,"name":"Piramide shungit 8 cm. sin pulir"}]},{"@type":"WebSite","@id":"https:\/\/www.anilloatlante.com\/en\/#website","url":"https:\/\/www.anilloatlante.com\/en\/","name":"Anillo Atlante","description":"","publisher":{"@id":"https:\/\/www.anilloatlante.com\/en\/#organization"},"potentialAction":[{"@type":"SearchAction","target":{"@type":"EntryPoint","urlTemplate":"https:\/\/www.anilloatlante.com\/en\/?s={search_term_string}"},"query-input":{"@type":"PropertyValueSpecification","valueRequired":true,"valueName":"search_term_string"}}],"inLanguage":"en-US"},{"@type":"Organization","@id":"https:\/\/www.anilloatlante.com\/en\/#organization","name":"Anillo Atlante","url":"https:\/\/www.anilloatlante.com\/en\/","logo":{"@type":"ImageObject","inLanguage":"en-US","@id":"https:\/\/www.anilloatlante.com\/en\/#\/schema\/logo\/image\/","url":"https:\/\/www.anilloatlante.com\/en\/wp-content\/uploads\/sites\/3\/logo-anillo-atlante-granate.svg","contentUrl":"https:\/\/www.anilloatlante.com\/en\/wp-content\/uploads\/sites\/3\/logo-anillo-atlante-granate.svg","caption":"Anillo Atlante"},"image":{"@id":"https:\/\/www.anilloatlante.com\/en\/#\/schema\/logo\/image\/"}}]}},"_links":{"self":[{"href":"https:\/\/www.anilloatlante.com\/en\/wp-json\/wp\/v2\/product\/920","targetHints":{"allow":["GET"]}}],"collection":[{"href":"https:\/\/www.anilloatlante.com\/en\/wp-json\/wp\/v2\/product"}],"about":[{"href":"https:\/\/www.anilloatlante.com\/en\/wp-json\/wp\/v2\/types\/product"}],"version-history":[{"count":2,"href":"https:\/\/www.anilloatlante.com\/en\/wp-json\/wp\/v2\/product\/920\/revisions"}],"predecessor-version":[{"id":1655,"href":"https:\/\/www.anilloatlante.com\/en\/wp-json\/wp\/v2\/product\/920\/revisions\/1655"}],"wp:featuredmedia":[{"embeddable":true,"href":"https:\/\/www.anilloatlante.com\/en\/wp-json\/wp\/v2\/media\/921"}],"wp:attachment":[{"href":"https:\/\/www.anilloatlante.com\/en\/wp-json\/wp\/v2\/media?parent=920"}],"wp:term":[{"taxonomy":"product_brand","embeddable":true,"href":"https:\/\/www.anilloatlante.com\/en\/wp-json\/wp\/v2\/product_brand?post=920"},{"taxonomy":"product_cat","embeddable":true,"href":"https:\/\/www.anilloatlante.com\/en\/wp-json\/wp\/v2\/product_cat?post=920"},{"taxonomy":"product_tag","embeddable":true,"href":"https:\/\/www.anilloatlante.com\/en\/wp-json\/wp\/v2\/product_tag?post=920"}],"curies":[{"name":"wp","href":"https:\/\/api.w.org\/{rel}","templated":true}]}}