{"id":978,"date":"2020-03-23T20:45:23","date_gmt":"2020-03-23T19:45:23","guid":{"rendered":"https:\/\/www.anilloatlante.com\/producto\/colgante-cuarzo-ahumado\/"},"modified":"2022-11-28T17:55:06","modified_gmt":"2022-11-28T16:55:06","slug":"colgante-cuarzo-ahumado","status":"publish","type":"product","link":"https:\/\/www.anilloatlante.com\/en\/colgantes-minerales\/colgante-cuarzo-ahumado\/","title":{"rendered":"Colgante cuarzo ahumado"},"content":{"rendered":"<h2>CUARZO AHUMADO<\/h2>\n<h3>DEJA TU EQUIPAJE ATR\u00c1S<\/h3>\n<p>El cuarzo ahumado es una variedad del cuarzo, que se caracteriza por su color gris-marr\u00f3n de distintos tonos, desde el que es casi inapreciable al que resulta tan intenso que el mineral es practicamente opaco. Este \u00faltimo recibe el nombre de cuarzo mori\u00f3n. el cuarzo ahumado se usa como piedra protectora y como piedra que aporta energ\u00eda.<\/p>\n<p>Cuando la vida te arroje sombra, devu\u00e9lvela de vuelta con el cristal de cuarzo ahumado, <strong>una poderosa piedra de equilibrio<\/strong> y puesta a tierra que comparte una est\u00e9tica igualmente sombr\u00eda. Esta poderosa piedra es una variaci\u00f3n s\u00faper cargada del extenso grupo de cristales de Cuarzo, pero con un toque distintivo. Obtiene sus tenues notas de marr\u00f3n debido a la exposici\u00f3n a la radiaci\u00f3n subterr\u00e1nea natural de los dep\u00f3sitos de granito, lo que le da al Cuarzo regular un golpe adicional de vibraciones celestes.<\/p>\n<p><strong>CUARZO AHUMADO SIGNIFICADO.<\/strong><br \/>\nEl cuarzo ahumado era conocido como una <strong>piedra de poder<\/strong>. El significado del cristal de cuarzo ahumado est\u00e1 relacionado con las <strong>vibraciones curativas de la tierra<\/strong> que se produjeron durante millones de a\u00f1os, un ciclo que da vida y que da y otorga. En el caso del cuarzo ahumado , fue el duro amor de la madre naturaleza lo que le dio una fuerza distinta en el mundo de las piedras preciosas. Su exposici\u00f3n a la radiaci\u00f3n lo convierte en <strong>una de las piedras m\u00e1s poderosas para limpiar y purificar el ambiente del estr\u00e9s electromagn\u00e9tico<\/strong>, un problema com\u00fan en nuestro mundo moderno de electr\u00f3nica diaria. Debido a este antiguo plano para la protecci\u00f3n del medio ambiente, <strong>la piedra de cristal de cuarzo ahumado es capaz de reconocer el estr\u00e9s electromagn\u00e9tico y geop\u00e1tico, neutraliz\u00e1ndolo y devolvi\u00e9ndolo a la tierra.<\/strong> <\/p>\n<p>Un poderoso limpiador y desintoxicante, cuarzo ahumado  es una herramienta imprescindible para combinar con el Feng Shui, la antigua filosof\u00eda china de crear armon\u00eda y equilibrio en el hogar. Coloque piezas de cuarzo ahumado en \u00e1reas con dispositivos electr\u00f3nicos, como la sala de entretenimiento o el \u00e1rea de trabajo, y d\u00e9le el importante trabajo de absorber y transmutar la radiaci\u00f3n electromagn\u00e9tica, su beneficio curativo de marca registrada.<\/p>\n<p><img fetchpriority=\"high\" decoding=\"async\" src=\"https:\/\/www.anilloatlante.com\/wp-content\/uploads\/sites\/3\/cuarzo.jpg\" alt=\"\" width=\"542\" height=\"381\" class=\"alignnone size-full wp-image-1319\" \/><\/p>\n<p><strong>Propiedades curativas<\/strong><\/p>\n<p><strong>F\u00edsico:<\/strong>  esta piedra preciosa ayuda a aliviar los calambres y calma el sistema nervioso. Tambi\u00e9n ayuda a aliviar los dolores de cabeza, beneficia al coraz\u00f3n, absorbe la radiaci\u00f3n electromagn\u00e9tica de la electr\u00f3nica y alivia los espasmos.<br \/>\n<strong>Mental:<\/strong> el  cuarzo ahumado  tiene la capacidad de sacar a un portador de la depresi\u00f3n, el miedo, la ansiedad y el equilibrio emocional. Alienta el pensamiento positivo y las acciones.<br \/>\n<strong>Espiritual:<\/strong>  esta piedra es probablemente mejor conocida por su capacidad de &#8220;moler&#8221; la energ\u00eda al neutralizar la vibraci\u00f3n negativa. Produce una mentalidad equilibrada.<\/p>\n","protected":false},"excerpt":{"rendered":"<p>Cuarzo Ahumado<\/p>\n<p>El cuarzo ahumado esta facultado para bloquear toda clase de vibra negativa que pueda llegar a nosotros de forma intencionada o no, las absorbe para luego bloquearlas. Se puedes utilizar en tu hogar sino tambi\u00e9n en tu oficina y coche..etc<\/p>\n<p><strong>Medidas:<\/strong> 3,5x3cm<br \/>\n<strong>Material:<\/strong> cuarzo ahumado,engarce den zamak.<\/p>\n<p>Precio cuarzo ahumado natural de Brasil.<\/p>\n","protected":false},"featured_media":979,"template":"","meta":{"site-sidebar-layout":"default","site-content-layout":"default","ast-site-content-layout":"default","site-content-style":"default","site-sidebar-style":"default","ast-global-header-display":"","ast-banner-title-visibility":"","ast-main-header-display":"","ast-hfb-above-header-display":"","ast-hfb-below-header-display":"","ast-hfb-mobile-header-display":"","site-post-title":"","ast-breadcrumbs-content":"","ast-featured-img":"","footer-sml-layout":"","ast-disable-related-posts":"","theme-transparent-header-meta":"default","adv-header-id-meta":"","stick-header-meta":"default","header-above-stick-meta":"","header-main-stick-meta":"","header-below-stick-meta":"","astra-migrate-meta-layouts":"default","ast-page-background-enabled":"default","ast-page-background-meta":{"desktop":{"background-color":"","background-image":"","background-repeat":"repeat","background-position":"center center","background-size":"auto","background-attachment":"scroll","background-type":"","background-media":"","overlay-type":"","overlay-color":"","overlay-opacity":"","overlay-gradient":""},"tablet":{"background-color":"","background-image":"","background-repeat":"repeat","background-position":"center center","background-size":"auto","background-attachment":"scroll","background-type":"","background-media":"","overlay-type":"","overlay-color":"","overlay-opacity":"","overlay-gradient":""},"mobile":{"background-color":"","background-image":"","background-repeat":"repeat","background-position":"center center","background-size":"auto","background-attachment":"scroll","background-type":"","background-media":"","overlay-type":"","overlay-color":"","overlay-opacity":"","overlay-gradient":""}},"ast-content-background-meta":{"desktop":{"background-color":"var(--ast-global-color-5)","background-image":"","background-repeat":"repeat","background-position":"center center","background-size":"auto","background-attachment":"scroll","background-type":"","background-media":"","overlay-type":"","overlay-color":"","overlay-opacity":"","overlay-gradient":""},"tablet":{"background-color":"var(--ast-global-color-5)","background-image":"","background-repeat":"repeat","background-position":"center center","background-size":"auto","background-attachment":"scroll","background-type":"","background-media":"","overlay-type":"","overlay-color":"","overlay-opacity":"","overlay-gradient":""},"mobile":{"background-color":"var(--ast-global-color-5)","background-image":"","background-repeat":"repeat","background-position":"center center","background-size":"auto","background-attachment":"scroll","background-type":"","background-media":"","overlay-type":"","overlay-color":"","overlay-opacity":"","overlay-gradient":""}},"editor_notices":[],"_joinchat":[]},"product_brand":[],"product_cat":[42],"product_tag":[],"class_list":{"0":"post-978","1":"product","2":"type-product","3":"status-publish","4":"has-post-thumbnail","6":"product_cat-colgantes-minerales","7":"desktop-align-center","8":"tablet-align-center","9":"mobile-align-center","10":"ast-product-gallery-layout-horizontal","11":"ast-product-gallery-with-no-image","12":"ast-product-tabs-layout-horizontal","13":"ast-qv-on-image","15":"first","16":"instock","17":"taxable","18":"shipping-taxable","19":"purchasable","20":"product-type-simple"},"yoast_head":"<!-- This site is optimized with the Yoast SEO plugin v26.9 - https:\/\/yoast.com\/product\/yoast-seo-wordpress\/ -->\n<title>Colgante cuarzo ahumado - Anillo Atlante<\/title>\n<meta name=\"robots\" content=\"index, follow, max-snippet:-1, max-image-preview:large, max-video-preview:-1\" \/>\n<link rel=\"canonical\" href=\"https:\/\/www.anilloatlante.com\/en\/colgantes-minerales\/colgante-cuarzo-ahumado\/\" \/>\n<meta property=\"og:locale\" content=\"en_US\" \/>\n<meta property=\"og:type\" content=\"article\" \/>\n<meta property=\"og:title\" content=\"Colgante cuarzo ahumado - Anillo Atlante\" \/>\n<meta property=\"og:description\" content=\"Cuarzo Ahumado  El cuarzo ahumado esta facultado para bloquear toda clase de vibra negativa que pueda llegar a nosotros de forma intencionada o no, las absorbe para luego bloquearlas. Se puedes utilizar en tu hogar sino tambi\u00e9n en tu oficina y coche..etc  Medidas: 3,5x3cm Material: cuarzo ahumado,engarce den zamak.  Precio cuarzo ahumado natural de Brasil.\" \/>\n<meta property=\"og:url\" content=\"https:\/\/www.anilloatlante.com\/en\/colgantes-minerales\/colgante-cuarzo-ahumado\/\" \/>\n<meta property=\"og:site_name\" content=\"Anillo Atlante\" \/>\n<meta property=\"article:modified_time\" content=\"2022-11-28T16:55:06+00:00\" \/>\n<meta property=\"og:image\" content=\"https:\/\/www.anilloatlante.com\/en\/wp-content\/uploads\/sites\/3\/colgante-cuarzo-ahumado.jpg\" \/>\n\t<meta property=\"og:image:width\" content=\"527\" \/>\n\t<meta property=\"og:image:height\" content=\"475\" \/>\n\t<meta property=\"og:image:type\" content=\"image\/png\" \/>\n<meta name=\"twitter:card\" content=\"summary_large_image\" \/>\n<meta name=\"twitter:label1\" content=\"Est. reading time\" \/>\n\t<meta name=\"twitter:data1\" content=\"2 minutes\" \/>\n<script type=\"application\/ld+json\" class=\"yoast-schema-graph\">{\"@context\":\"https:\/\/schema.org\",\"@graph\":[{\"@type\":\"WebPage\",\"@id\":\"https:\/\/www.anilloatlante.com\/en\/colgantes-minerales\/colgante-cuarzo-ahumado\/\",\"url\":\"https:\/\/www.anilloatlante.com\/en\/colgantes-minerales\/colgante-cuarzo-ahumado\/\",\"name\":\"Colgante cuarzo ahumado - Anillo Atlante\",\"isPartOf\":{\"@id\":\"https:\/\/www.anilloatlante.com\/en\/#website\"},\"primaryImageOfPage\":{\"@id\":\"https:\/\/www.anilloatlante.com\/en\/colgantes-minerales\/colgante-cuarzo-ahumado\/#primaryimage\"},\"image\":{\"@id\":\"https:\/\/www.anilloatlante.com\/en\/colgantes-minerales\/colgante-cuarzo-ahumado\/#primaryimage\"},\"thumbnailUrl\":\"https:\/\/www.anilloatlante.com\/en\/wp-content\/uploads\/sites\/3\/colgante-cuarzo-ahumado.jpg\",\"datePublished\":\"2020-03-23T19:45:23+00:00\",\"dateModified\":\"2022-11-28T16:55:06+00:00\",\"breadcrumb\":{\"@id\":\"https:\/\/www.anilloatlante.com\/en\/colgantes-minerales\/colgante-cuarzo-ahumado\/#breadcrumb\"},\"inLanguage\":\"en-US\",\"potentialAction\":[{\"@type\":\"ReadAction\",\"target\":[\"https:\/\/www.anilloatlante.com\/en\/colgantes-minerales\/colgante-cuarzo-ahumado\/\"]}]},{\"@type\":\"ImageObject\",\"inLanguage\":\"en-US\",\"@id\":\"https:\/\/www.anilloatlante.com\/en\/colgantes-minerales\/colgante-cuarzo-ahumado\/#primaryimage\",\"url\":\"https:\/\/www.anilloatlante.com\/en\/wp-content\/uploads\/sites\/3\/colgante-cuarzo-ahumado.jpg\",\"contentUrl\":\"https:\/\/www.anilloatlante.com\/en\/wp-content\/uploads\/sites\/3\/colgante-cuarzo-ahumado.jpg\",\"width\":527,\"height\":475},{\"@type\":\"BreadcrumbList\",\"@id\":\"https:\/\/www.anilloatlante.com\/en\/colgantes-minerales\/colgante-cuarzo-ahumado\/#breadcrumb\",\"itemListElement\":[{\"@type\":\"ListItem\",\"position\":1,\"name\":\"Portada\",\"item\":\"https:\/\/www.anilloatlante.com\/en\/\"},{\"@type\":\"ListItem\",\"position\":2,\"name\":\"Shop\",\"item\":\"https:\/\/www.anilloatlante.com\/en\/shop\/\"},{\"@type\":\"ListItem\",\"position\":3,\"name\":\"Colgante cuarzo ahumado\"}]},{\"@type\":\"WebSite\",\"@id\":\"https:\/\/www.anilloatlante.com\/en\/#website\",\"url\":\"https:\/\/www.anilloatlante.com\/en\/\",\"name\":\"Anillo Atlante\",\"description\":\"\",\"publisher\":{\"@id\":\"https:\/\/www.anilloatlante.com\/en\/#organization\"},\"potentialAction\":[{\"@type\":\"SearchAction\",\"target\":{\"@type\":\"EntryPoint\",\"urlTemplate\":\"https:\/\/www.anilloatlante.com\/en\/?s={search_term_string}\"},\"query-input\":{\"@type\":\"PropertyValueSpecification\",\"valueRequired\":true,\"valueName\":\"search_term_string\"}}],\"inLanguage\":\"en-US\"},{\"@type\":\"Organization\",\"@id\":\"https:\/\/www.anilloatlante.com\/en\/#organization\",\"name\":\"Anillo Atlante\",\"url\":\"https:\/\/www.anilloatlante.com\/en\/\",\"logo\":{\"@type\":\"ImageObject\",\"inLanguage\":\"en-US\",\"@id\":\"https:\/\/www.anilloatlante.com\/en\/#\/schema\/logo\/image\/\",\"url\":\"https:\/\/www.anilloatlante.com\/en\/wp-content\/uploads\/sites\/3\/logo-anillo-atlante-granate.svg\",\"contentUrl\":\"https:\/\/www.anilloatlante.com\/en\/wp-content\/uploads\/sites\/3\/logo-anillo-atlante-granate.svg\",\"caption\":\"Anillo Atlante\"},\"image\":{\"@id\":\"https:\/\/www.anilloatlante.com\/en\/#\/schema\/logo\/image\/\"}}]}<\/script>\n<!-- \/ Yoast SEO plugin. -->","yoast_head_json":{"title":"Colgante cuarzo ahumado - Anillo Atlante","robots":{"index":"index","follow":"follow","max-snippet":"max-snippet:-1","max-image-preview":"max-image-preview:large","max-video-preview":"max-video-preview:-1"},"canonical":"https:\/\/www.anilloatlante.com\/en\/colgantes-minerales\/colgante-cuarzo-ahumado\/","og_locale":"en_US","og_type":"article","og_title":"Colgante cuarzo ahumado - Anillo Atlante","og_description":"Cuarzo Ahumado  El cuarzo ahumado esta facultado para bloquear toda clase de vibra negativa que pueda llegar a nosotros de forma intencionada o no, las absorbe para luego bloquearlas. Se puedes utilizar en tu hogar sino tambi\u00e9n en tu oficina y coche..etc  Medidas: 3,5x3cm Material: cuarzo ahumado,engarce den zamak.  Precio cuarzo ahumado natural de Brasil.","og_url":"https:\/\/www.anilloatlante.com\/en\/colgantes-minerales\/colgante-cuarzo-ahumado\/","og_site_name":"Anillo Atlante","article_modified_time":"2022-11-28T16:55:06+00:00","og_image":[{"width":527,"height":475,"url":"https:\/\/www.anilloatlante.com\/en\/wp-content\/uploads\/sites\/3\/colgante-cuarzo-ahumado.jpg","type":"image\/png"}],"twitter_card":"summary_large_image","twitter_misc":{"Est. reading time":"2 minutes"},"schema":{"@context":"https:\/\/schema.org","@graph":[{"@type":"WebPage","@id":"https:\/\/www.anilloatlante.com\/en\/colgantes-minerales\/colgante-cuarzo-ahumado\/","url":"https:\/\/www.anilloatlante.com\/en\/colgantes-minerales\/colgante-cuarzo-ahumado\/","name":"Colgante cuarzo ahumado - Anillo Atlante","isPartOf":{"@id":"https:\/\/www.anilloatlante.com\/en\/#website"},"primaryImageOfPage":{"@id":"https:\/\/www.anilloatlante.com\/en\/colgantes-minerales\/colgante-cuarzo-ahumado\/#primaryimage"},"image":{"@id":"https:\/\/www.anilloatlante.com\/en\/colgantes-minerales\/colgante-cuarzo-ahumado\/#primaryimage"},"thumbnailUrl":"https:\/\/www.anilloatlante.com\/en\/wp-content\/uploads\/sites\/3\/colgante-cuarzo-ahumado.jpg","datePublished":"2020-03-23T19:45:23+00:00","dateModified":"2022-11-28T16:55:06+00:00","breadcrumb":{"@id":"https:\/\/www.anilloatlante.com\/en\/colgantes-minerales\/colgante-cuarzo-ahumado\/#breadcrumb"},"inLanguage":"en-US","potentialAction":[{"@type":"ReadAction","target":["https:\/\/www.anilloatlante.com\/en\/colgantes-minerales\/colgante-cuarzo-ahumado\/"]}]},{"@type":"ImageObject","inLanguage":"en-US","@id":"https:\/\/www.anilloatlante.com\/en\/colgantes-minerales\/colgante-cuarzo-ahumado\/#primaryimage","url":"https:\/\/www.anilloatlante.com\/en\/wp-content\/uploads\/sites\/3\/colgante-cuarzo-ahumado.jpg","contentUrl":"https:\/\/www.anilloatlante.com\/en\/wp-content\/uploads\/sites\/3\/colgante-cuarzo-ahumado.jpg","width":527,"height":475},{"@type":"BreadcrumbList","@id":"https:\/\/www.anilloatlante.com\/en\/colgantes-minerales\/colgante-cuarzo-ahumado\/#breadcrumb","itemListElement":[{"@type":"ListItem","position":1,"name":"Portada","item":"https:\/\/www.anilloatlante.com\/en\/"},{"@type":"ListItem","position":2,"name":"Shop","item":"https:\/\/www.anilloatlante.com\/en\/shop\/"},{"@type":"ListItem","position":3,"name":"Colgante cuarzo ahumado"}]},{"@type":"WebSite","@id":"https:\/\/www.anilloatlante.com\/en\/#website","url":"https:\/\/www.anilloatlante.com\/en\/","name":"Anillo Atlante","description":"","publisher":{"@id":"https:\/\/www.anilloatlante.com\/en\/#organization"},"potentialAction":[{"@type":"SearchAction","target":{"@type":"EntryPoint","urlTemplate":"https:\/\/www.anilloatlante.com\/en\/?s={search_term_string}"},"query-input":{"@type":"PropertyValueSpecification","valueRequired":true,"valueName":"search_term_string"}}],"inLanguage":"en-US"},{"@type":"Organization","@id":"https:\/\/www.anilloatlante.com\/en\/#organization","name":"Anillo Atlante","url":"https:\/\/www.anilloatlante.com\/en\/","logo":{"@type":"ImageObject","inLanguage":"en-US","@id":"https:\/\/www.anilloatlante.com\/en\/#\/schema\/logo\/image\/","url":"https:\/\/www.anilloatlante.com\/en\/wp-content\/uploads\/sites\/3\/logo-anillo-atlante-granate.svg","contentUrl":"https:\/\/www.anilloatlante.com\/en\/wp-content\/uploads\/sites\/3\/logo-anillo-atlante-granate.svg","caption":"Anillo Atlante"},"image":{"@id":"https:\/\/www.anilloatlante.com\/en\/#\/schema\/logo\/image\/"}}]}},"_links":{"self":[{"href":"https:\/\/www.anilloatlante.com\/en\/wp-json\/wp\/v2\/product\/978","targetHints":{"allow":["GET"]}}],"collection":[{"href":"https:\/\/www.anilloatlante.com\/en\/wp-json\/wp\/v2\/product"}],"about":[{"href":"https:\/\/www.anilloatlante.com\/en\/wp-json\/wp\/v2\/types\/product"}],"version-history":[{"count":2,"href":"https:\/\/www.anilloatlante.com\/en\/wp-json\/wp\/v2\/product\/978\/revisions"}],"predecessor-version":[{"id":2494,"href":"https:\/\/www.anilloatlante.com\/en\/wp-json\/wp\/v2\/product\/978\/revisions\/2494"}],"wp:featuredmedia":[{"embeddable":true,"href":"https:\/\/www.anilloatlante.com\/en\/wp-json\/wp\/v2\/media\/979"}],"wp:attachment":[{"href":"https:\/\/www.anilloatlante.com\/en\/wp-json\/wp\/v2\/media?parent=978"}],"wp:term":[{"taxonomy":"product_brand","embeddable":true,"href":"https:\/\/www.anilloatlante.com\/en\/wp-json\/wp\/v2\/product_brand?post=978"},{"taxonomy":"product_cat","embeddable":true,"href":"https:\/\/www.anilloatlante.com\/en\/wp-json\/wp\/v2\/product_cat?post=978"},{"taxonomy":"product_tag","embeddable":true,"href":"https:\/\/www.anilloatlante.com\/en\/wp-json\/wp\/v2\/product_tag?post=978"}],"curies":[{"name":"wp","href":"https:\/\/api.w.org\/{rel}","templated":true}]}}