{"id":980,"date":"2020-03-23T20:45:23","date_gmt":"2020-03-23T19:45:23","guid":{"rendered":"https:\/\/www.anilloatlante.com\/producto\/colgante-cuarzo-rosa-natural\/"},"modified":"2020-11-11T18:46:27","modified_gmt":"2020-11-11T17:46:27","slug":"colgante-cuarzo-rosa-natural","status":"publish","type":"product","link":"https:\/\/www.anilloatlante.com\/en\/colgantes-minerales\/colgante-cuarzo-rosa-natural\/","title":{"rendered":"Colgante cuarzo rosa natural"},"content":{"rendered":"<p>Esta preciosa piedra de cuarzo rosa natural simboliza lo m\u00e1s profundo del coraz\u00f3n el amor,<br \/>\nla piedra m\u00e1s amorosa de todas.<\/p>\n<p><strong>El Cuarzo Rosa conocido c\u00f3mo \u201cLa piedra del amor\u201d<\/strong> ya que tiene facultades para ayudar a atraer el amor y otras incre\u00edbles cosas.<\/p>\n<p><img decoding=\"async\" src=\"https:\/\/www.anilloatlante.com\/wp-content\/uploads\/sites\/3\/rosac.jpg\" alt=\"\" width=\"300\" height=\"161\" class=\"alignnone size-full wp-image-1312\" \/><\/p>\n<p>Al ser una piedra relacionada al coraz\u00f3n, aumenta los beneficios para este \u00f3rgano. Es ideal para mejorar la circulaci\u00f3n de la sangre y evita problemas cardiovasculares. Por sobre todas las cosas, el <strong>cuarzo rosa<\/strong> es usado para <strong>calmar la ansiedad<\/strong> y el <strong>estr\u00e9s de las personas<\/strong>. No debe ser utilizada como un tratamiento m\u00e9dico, sino que ayuda en el proceso de curaci\u00f3n. Es bueno tambi\u00e9n para <strong>reducir la presi\u00f3n arterial elevada<\/strong>.<\/p>\n<p>Se dice que es muy buena para animarse a adoptar una postura m\u00e1s contemplativa, m\u00e1s alegre en la vida y no tomarse todo tan en serio, es decir, no quedarse molestos de manera exagerada o por un largo periodo. Da coraje, sana las emociones traum\u00e1ticas y las heridas emocionales. Restaura la armon\u00eda en las <strong>relaciones de pareja<\/strong> o familiares, puede reducir la agresi\u00f3n, el resentimiento y el enojo y permitir pedir perd\u00f3n. Puede tambi\u00e9n ayudar a establecer conexiones emocionales, a expresar y experimentar el amor y la amistad y a sentirse confiado en si mismo.<\/p>\n","protected":false},"excerpt":{"rendered":"<p>Colgante Cuarzo Rosa bruto. Brasil<\/p>\n<p>LA PIEDRA DEL AMOR<\/p>\n<p><strong>Medidas:<\/strong> 3x2cm<br \/>\n<strong>Material:<\/strong> cuarzo rosa natural en su estado natural.con engarce en zamak<\/p>\n<p>Esta preciosa piedra de cuarzo rosa natural simboliza lo m\u00e1s profundo del coraz\u00f3n el amor, la piedra m\u00e1s amorosa de todas.<\/p>\n","protected":false},"featured_media":981,"template":"","meta":{"site-sidebar-layout":"default","site-content-layout":"default","ast-site-content-layout":"default","site-content-style":"default","site-sidebar-style":"default","ast-global-header-display":"","ast-banner-title-visibility":"","ast-main-header-display":"","ast-hfb-above-header-display":"","ast-hfb-below-header-display":"","ast-hfb-mobile-header-display":"","site-post-title":"","ast-breadcrumbs-content":"","ast-featured-img":"","footer-sml-layout":"","ast-disable-related-posts":"","theme-transparent-header-meta":"default","adv-header-id-meta":"","stick-header-meta":"default","header-above-stick-meta":"","header-main-stick-meta":"","header-below-stick-meta":"","astra-migrate-meta-layouts":"default","ast-page-background-enabled":"default","ast-page-background-meta":{"desktop":{"background-color":"","background-image":"","background-repeat":"repeat","background-position":"center center","background-size":"auto","background-attachment":"scroll","background-type":"","background-media":"","overlay-type":"","overlay-color":"","overlay-opacity":"","overlay-gradient":""},"tablet":{"background-color":"","background-image":"","background-repeat":"repeat","background-position":"center center","background-size":"auto","background-attachment":"scroll","background-type":"","background-media":"","overlay-type":"","overlay-color":"","overlay-opacity":"","overlay-gradient":""},"mobile":{"background-color":"","background-image":"","background-repeat":"repeat","background-position":"center center","background-size":"auto","background-attachment":"scroll","background-type":"","background-media":"","overlay-type":"","overlay-color":"","overlay-opacity":"","overlay-gradient":""}},"ast-content-background-meta":{"desktop":{"background-color":"var(--ast-global-color-5)","background-image":"","background-repeat":"repeat","background-position":"center center","background-size":"auto","background-attachment":"scroll","background-type":"","background-media":"","overlay-type":"","overlay-color":"","overlay-opacity":"","overlay-gradient":""},"tablet":{"background-color":"var(--ast-global-color-5)","background-image":"","background-repeat":"repeat","background-position":"center center","background-size":"auto","background-attachment":"scroll","background-type":"","background-media":"","overlay-type":"","overlay-color":"","overlay-opacity":"","overlay-gradient":""},"mobile":{"background-color":"var(--ast-global-color-5)","background-image":"","background-repeat":"repeat","background-position":"center center","background-size":"auto","background-attachment":"scroll","background-type":"","background-media":"","overlay-type":"","overlay-color":"","overlay-opacity":"","overlay-gradient":""}},"editor_notices":[],"_joinchat":[]},"product_brand":[],"product_cat":[42],"product_tag":[],"class_list":{"0":"post-980","1":"product","2":"type-product","3":"status-publish","4":"has-post-thumbnail","6":"product_cat-colgantes-minerales","7":"desktop-align-center","8":"tablet-align-center","9":"mobile-align-center","10":"ast-product-gallery-layout-horizontal","11":"ast-product-gallery-with-no-image","12":"ast-product-tabs-layout-horizontal","13":"ast-qv-on-image","15":"first","16":"instock","17":"taxable","18":"shipping-taxable","19":"purchasable","20":"product-type-simple"},"yoast_head":"<!-- This site is optimized with the Yoast SEO plugin v26.9 - https:\/\/yoast.com\/product\/yoast-seo-wordpress\/ -->\n<title>Colgante cuarzo rosa natural - Anillo Atlante<\/title>\n<meta name=\"robots\" content=\"index, follow, max-snippet:-1, max-image-preview:large, max-video-preview:-1\" \/>\n<link rel=\"canonical\" href=\"https:\/\/www.anilloatlante.com\/en\/colgantes-minerales\/colgante-cuarzo-rosa-natural\/\" \/>\n<meta property=\"og:locale\" content=\"en_US\" \/>\n<meta property=\"og:type\" content=\"article\" \/>\n<meta property=\"og:title\" content=\"Colgante cuarzo rosa natural - Anillo Atlante\" \/>\n<meta property=\"og:description\" content=\"Colgante Cuarzo Rosa bruto. Brasil  LA PIEDRA DEL AMOR  Medidas: 3x2cm Material: cuarzo rosa natural en su estado natural.con engarce en zamak  Esta preciosa piedra de cuarzo rosa natural simboliza lo m\u00e1s profundo del coraz\u00f3n el amor, la piedra m\u00e1s amorosa de todas.\" \/>\n<meta property=\"og:url\" content=\"https:\/\/www.anilloatlante.com\/en\/colgantes-minerales\/colgante-cuarzo-rosa-natural\/\" \/>\n<meta property=\"og:site_name\" content=\"Anillo Atlante\" \/>\n<meta property=\"article:modified_time\" content=\"2020-11-11T17:46:27+00:00\" \/>\n<meta property=\"og:image\" content=\"https:\/\/www.anilloatlante.com\/en\/wp-content\/uploads\/sites\/3\/colgante-cuarzo-rosa-natural.jpg\" \/>\n\t<meta property=\"og:image:width\" content=\"537\" \/>\n\t<meta property=\"og:image:height\" content=\"466\" \/>\n\t<meta property=\"og:image:type\" content=\"image\/png\" \/>\n<meta name=\"twitter:card\" content=\"summary_large_image\" \/>\n<meta name=\"twitter:label1\" content=\"Est. reading time\" \/>\n\t<meta name=\"twitter:data1\" content=\"1 minute\" \/>\n<script type=\"application\/ld+json\" class=\"yoast-schema-graph\">{\"@context\":\"https:\/\/schema.org\",\"@graph\":[{\"@type\":\"WebPage\",\"@id\":\"https:\/\/www.anilloatlante.com\/en\/colgantes-minerales\/colgante-cuarzo-rosa-natural\/\",\"url\":\"https:\/\/www.anilloatlante.com\/en\/colgantes-minerales\/colgante-cuarzo-rosa-natural\/\",\"name\":\"Colgante cuarzo rosa natural - Anillo Atlante\",\"isPartOf\":{\"@id\":\"https:\/\/www.anilloatlante.com\/en\/#website\"},\"primaryImageOfPage\":{\"@id\":\"https:\/\/www.anilloatlante.com\/en\/colgantes-minerales\/colgante-cuarzo-rosa-natural\/#primaryimage\"},\"image\":{\"@id\":\"https:\/\/www.anilloatlante.com\/en\/colgantes-minerales\/colgante-cuarzo-rosa-natural\/#primaryimage\"},\"thumbnailUrl\":\"https:\/\/www.anilloatlante.com\/en\/wp-content\/uploads\/sites\/3\/colgante-cuarzo-rosa-natural.jpg\",\"datePublished\":\"2020-03-23T19:45:23+00:00\",\"dateModified\":\"2020-11-11T17:46:27+00:00\",\"breadcrumb\":{\"@id\":\"https:\/\/www.anilloatlante.com\/en\/colgantes-minerales\/colgante-cuarzo-rosa-natural\/#breadcrumb\"},\"inLanguage\":\"en-US\",\"potentialAction\":[{\"@type\":\"ReadAction\",\"target\":[\"https:\/\/www.anilloatlante.com\/en\/colgantes-minerales\/colgante-cuarzo-rosa-natural\/\"]}]},{\"@type\":\"ImageObject\",\"inLanguage\":\"en-US\",\"@id\":\"https:\/\/www.anilloatlante.com\/en\/colgantes-minerales\/colgante-cuarzo-rosa-natural\/#primaryimage\",\"url\":\"https:\/\/www.anilloatlante.com\/en\/wp-content\/uploads\/sites\/3\/colgante-cuarzo-rosa-natural.jpg\",\"contentUrl\":\"https:\/\/www.anilloatlante.com\/en\/wp-content\/uploads\/sites\/3\/colgante-cuarzo-rosa-natural.jpg\",\"width\":537,\"height\":466},{\"@type\":\"BreadcrumbList\",\"@id\":\"https:\/\/www.anilloatlante.com\/en\/colgantes-minerales\/colgante-cuarzo-rosa-natural\/#breadcrumb\",\"itemListElement\":[{\"@type\":\"ListItem\",\"position\":1,\"name\":\"Portada\",\"item\":\"https:\/\/www.anilloatlante.com\/en\/\"},{\"@type\":\"ListItem\",\"position\":2,\"name\":\"Shop\",\"item\":\"https:\/\/www.anilloatlante.com\/en\/shop\/\"},{\"@type\":\"ListItem\",\"position\":3,\"name\":\"Colgante cuarzo rosa natural\"}]},{\"@type\":\"WebSite\",\"@id\":\"https:\/\/www.anilloatlante.com\/en\/#website\",\"url\":\"https:\/\/www.anilloatlante.com\/en\/\",\"name\":\"Anillo Atlante\",\"description\":\"\",\"publisher\":{\"@id\":\"https:\/\/www.anilloatlante.com\/en\/#organization\"},\"potentialAction\":[{\"@type\":\"SearchAction\",\"target\":{\"@type\":\"EntryPoint\",\"urlTemplate\":\"https:\/\/www.anilloatlante.com\/en\/?s={search_term_string}\"},\"query-input\":{\"@type\":\"PropertyValueSpecification\",\"valueRequired\":true,\"valueName\":\"search_term_string\"}}],\"inLanguage\":\"en-US\"},{\"@type\":\"Organization\",\"@id\":\"https:\/\/www.anilloatlante.com\/en\/#organization\",\"name\":\"Anillo Atlante\",\"url\":\"https:\/\/www.anilloatlante.com\/en\/\",\"logo\":{\"@type\":\"ImageObject\",\"inLanguage\":\"en-US\",\"@id\":\"https:\/\/www.anilloatlante.com\/en\/#\/schema\/logo\/image\/\",\"url\":\"https:\/\/www.anilloatlante.com\/en\/wp-content\/uploads\/sites\/3\/logo-anillo-atlante-granate.svg\",\"contentUrl\":\"https:\/\/www.anilloatlante.com\/en\/wp-content\/uploads\/sites\/3\/logo-anillo-atlante-granate.svg\",\"caption\":\"Anillo Atlante\"},\"image\":{\"@id\":\"https:\/\/www.anilloatlante.com\/en\/#\/schema\/logo\/image\/\"}}]}<\/script>\n<!-- \/ Yoast SEO plugin. -->","yoast_head_json":{"title":"Colgante cuarzo rosa natural - Anillo Atlante","robots":{"index":"index","follow":"follow","max-snippet":"max-snippet:-1","max-image-preview":"max-image-preview:large","max-video-preview":"max-video-preview:-1"},"canonical":"https:\/\/www.anilloatlante.com\/en\/colgantes-minerales\/colgante-cuarzo-rosa-natural\/","og_locale":"en_US","og_type":"article","og_title":"Colgante cuarzo rosa natural - Anillo Atlante","og_description":"Colgante Cuarzo Rosa bruto. Brasil  LA PIEDRA DEL AMOR  Medidas: 3x2cm Material: cuarzo rosa natural en su estado natural.con engarce en zamak  Esta preciosa piedra de cuarzo rosa natural simboliza lo m\u00e1s profundo del coraz\u00f3n el amor, la piedra m\u00e1s amorosa de todas.","og_url":"https:\/\/www.anilloatlante.com\/en\/colgantes-minerales\/colgante-cuarzo-rosa-natural\/","og_site_name":"Anillo Atlante","article_modified_time":"2020-11-11T17:46:27+00:00","og_image":[{"width":537,"height":466,"url":"https:\/\/www.anilloatlante.com\/en\/wp-content\/uploads\/sites\/3\/colgante-cuarzo-rosa-natural.jpg","type":"image\/png"}],"twitter_card":"summary_large_image","twitter_misc":{"Est. reading time":"1 minute"},"schema":{"@context":"https:\/\/schema.org","@graph":[{"@type":"WebPage","@id":"https:\/\/www.anilloatlante.com\/en\/colgantes-minerales\/colgante-cuarzo-rosa-natural\/","url":"https:\/\/www.anilloatlante.com\/en\/colgantes-minerales\/colgante-cuarzo-rosa-natural\/","name":"Colgante cuarzo rosa natural - Anillo Atlante","isPartOf":{"@id":"https:\/\/www.anilloatlante.com\/en\/#website"},"primaryImageOfPage":{"@id":"https:\/\/www.anilloatlante.com\/en\/colgantes-minerales\/colgante-cuarzo-rosa-natural\/#primaryimage"},"image":{"@id":"https:\/\/www.anilloatlante.com\/en\/colgantes-minerales\/colgante-cuarzo-rosa-natural\/#primaryimage"},"thumbnailUrl":"https:\/\/www.anilloatlante.com\/en\/wp-content\/uploads\/sites\/3\/colgante-cuarzo-rosa-natural.jpg","datePublished":"2020-03-23T19:45:23+00:00","dateModified":"2020-11-11T17:46:27+00:00","breadcrumb":{"@id":"https:\/\/www.anilloatlante.com\/en\/colgantes-minerales\/colgante-cuarzo-rosa-natural\/#breadcrumb"},"inLanguage":"en-US","potentialAction":[{"@type":"ReadAction","target":["https:\/\/www.anilloatlante.com\/en\/colgantes-minerales\/colgante-cuarzo-rosa-natural\/"]}]},{"@type":"ImageObject","inLanguage":"en-US","@id":"https:\/\/www.anilloatlante.com\/en\/colgantes-minerales\/colgante-cuarzo-rosa-natural\/#primaryimage","url":"https:\/\/www.anilloatlante.com\/en\/wp-content\/uploads\/sites\/3\/colgante-cuarzo-rosa-natural.jpg","contentUrl":"https:\/\/www.anilloatlante.com\/en\/wp-content\/uploads\/sites\/3\/colgante-cuarzo-rosa-natural.jpg","width":537,"height":466},{"@type":"BreadcrumbList","@id":"https:\/\/www.anilloatlante.com\/en\/colgantes-minerales\/colgante-cuarzo-rosa-natural\/#breadcrumb","itemListElement":[{"@type":"ListItem","position":1,"name":"Portada","item":"https:\/\/www.anilloatlante.com\/en\/"},{"@type":"ListItem","position":2,"name":"Shop","item":"https:\/\/www.anilloatlante.com\/en\/shop\/"},{"@type":"ListItem","position":3,"name":"Colgante cuarzo rosa natural"}]},{"@type":"WebSite","@id":"https:\/\/www.anilloatlante.com\/en\/#website","url":"https:\/\/www.anilloatlante.com\/en\/","name":"Anillo Atlante","description":"","publisher":{"@id":"https:\/\/www.anilloatlante.com\/en\/#organization"},"potentialAction":[{"@type":"SearchAction","target":{"@type":"EntryPoint","urlTemplate":"https:\/\/www.anilloatlante.com\/en\/?s={search_term_string}"},"query-input":{"@type":"PropertyValueSpecification","valueRequired":true,"valueName":"search_term_string"}}],"inLanguage":"en-US"},{"@type":"Organization","@id":"https:\/\/www.anilloatlante.com\/en\/#organization","name":"Anillo Atlante","url":"https:\/\/www.anilloatlante.com\/en\/","logo":{"@type":"ImageObject","inLanguage":"en-US","@id":"https:\/\/www.anilloatlante.com\/en\/#\/schema\/logo\/image\/","url":"https:\/\/www.anilloatlante.com\/en\/wp-content\/uploads\/sites\/3\/logo-anillo-atlante-granate.svg","contentUrl":"https:\/\/www.anilloatlante.com\/en\/wp-content\/uploads\/sites\/3\/logo-anillo-atlante-granate.svg","caption":"Anillo Atlante"},"image":{"@id":"https:\/\/www.anilloatlante.com\/en\/#\/schema\/logo\/image\/"}}]}},"_links":{"self":[{"href":"https:\/\/www.anilloatlante.com\/en\/wp-json\/wp\/v2\/product\/980","targetHints":{"allow":["GET"]}}],"collection":[{"href":"https:\/\/www.anilloatlante.com\/en\/wp-json\/wp\/v2\/product"}],"about":[{"href":"https:\/\/www.anilloatlante.com\/en\/wp-json\/wp\/v2\/types\/product"}],"version-history":[{"count":2,"href":"https:\/\/www.anilloatlante.com\/en\/wp-json\/wp\/v2\/product\/980\/revisions"}],"predecessor-version":[{"id":2493,"href":"https:\/\/www.anilloatlante.com\/en\/wp-json\/wp\/v2\/product\/980\/revisions\/2493"}],"wp:featuredmedia":[{"embeddable":true,"href":"https:\/\/www.anilloatlante.com\/en\/wp-json\/wp\/v2\/media\/981"}],"wp:attachment":[{"href":"https:\/\/www.anilloatlante.com\/en\/wp-json\/wp\/v2\/media?parent=980"}],"wp:term":[{"taxonomy":"product_brand","embeddable":true,"href":"https:\/\/www.anilloatlante.com\/en\/wp-json\/wp\/v2\/product_brand?post=980"},{"taxonomy":"product_cat","embeddable":true,"href":"https:\/\/www.anilloatlante.com\/en\/wp-json\/wp\/v2\/product_cat?post=980"},{"taxonomy":"product_tag","embeddable":true,"href":"https:\/\/www.anilloatlante.com\/en\/wp-json\/wp\/v2\/product_tag?post=980"}],"curies":[{"name":"wp","href":"https:\/\/api.w.org\/{rel}","templated":true}]}}