{"id":993,"date":"2020-03-23T20:45:23","date_gmt":"2020-03-23T19:45:23","guid":{"rendered":"https:\/\/www.anilloatlante.com\/producto\/colgante-mica-rosa\/"},"modified":"2022-11-28T17:53:53","modified_gmt":"2022-11-28T16:53:53","slug":"colgante-mica-rosa","status":"publish","type":"product","link":"https:\/\/www.anilloatlante.com\/en\/colgantes-minerales\/colgante-mica-rosa\/","title":{"rendered":"Colgante Mica rosa"},"content":{"rendered":"<p>Colgante MICA -lepidota Rosa<\/p>\n<p>La lepidolitaes mineral que pertenece al grupo de las micas . Pertenece al sistema monocl\u00ednico y est\u00e1 clasificado dentro del grupo de los silicatos, con f\u00f3rmula compleja.<br \/>\nLa encontramos en aplitas asociadas a pegmatitas gran\u00edticas e, industrialmente, es la mena m\u00e1s importante de litio, cesio y rubidio.<\/p>\n<p><strong>Sus propiedades:<\/strong><br \/>\nLa lepidolita limpia la contaminaci\u00f3n electromagn\u00e9tica se puede utilizar como colgante para controlar las ondas electromagn\u00e9ticas del movil, wifi, ordenadores ..si es una piedra se puede ponerse al lado del wifi y de los ordenadores para acometer tal fin.<\/p>\n<p><img decoding=\"async\" class=\"alignnone size-full wp-image-1310\" src=\"https:\/\/www.anilloatlante.com\/wp-content\/uploads\/sites\/3\/lepidolita-mica-rosa.jpg\" alt=\"\" width=\"200\" height=\"188\" \/><\/p>\n<p>Disipa la negatividad, activa y abre los chacras de la garganta, coraz\u00f3n y tercer ojo limpiando los bloqueos. Detiene tambi\u00e9n los pensamientos obsesivos, alivia el desaliento y ayuda a liberarse de las adicciones y dolencias de todo tipo. Fomenta la independencia y permite lograr los objetivos marcados sin ayuda externa.<\/p>\n<p>Mentalmente, la lepidolita estimula el intelecto y las cualidades anal\u00edticas acelerando el proceso de toma de decisiones y filtrando las distracciones superfluas.<\/p>\n<p>Emocionalmente potencia la defensa del propio espacio, liber\u00e1ndolo de las influencias externas.<\/p>\n<p>Col\u00f3cala donde resulte apropiado o debajo de la almohada para ayudar en el sue\u00f1o.<\/p>\n","protected":false},"excerpt":{"rendered":"<p>Colgante Mica-lepilota Rosa<br \/>\nPiedra del Amor.<\/p>\n<p><strong>Medidas:<\/strong> 4x2cm<br \/>\n<strong>Material:<\/strong> mica-fucsita,el colgante es zamak<\/p>\n","protected":false},"featured_media":994,"template":"","meta":{"site-sidebar-layout":"default","site-content-layout":"default","ast-site-content-layout":"default","site-content-style":"default","site-sidebar-style":"default","ast-global-header-display":"","ast-banner-title-visibility":"","ast-main-header-display":"","ast-hfb-above-header-display":"","ast-hfb-below-header-display":"","ast-hfb-mobile-header-display":"","site-post-title":"","ast-breadcrumbs-content":"","ast-featured-img":"","footer-sml-layout":"","ast-disable-related-posts":"","theme-transparent-header-meta":"default","adv-header-id-meta":"","stick-header-meta":"default","header-above-stick-meta":"","header-main-stick-meta":"","header-below-stick-meta":"","astra-migrate-meta-layouts":"default","ast-page-background-enabled":"default","ast-page-background-meta":{"desktop":{"background-color":"","background-image":"","background-repeat":"repeat","background-position":"center center","background-size":"auto","background-attachment":"scroll","background-type":"","background-media":"","overlay-type":"","overlay-color":"","overlay-opacity":"","overlay-gradient":""},"tablet":{"background-color":"","background-image":"","background-repeat":"repeat","background-position":"center center","background-size":"auto","background-attachment":"scroll","background-type":"","background-media":"","overlay-type":"","overlay-color":"","overlay-opacity":"","overlay-gradient":""},"mobile":{"background-color":"","background-image":"","background-repeat":"repeat","background-position":"center center","background-size":"auto","background-attachment":"scroll","background-type":"","background-media":"","overlay-type":"","overlay-color":"","overlay-opacity":"","overlay-gradient":""}},"ast-content-background-meta":{"desktop":{"background-color":"var(--ast-global-color-5)","background-image":"","background-repeat":"repeat","background-position":"center center","background-size":"auto","background-attachment":"scroll","background-type":"","background-media":"","overlay-type":"","overlay-color":"","overlay-opacity":"","overlay-gradient":""},"tablet":{"background-color":"var(--ast-global-color-5)","background-image":"","background-repeat":"repeat","background-position":"center center","background-size":"auto","background-attachment":"scroll","background-type":"","background-media":"","overlay-type":"","overlay-color":"","overlay-opacity":"","overlay-gradient":""},"mobile":{"background-color":"var(--ast-global-color-5)","background-image":"","background-repeat":"repeat","background-position":"center center","background-size":"auto","background-attachment":"scroll","background-type":"","background-media":"","overlay-type":"","overlay-color":"","overlay-opacity":"","overlay-gradient":""}},"editor_notices":[],"_joinchat":[]},"product_brand":[],"product_cat":[42],"product_tag":[],"class_list":{"0":"post-993","1":"product","2":"type-product","3":"status-publish","4":"has-post-thumbnail","6":"product_cat-colgantes-minerales","7":"desktop-align-center","8":"tablet-align-center","9":"mobile-align-center","10":"ast-product-gallery-layout-horizontal","11":"ast-product-gallery-with-no-image","12":"ast-product-tabs-layout-horizontal","13":"ast-qv-on-image","15":"first","16":"instock","17":"taxable","18":"shipping-taxable","19":"purchasable","20":"product-type-simple"},"yoast_head":"<!-- This site is optimized with the Yoast SEO plugin v26.9 - https:\/\/yoast.com\/product\/yoast-seo-wordpress\/ -->\n<title>Colgante Mica rosa - Anillo Atlante<\/title>\n<meta name=\"robots\" content=\"index, follow, max-snippet:-1, max-image-preview:large, max-video-preview:-1\" \/>\n<link rel=\"canonical\" href=\"https:\/\/www.anilloatlante.com\/en\/colgantes-minerales\/colgante-mica-rosa\/\" \/>\n<meta property=\"og:locale\" content=\"en_US\" \/>\n<meta property=\"og:type\" content=\"article\" \/>\n<meta property=\"og:title\" content=\"Colgante Mica rosa - Anillo Atlante\" \/>\n<meta property=\"og:description\" content=\"Colgante Mica-lepilota Rosa Piedra del Amor.  Medidas: 4x2cm Material: mica-fucsita,el colgante es zamak\" \/>\n<meta property=\"og:url\" content=\"https:\/\/www.anilloatlante.com\/en\/colgantes-minerales\/colgante-mica-rosa\/\" \/>\n<meta property=\"og:site_name\" content=\"Anillo Atlante\" \/>\n<meta property=\"article:modified_time\" content=\"2022-11-28T16:53:53+00:00\" \/>\n<meta property=\"og:image\" content=\"https:\/\/www.anilloatlante.com\/en\/wp-content\/uploads\/sites\/3\/colgante-mica-rosa.jpg\" \/>\n\t<meta property=\"og:image:width\" content=\"554\" \/>\n\t<meta property=\"og:image:height\" content=\"451\" \/>\n\t<meta property=\"og:image:type\" content=\"image\/png\" \/>\n<meta name=\"twitter:card\" content=\"summary_large_image\" \/>\n<meta name=\"twitter:label1\" content=\"Est. reading time\" \/>\n\t<meta name=\"twitter:data1\" content=\"1 minute\" \/>\n<script type=\"application\/ld+json\" class=\"yoast-schema-graph\">{\"@context\":\"https:\/\/schema.org\",\"@graph\":[{\"@type\":\"WebPage\",\"@id\":\"https:\/\/www.anilloatlante.com\/en\/colgantes-minerales\/colgante-mica-rosa\/\",\"url\":\"https:\/\/www.anilloatlante.com\/en\/colgantes-minerales\/colgante-mica-rosa\/\",\"name\":\"Colgante Mica rosa - Anillo Atlante\",\"isPartOf\":{\"@id\":\"https:\/\/www.anilloatlante.com\/en\/#website\"},\"primaryImageOfPage\":{\"@id\":\"https:\/\/www.anilloatlante.com\/en\/colgantes-minerales\/colgante-mica-rosa\/#primaryimage\"},\"image\":{\"@id\":\"https:\/\/www.anilloatlante.com\/en\/colgantes-minerales\/colgante-mica-rosa\/#primaryimage\"},\"thumbnailUrl\":\"https:\/\/www.anilloatlante.com\/en\/wp-content\/uploads\/sites\/3\/colgante-mica-rosa.jpg\",\"datePublished\":\"2020-03-23T19:45:23+00:00\",\"dateModified\":\"2022-11-28T16:53:53+00:00\",\"breadcrumb\":{\"@id\":\"https:\/\/www.anilloatlante.com\/en\/colgantes-minerales\/colgante-mica-rosa\/#breadcrumb\"},\"inLanguage\":\"en-US\",\"potentialAction\":[{\"@type\":\"ReadAction\",\"target\":[\"https:\/\/www.anilloatlante.com\/en\/colgantes-minerales\/colgante-mica-rosa\/\"]}]},{\"@type\":\"ImageObject\",\"inLanguage\":\"en-US\",\"@id\":\"https:\/\/www.anilloatlante.com\/en\/colgantes-minerales\/colgante-mica-rosa\/#primaryimage\",\"url\":\"https:\/\/www.anilloatlante.com\/en\/wp-content\/uploads\/sites\/3\/colgante-mica-rosa.jpg\",\"contentUrl\":\"https:\/\/www.anilloatlante.com\/en\/wp-content\/uploads\/sites\/3\/colgante-mica-rosa.jpg\",\"width\":554,\"height\":451},{\"@type\":\"BreadcrumbList\",\"@id\":\"https:\/\/www.anilloatlante.com\/en\/colgantes-minerales\/colgante-mica-rosa\/#breadcrumb\",\"itemListElement\":[{\"@type\":\"ListItem\",\"position\":1,\"name\":\"Portada\",\"item\":\"https:\/\/www.anilloatlante.com\/en\/\"},{\"@type\":\"ListItem\",\"position\":2,\"name\":\"Shop\",\"item\":\"https:\/\/www.anilloatlante.com\/en\/shop\/\"},{\"@type\":\"ListItem\",\"position\":3,\"name\":\"Colgante Mica rosa\"}]},{\"@type\":\"WebSite\",\"@id\":\"https:\/\/www.anilloatlante.com\/en\/#website\",\"url\":\"https:\/\/www.anilloatlante.com\/en\/\",\"name\":\"Anillo Atlante\",\"description\":\"\",\"publisher\":{\"@id\":\"https:\/\/www.anilloatlante.com\/en\/#organization\"},\"potentialAction\":[{\"@type\":\"SearchAction\",\"target\":{\"@type\":\"EntryPoint\",\"urlTemplate\":\"https:\/\/www.anilloatlante.com\/en\/?s={search_term_string}\"},\"query-input\":{\"@type\":\"PropertyValueSpecification\",\"valueRequired\":true,\"valueName\":\"search_term_string\"}}],\"inLanguage\":\"en-US\"},{\"@type\":\"Organization\",\"@id\":\"https:\/\/www.anilloatlante.com\/en\/#organization\",\"name\":\"Anillo Atlante\",\"url\":\"https:\/\/www.anilloatlante.com\/en\/\",\"logo\":{\"@type\":\"ImageObject\",\"inLanguage\":\"en-US\",\"@id\":\"https:\/\/www.anilloatlante.com\/en\/#\/schema\/logo\/image\/\",\"url\":\"https:\/\/www.anilloatlante.com\/en\/wp-content\/uploads\/sites\/3\/logo-anillo-atlante-granate.svg\",\"contentUrl\":\"https:\/\/www.anilloatlante.com\/en\/wp-content\/uploads\/sites\/3\/logo-anillo-atlante-granate.svg\",\"caption\":\"Anillo Atlante\"},\"image\":{\"@id\":\"https:\/\/www.anilloatlante.com\/en\/#\/schema\/logo\/image\/\"}}]}<\/script>\n<!-- \/ Yoast SEO plugin. -->","yoast_head_json":{"title":"Colgante Mica rosa - Anillo Atlante","robots":{"index":"index","follow":"follow","max-snippet":"max-snippet:-1","max-image-preview":"max-image-preview:large","max-video-preview":"max-video-preview:-1"},"canonical":"https:\/\/www.anilloatlante.com\/en\/colgantes-minerales\/colgante-mica-rosa\/","og_locale":"en_US","og_type":"article","og_title":"Colgante Mica rosa - Anillo Atlante","og_description":"Colgante Mica-lepilota Rosa Piedra del Amor.  Medidas: 4x2cm Material: mica-fucsita,el colgante es zamak","og_url":"https:\/\/www.anilloatlante.com\/en\/colgantes-minerales\/colgante-mica-rosa\/","og_site_name":"Anillo Atlante","article_modified_time":"2022-11-28T16:53:53+00:00","og_image":[{"width":554,"height":451,"url":"https:\/\/www.anilloatlante.com\/en\/wp-content\/uploads\/sites\/3\/colgante-mica-rosa.jpg","type":"image\/png"}],"twitter_card":"summary_large_image","twitter_misc":{"Est. reading time":"1 minute"},"schema":{"@context":"https:\/\/schema.org","@graph":[{"@type":"WebPage","@id":"https:\/\/www.anilloatlante.com\/en\/colgantes-minerales\/colgante-mica-rosa\/","url":"https:\/\/www.anilloatlante.com\/en\/colgantes-minerales\/colgante-mica-rosa\/","name":"Colgante Mica rosa - Anillo Atlante","isPartOf":{"@id":"https:\/\/www.anilloatlante.com\/en\/#website"},"primaryImageOfPage":{"@id":"https:\/\/www.anilloatlante.com\/en\/colgantes-minerales\/colgante-mica-rosa\/#primaryimage"},"image":{"@id":"https:\/\/www.anilloatlante.com\/en\/colgantes-minerales\/colgante-mica-rosa\/#primaryimage"},"thumbnailUrl":"https:\/\/www.anilloatlante.com\/en\/wp-content\/uploads\/sites\/3\/colgante-mica-rosa.jpg","datePublished":"2020-03-23T19:45:23+00:00","dateModified":"2022-11-28T16:53:53+00:00","breadcrumb":{"@id":"https:\/\/www.anilloatlante.com\/en\/colgantes-minerales\/colgante-mica-rosa\/#breadcrumb"},"inLanguage":"en-US","potentialAction":[{"@type":"ReadAction","target":["https:\/\/www.anilloatlante.com\/en\/colgantes-minerales\/colgante-mica-rosa\/"]}]},{"@type":"ImageObject","inLanguage":"en-US","@id":"https:\/\/www.anilloatlante.com\/en\/colgantes-minerales\/colgante-mica-rosa\/#primaryimage","url":"https:\/\/www.anilloatlante.com\/en\/wp-content\/uploads\/sites\/3\/colgante-mica-rosa.jpg","contentUrl":"https:\/\/www.anilloatlante.com\/en\/wp-content\/uploads\/sites\/3\/colgante-mica-rosa.jpg","width":554,"height":451},{"@type":"BreadcrumbList","@id":"https:\/\/www.anilloatlante.com\/en\/colgantes-minerales\/colgante-mica-rosa\/#breadcrumb","itemListElement":[{"@type":"ListItem","position":1,"name":"Portada","item":"https:\/\/www.anilloatlante.com\/en\/"},{"@type":"ListItem","position":2,"name":"Shop","item":"https:\/\/www.anilloatlante.com\/en\/shop\/"},{"@type":"ListItem","position":3,"name":"Colgante Mica rosa"}]},{"@type":"WebSite","@id":"https:\/\/www.anilloatlante.com\/en\/#website","url":"https:\/\/www.anilloatlante.com\/en\/","name":"Anillo Atlante","description":"","publisher":{"@id":"https:\/\/www.anilloatlante.com\/en\/#organization"},"potentialAction":[{"@type":"SearchAction","target":{"@type":"EntryPoint","urlTemplate":"https:\/\/www.anilloatlante.com\/en\/?s={search_term_string}"},"query-input":{"@type":"PropertyValueSpecification","valueRequired":true,"valueName":"search_term_string"}}],"inLanguage":"en-US"},{"@type":"Organization","@id":"https:\/\/www.anilloatlante.com\/en\/#organization","name":"Anillo Atlante","url":"https:\/\/www.anilloatlante.com\/en\/","logo":{"@type":"ImageObject","inLanguage":"en-US","@id":"https:\/\/www.anilloatlante.com\/en\/#\/schema\/logo\/image\/","url":"https:\/\/www.anilloatlante.com\/en\/wp-content\/uploads\/sites\/3\/logo-anillo-atlante-granate.svg","contentUrl":"https:\/\/www.anilloatlante.com\/en\/wp-content\/uploads\/sites\/3\/logo-anillo-atlante-granate.svg","caption":"Anillo Atlante"},"image":{"@id":"https:\/\/www.anilloatlante.com\/en\/#\/schema\/logo\/image\/"}}]}},"_links":{"self":[{"href":"https:\/\/www.anilloatlante.com\/en\/wp-json\/wp\/v2\/product\/993","targetHints":{"allow":["GET"]}}],"collection":[{"href":"https:\/\/www.anilloatlante.com\/en\/wp-json\/wp\/v2\/product"}],"about":[{"href":"https:\/\/www.anilloatlante.com\/en\/wp-json\/wp\/v2\/types\/product"}],"version-history":[{"count":3,"href":"https:\/\/www.anilloatlante.com\/en\/wp-json\/wp\/v2\/product\/993\/revisions"}],"predecessor-version":[{"id":5370,"href":"https:\/\/www.anilloatlante.com\/en\/wp-json\/wp\/v2\/product\/993\/revisions\/5370"}],"wp:featuredmedia":[{"embeddable":true,"href":"https:\/\/www.anilloatlante.com\/en\/wp-json\/wp\/v2\/media\/994"}],"wp:attachment":[{"href":"https:\/\/www.anilloatlante.com\/en\/wp-json\/wp\/v2\/media?parent=993"}],"wp:term":[{"taxonomy":"product_brand","embeddable":true,"href":"https:\/\/www.anilloatlante.com\/en\/wp-json\/wp\/v2\/product_brand?post=993"},{"taxonomy":"product_cat","embeddable":true,"href":"https:\/\/www.anilloatlante.com\/en\/wp-json\/wp\/v2\/product_cat?post=993"},{"taxonomy":"product_tag","embeddable":true,"href":"https:\/\/www.anilloatlante.com\/en\/wp-json\/wp\/v2\/product_tag?post=993"}],"curies":[{"name":"wp","href":"https:\/\/api.w.org\/{rel}","templated":true}]}}